{"id":9095,"date":"2023-03-18T22:07:20","date_gmt":"2023-03-18T20:07:20","guid":{"rendered":"https:\/\/ecodom.md\/?post_type=product&#038;p=9095"},"modified":"2025-01-06T14:54:55","modified_gmt":"2025-01-06T12:54:55","slug":"wi-fi-ip-camera-de-supraveghere-3-mpx-ptz-ip-ai","status":"publish","type":"product","link":"https:\/\/ecodom.md\/ro\/cat\/wi-fi-ip-camera-de-supraveghere-3-mpx-ptz-ip-ai\/","title":{"rendered":"Wi-Fi IP Camera de supraveghere 3 Mpx PTZ, IP, Ai"},"content":{"rendered":"<p>Matricea de 3 MP v\u0103 permite s\u0103 \u00eenregistra\u021bi videoclipuri la rezolu\u021bie Full HD 1080p. Zoom-ul din 4 cifre v\u0103 permite s\u0103 m\u0103ri\u021bi imagini \u0219i \u00eenregistr\u0103ri pentru detalii maxime.<\/p>\n<p>Caracteristica principal\u0103 a acestei camere Wi-Fi este detectarea inteligent\u0103 a mi\u0219c\u0103rii. Camera recunoa\u0219te o persoan\u0103 prin detectarea unei siluete umane \u0219i \u00eencepe automat s\u0103-i urm\u0103reasc\u0103 mi\u0219carea. \u00cen acela\u0219i timp, \u00eencepe \u00eenregistrarea video (pe un card de memorie sau pe cloud), iar utilizatorul prime\u0219te o notificare pe smartphone-ul s\u0103u. Dispozitivul nu reac\u021bioneaz\u0103 la animale, p\u0103s\u0103ri, insecte, prin urmare este potrivit optim pentru supraveghere video.<\/p>\n<p>Exist\u0103 un difuzor \u0219i un microfon, audio bidirec\u021bional este acceptat. Noaptea, camera poate func\u021biona \u00een diferite moduri: fie cu viziune nocturn\u0103 \u00een infraro\u0219u (raz\u0103 20 m, 4 LED-uri IR), fie cu iluminare mixt\u0103 (at\u00e2t 4 LED-uri IR, c\u00e2t \u0219i 4 LED-uri pentru lumin\u0103 de noapte sunt activate).<\/p>\n<p>Matricea de 3 MP v\u0103 permite s\u0103 \u00eenregistra\u021bi videoclipuri la rezolu\u021bie Full HD 1080p. Zoom-ul din 4 cifre v\u0103 permite s\u0103 m\u0103ri\u021bi imagini \u0219i \u00eenregistr\u0103ri pentru detalii maxime. Sunt acceptate at\u00e2t conexiunile Wi-Fi, c\u00e2t \u0219i prin cablu IP\/LAN. \u00cenregistr\u0103rile pot fi stocate pe un card de memorie de p\u00e2n\u0103 la 126 GB sau \u00een cloud, dup\u0103 desc\u0103rcarea software-ului proprietar. Cu el, po\u021bi vizualiza \u0219i imaginea de pe camer\u0103 \u00een timp real, fiind la orice distan\u021b\u0103 de aceasta.<\/p>\n<p>Carcasa este impermeabil\u0103 (IP 66) cu mecanism pivotant. Camera poate fi rotita la 270 de grade pe orizontala si 100 de grade pe verticala.<\/p>\n<p>&nbsp;<\/p>\n<p><strong>Caracteristici:<\/strong><\/p>\n<ul>\n<li>Rezolu\u021bie video: 2592&#215;1920<\/li>\n<li>Transmiterea de date f\u0103r\u0103 fir prin Wi-Fi,<\/li>\n<li>Conexiune Ethernet prin cablu (RJ45)<\/li>\n<li>Carcasa etansa IP 66<\/li>\n<li>Suport\u0103 carduri de memorie de p\u00e2n\u0103 la 128 GB<\/li>\n<li>Unghi de vizualizare &#8211; 85 de grade<\/li>\n<li>Mecanism PTZ:<br \/>\n\u261b rota\u021bie orizontal\u0103 &#8211; 270 de grade<br \/>\n\u261b rota\u021bie vertical\u0103 &#8211; 100 de grade<\/li>\n<li>\u00cenregistrare \u00een cloud<\/li>\n<li>Vedere de noapte de 20 m cu 4 LED-uri IR \u0219i 4 pentru lumin\u0103 de zi<\/li>\n<li>Senzor de miscare: da<\/li>\n<li>Recunoa\u0219terea uman\u0103 inteligent\u0103<\/li>\n<li>Func\u021bie automat\u0103 de urm\u0103rire a mi\u0219c\u0103rii<\/li>\n<li>C\u00e2nd este detectat\u0103 mi\u0219care:<br \/>\n\u261b \u00cenregistrare video automat\u0103<br \/>\n\u261b Notificare PUSH c\u0103tre smartphone \u0219i e-mail<\/li>\n<li>Aplica\u021bie mobil\u0103 pentru Android \u0219i iOS &#8211; Tuya sau Smart Life<\/li>\n<li>Caracteristici: \u00cenregistrare sunet<\/li>\n<li>Iluminare \u00een infraro\u0219u: p\u00e2n\u0103 la 20 m<\/li>\n<li>Stil: Speed \u200b\u200bDome<\/li>\n<li>Rezolu\u021bia camerei: 3 MP<\/li>\n<li>Rezolu\u021bie video: 2560\u00d71920<\/li>\n<li>Dimensiunea matricei: 1\/2.9\u2033<\/li>\n<li>Zoom optic: 4x (digital)<\/li>\n<li>culoare alba<\/li>\n<li>Lungime focal\u0103: 3,6 mm<\/li>\n<li>Material corp: plastic<\/li>\n<li>Slot card de memorie: MicroSD<\/li>\n<li>Interval de temperatur\u0103 de func\u021bionare: -20 C ~ +50 C \u00b0C<\/li>\n<\/ul>\n<p><strong>Setul include:<\/strong><\/p>\n<p>1* camera wifi<\/p>\n<p>1* elemente de fixare &#8211; suport<\/p>\n<p>1* Brosura<\/p>\n","protected":false},"excerpt":{"rendered":"<p>Camer\u0103 IP Wi-Fi de exterior pentru supraveghere video cu func\u021bie de recunoa\u0219tere a persoanei \u0219i alarm\u0103.<\/p>\n","protected":false},"featured_media":10216,"comment_status":"open","ping_status":"closed","template":"","meta":[],"product_brand":[],"product_cat":[179,513,511,520],"product_tag":[593,637,895,897,560,911,903,908,906,907,280,565,676,641,701,592,566,909,659,898,902,905,632,894,900,901,912,910,604,913,621,572,573,915,612,611,576,914,896,899,904],"class_list":{"0":"post-9095","1":"product","2":"type-product","3":"status-publish","4":"has-post-thumbnail","6":"product_cat-casa-inteligenta","7":"product_cat-monitorizare-video","8":"product_cat-securitate","9":"product_cat-securitate-si-alarma","10":"product_tag-balti","11":"product_tag-camera","12":"product_tag-camera-mica","13":"product_tag-camera-micuta","14":"product_tag-camera-wi-fi","15":"product_tag-camere","16":"product_tag-camere-de-supraveghere","17":"product_tag-camere-ip","18":"product_tag-camere-mici","19":"product_tag-camere-micute","20":"product_tag-casa-inteligenta","21":"product_tag-casa-inteligenta-ro","22":"product_tag-smart-home-fa-ti-singur","23":"product_tag-cumpara-sistem-inteligent-pentru-casa","24":"product_tag-dispozitive-de-acasa-inteligente","25":"product_tag-dispozitive-wi-fi","26":"product_tag-ecodom-ro","27":"product_tag-exterior","28":"product_tag-gadgeturi-inteligente","29":"product_tag-ip-camera","30":"product_tag-ip-camere","31":"product_tag-ip-wifi-camere","32":"product_tag-livrare-in-moldova","33":"product_tag-micro-camera","34":"product_tag-mini-camera","35":"product_tag-minicamera","36":"product_tag-poe","37":"product_tag-registrator","38":"product_tag-securitate","39":"product_tag-securitate-video","40":"product_tag-senzori","41":"product_tag-smart-home-ro","42":"product_tag-smart-life-ro","43":"product_tag-supravegere-ip","44":"product_tag-supraveghere-bebe","45":"product_tag-supraveghere-video","46":"product_tag-tuya-smart-ro","47":"product_tag-video-security","48":"product_tag-videocamera","49":"product_tag-videosecuritate","50":"product_tag-wifi-camere","52":"first","53":"instock","54":"shipping-taxable","55":"purchasable","56":"product-type-simple"},"aioseo_notices":[],"_links":{"self":[{"href":"https:\/\/ecodom.md\/ro\/wp-json\/wp\/v2\/product\/9095","targetHints":{"allow":["GET"]}}],"collection":[{"href":"https:\/\/ecodom.md\/ro\/wp-json\/wp\/v2\/product"}],"about":[{"href":"https:\/\/ecodom.md\/ro\/wp-json\/wp\/v2\/types\/product"}],"replies":[{"embeddable":true,"href":"https:\/\/ecodom.md\/ro\/wp-json\/wp\/v2\/comments?post=9095"}],"wp:featuredmedia":[{"embeddable":true,"href":"https:\/\/ecodom.md\/ro\/wp-json\/wp\/v2\/media\/10216"}],"wp:attachment":[{"href":"https:\/\/ecodom.md\/ro\/wp-json\/wp\/v2\/media?parent=9095"}],"wp:term":[{"taxonomy":"product_brand","embeddable":true,"href":"https:\/\/ecodom.md\/ro\/wp-json\/wp\/v2\/product_brand?post=9095"},{"taxonomy":"product_cat","embeddable":true,"href":"https:\/\/ecodom.md\/ro\/wp-json\/wp\/v2\/product_cat?post=9095"},{"taxonomy":"product_tag","embeddable":true,"href":"https:\/\/ecodom.md\/ro\/wp-json\/wp\/v2\/product_tag?post=9095"}],"curies":[{"name":"wp","href":"https:\/\/api.w.org\/{rel}","templated":true}]}}