{"id":8840,"date":"2023-01-08T11:24:56","date_gmt":"2023-01-08T09:24:56","guid":{"rendered":"https:\/\/ecodom.md\/?post_type=product&#038;p=8840"},"modified":"2024-02-18T21:35:59","modified_gmt":"2024-02-18T19:35:59","slug":"wi-fi-senzor-temperatura-umiditate-smart-afisaj-lcd","status":"publish","type":"product","link":"https:\/\/ecodom.md\/ro\/cat\/wi-fi-senzor-temperatura-umiditate-smart-afisaj-lcd\/","title":{"rendered":"Wi-Fi Senzor temperatura\/umiditate smart, afisaj LCD"},"content":{"rendered":"<p>Senzorul de umiditate Tuya Senzorul wireless de temperatur\u0103 \u0219i umiditate poate fi amplasat oriunde. Afi\u0219eaz\u0103 temperatura \u0219i umiditatea pe propriul display \u0219i pe ecranul smartphone-ului t\u0103u. Pute\u021bi configura notific\u0103ri push c\u0103tre smartphone-ul dvs. despre schimb\u0103rile de temperatur\u0103 \u0219i umiditate de la cel setat. Dispozitivul p\u0103streaz\u0103 un jurnal al tuturor modific\u0103rilor de temperatur\u0103 \u0219i umiditate pe ore \u0219i zile. Pute\u021bi vizualiza toate modific\u0103rile \u00een aplica\u021bia pentru telefon.<\/p>\n<p><strong>Caracteristici:<\/strong><\/p>\n<ul>\n<li>Alimentare: AAA1.5V * 3 (nu este inclus\u0103)<\/li>\n<li>Consum de curent: \u2264 30uA<\/li>\n<li>Subtensiune cu consum redus de energie: \u2264 2,7 V<\/li>\n<li>Temperatura de func\u021bionare: -10\u2103~55\u2103<\/li>\n<li>Umiditate de func\u021bionare: 10% ~ 90%RH<\/li>\n<li>Afi\u0219area temperaturii \u00een format \u00b0C<\/li>\n<li>Format orar: 12\/24 de ore pe zi<\/li>\n<li>Dimensiune: 60*65*25mm<\/li>\n<li>Func\u021bioneaz\u0103 cu Wi-Fi pe care \u00eel ave\u021bi deja acas\u0103, nu este necesar un hub separat<\/li>\n<li>Conexiune Wi-Fi: 2,4 GHz (protocol IEEE802.11b\/g\/n),<br \/>\nNU accept\u0103 5 GHz<\/li>\n<li>Suport pentru Amazon Alexa, Google Assistant, IFTTT<\/li>\n<li>Accept\u0103 controlul vocal \u201eOK Google\u201d.<\/li>\n<li>Aplica\u021bie: Tuya Smart \/ Smart Life func\u021bioneaz\u0103 pe Android sau iOS<\/li>\n<li>Certificare CE \/ RoHS \/ FCC<\/li>\n<\/ul>\n<p><strong>Setul include:<\/strong><\/p>\n<p>1 * senzor de temperatur\u0103 \u0219i umiditate wifi<\/p>\n<p>1* instruc\u021biune<\/p>\n","protected":false},"excerpt":{"rendered":"<p>Termometrul Smart Wi-Fi Higrometrul de camer\u0103 cu senzor de temperatur\u0103 \u0219i umiditate este un senzor wireless cu ajutorul c\u0103ruia po\u021bi afla temperatura \u0219i umiditatea din camer\u0103.<\/p>\n","protected":false},"featured_media":10001,"comment_status":"open","ping_status":"closed","template":"","meta":[],"product_brand":[],"product_cat":[179,535,517,537,529,521],"product_tag":[593,280,672,675,676,674,673,666,687,641,701,592,566,704,659,632,628,618,583,621,572,573,576,682],"class_list":{"0":"post-8840","1":"product","2":"type-product","3":"status-publish","4":"has-post-thumbnail","6":"product_cat-casa-inteligenta","7":"product_cat-control-climatic","8":"product_cat-controlul-costurilor","9":"product_cat-controlul-incalzirii","10":"product_cat-controlul-ventilatiei","11":"product_cat-senzori","12":"product_tag-balti","13":"product_tag-casa-inteligenta","14":"product_tag-casa-inteligenta-chisinau","15":"product_tag-casa-inteligenta-cumpara-in-moldova","16":"product_tag-smart-home-fa-ti-singur","17":"product_tag-casa-inteligenta-in-apartament","18":"product_tag-casa-inteligenta-moldova","19":"product_tag-ceas-inteligent","20":"product_tag-control-climat","21":"product_tag-cumpara-sistem-inteligent-pentru-casa","22":"product_tag-dispozitive-de-acasa-inteligente","23":"product_tag-dispozitive-wi-fi","24":"product_tag-ecodom-ro","25":"product_tag-elemente-de-casa-inteligenta","26":"product_tag-gadgeturi-inteligente","27":"product_tag-livrare-in-moldova","28":"product_tag-senzor-de-temperatura","29":"product_tag-senzor-de-umiditate","30":"product_tag-senzor-wi-fi","31":"product_tag-senzori","32":"product_tag-smart-home-ro","33":"product_tag-smart-life-ro","34":"product_tag-tuya-smart-ro","35":"product_tag-control-al-ventilatiei","37":"first","38":"outofstock","39":"shipping-taxable","40":"purchasable","41":"product-type-simple"},"aioseo_notices":[],"_links":{"self":[{"href":"https:\/\/ecodom.md\/ro\/wp-json\/wp\/v2\/product\/8840","targetHints":{"allow":["GET"]}}],"collection":[{"href":"https:\/\/ecodom.md\/ro\/wp-json\/wp\/v2\/product"}],"about":[{"href":"https:\/\/ecodom.md\/ro\/wp-json\/wp\/v2\/types\/product"}],"replies":[{"embeddable":true,"href":"https:\/\/ecodom.md\/ro\/wp-json\/wp\/v2\/comments?post=8840"}],"wp:featuredmedia":[{"embeddable":true,"href":"https:\/\/ecodom.md\/ro\/wp-json\/wp\/v2\/media\/10001"}],"wp:attachment":[{"href":"https:\/\/ecodom.md\/ro\/wp-json\/wp\/v2\/media?parent=8840"}],"wp:term":[{"taxonomy":"product_brand","embeddable":true,"href":"https:\/\/ecodom.md\/ro\/wp-json\/wp\/v2\/product_brand?post=8840"},{"taxonomy":"product_cat","embeddable":true,"href":"https:\/\/ecodom.md\/ro\/wp-json\/wp\/v2\/product_cat?post=8840"},{"taxonomy":"product_tag","embeddable":true,"href":"https:\/\/ecodom.md\/ro\/wp-json\/wp\/v2\/product_tag?post=8840"}],"curies":[{"name":"wp","href":"https:\/\/api.w.org\/{rel}","templated":true}]}}