{"id":8822,"date":"2025-07-10T19:02:43","date_gmt":"2025-07-10T17:02:43","guid":{"rendered":"https:\/\/ecodom.md\/?post_type=product&#038;p=8822"},"modified":"2024-12-02T14:08:32","modified_gmt":"2024-12-02T12:08:32","slug":"wi-fi-comutator-inteligent-16a-cu-2-cai-mini-in-priza","status":"publish","type":"product","link":"https:\/\/ecodom.md\/ro\/cat\/wi-fi-comutator-inteligent-16a-cu-2-cai-mini-in-priza\/","title":{"rendered":"Wi-Fi Comutator inteligent 16A cu 2 cai (mini \u00een priz\u0103)"},"content":{"rendered":"<p>Controla\u021bi f\u0103r\u0103 fir luminile sau dispozitivele cu vocea sau automatizarea cu smartphone-ul \u0219i Alexa sau Asistentul Google.<\/p>\n<p>Releul accept\u0103 scripturi inteligente, cronometre, num\u0103r\u0103toare invers\u0103, scripturi.<\/p>\n<p><strong>Caracteristici:<\/strong><\/p>\n<ul>\n<li>Tensiune de intrare: 100V~240V\/50Hz<\/li>\n<li>Cablaj: fir sub tensiune \u0219i fir neutru<\/li>\n<li>Max. putere de sarcin\u0103: 16A 3680W<\/li>\n<li>Dimensiune: 40*40*20mm<\/li>\n<li>Func\u021bioneaz\u0103 cu Wi-Fi pe care \u00eel ave\u021bi deja acas\u0103, nu este necesar un hub separat<\/li>\n<li>Conexiune Wi-Fi: 2,4 GHz (protocol IEEE802.11b\/g\/n),<br \/>\nNU accept\u0103 5 GHz<\/li>\n<li>Suport pentru Amazon Alexa, Google Assistant, IFTTT<\/li>\n<li>Accept\u0103 controlul vocal \u201eOK Google\u201d.<\/li>\n<li>Aplica\u021bie: Tuya Smart \/ Smart Life func\u021bioneaz\u0103 pe Android sau iOS<\/li>\n<li>Certificare CE \/ RoHS \/ FCC<\/li>\n<\/ul>\n<p><strong>Setul include:<\/strong><\/p>\n<p>1 * comutator inteligent<\/p>\n<p>1* instruc\u021biune<\/p>\n","protected":false},"excerpt":{"rendered":"<p>Comutator inteligent Wi-Fi wireless, care este instalat \u00een priz\u0103 \u0219i este folosit pentru a controla aparatele electrocasnice sau luminile prin Internet.<\/p>\n","protected":false},"featured_media":10033,"comment_status":"open","ping_status":"closed","template":"","meta":[],"product_brand":[],"product_cat":[179,539,517,536,522,526,525],"product_tag":[593,280,565,672,675,676,674,673,691,695,640,641,701,592,704,659,668,614,632,664,660,621,671],"class_list":{"0":"post-8822","1":"product","2":"type-product","3":"status-publish","4":"has-post-thumbnail","6":"product_cat-casa-inteligenta","7":"product_cat-control-electrocasnice","8":"product_cat-controlul-costurilor","9":"product_cat-controlul-luminii","10":"product_cat-intrerupatoare-inteligente","11":"product_cat-prize-inteligente","12":"product_cat-relee-inteligente-dimmere","13":"product_tag-balti","14":"product_tag-casa-inteligenta","15":"product_tag-casa-inteligenta-ro","16":"product_tag-casa-inteligenta-chisinau","17":"product_tag-casa-inteligenta-cumpara-in-moldova","18":"product_tag-smart-home-fa-ti-singur","19":"product_tag-casa-inteligenta-in-apartament","20":"product_tag-casa-inteligenta-moldova","21":"product_tag-control-iluminarii","22":"product_tag-control-lumina","23":"product_tag-controlul-costurilor","24":"product_tag-cumpara-sistem-inteligent-pentru-casa","25":"product_tag-dispozitive-de-acasa-inteligente","26":"product_tag-dispozitive-wi-fi","27":"product_tag-elemente-de-casa-inteligenta","28":"product_tag-gadgeturi-inteligente","29":"product_tag-intrerupator-inteligent","30":"product_tag-intrerupator-wi-fi","31":"product_tag-livrare-in-moldova","32":"product_tag-priza-inteligenta","33":"product_tag-releu-wireless","34":"product_tag-senzori","35":"product_tag-casa-inteligenta-ro-2","37":"first","38":"instock","39":"shipping-taxable","40":"purchasable","41":"product-type-simple"},"aioseo_notices":[],"_links":{"self":[{"href":"https:\/\/ecodom.md\/ro\/wp-json\/wp\/v2\/product\/8822","targetHints":{"allow":["GET"]}}],"collection":[{"href":"https:\/\/ecodom.md\/ro\/wp-json\/wp\/v2\/product"}],"about":[{"href":"https:\/\/ecodom.md\/ro\/wp-json\/wp\/v2\/types\/product"}],"replies":[{"embeddable":true,"href":"https:\/\/ecodom.md\/ro\/wp-json\/wp\/v2\/comments?post=8822"}],"wp:featuredmedia":[{"embeddable":true,"href":"https:\/\/ecodom.md\/ro\/wp-json\/wp\/v2\/media\/10033"}],"wp:attachment":[{"href":"https:\/\/ecodom.md\/ro\/wp-json\/wp\/v2\/media?parent=8822"}],"wp:term":[{"taxonomy":"product_brand","embeddable":true,"href":"https:\/\/ecodom.md\/ro\/wp-json\/wp\/v2\/product_brand?post=8822"},{"taxonomy":"product_cat","embeddable":true,"href":"https:\/\/ecodom.md\/ro\/wp-json\/wp\/v2\/product_cat?post=8822"},{"taxonomy":"product_tag","embeddable":true,"href":"https:\/\/ecodom.md\/ro\/wp-json\/wp\/v2\/product_tag?post=8822"}],"curies":[{"name":"wp","href":"https:\/\/api.w.org\/{rel}","templated":true}]}}