{"id":8812,"date":"2023-01-14T19:14:52","date_gmt":"2023-01-14T17:14:52","guid":{"rendered":"https:\/\/ecodom.md\/?post_type=product&#038;p=8812"},"modified":"2024-12-02T14:04:01","modified_gmt":"2024-12-02T12:04:01","slug":"wi-fi-priza-16a-cu-temporizare-si-monitorizare-consum","status":"publish","type":"product","link":"https:\/\/ecodom.md\/ro\/cat\/wi-fi-priza-16a-cu-temporizare-si-monitorizare-consum\/","title":{"rendered":"Wi-Fi Priza smart+ 16A cu temporizare si monitorizare consum"},"content":{"rendered":"<div class=\"video-container\"><iframe loading=\"lazy\" title=\"Wi-Fi \u0440\u043e\u0437\u0435\u0442\u043a\u0430 \u0434\u043b\u044f \u0443\u043f\u0440\u0430\u0432\u043b\u0435\u043d\u0438\u044f \u0423\u043c\u043d\u044b\u043c \u0434\u043e\u043c\u043e\u043c Google\" width=\"500\" height=\"281\" src=\"https:\/\/www.youtube.com\/embed\/p8NfevuiJ84?feature=oembed\"  allow=\"accelerometer; autoplay; clipboard-write; encrypted-media; gyroscope; picture-in-picture; web-share\" referrerpolicy=\"strict-origin-when-cross-origin\" allowfullscreen><\/iframe><\/div>\n<p>Economisi\u021bi consumul de energie \u0219i facturile de energie electric\u0103. Vizualiza\u021bi rapoarte de energie pentru a monitoriza \u00een mod corespunz\u0103tor consumul de energie al casei dvs. Afla\u021bi ce dispozitive folosesc cea mai mare energie \u0219i crea\u021bi grafice pentru a economisi facturile de energie \u0219i electricitate.<\/p>\n<div class=\"video-container\"><iframe loading=\"lazy\" title=\"\u0423\u043c\u043d\u0430\u044f \u0440\u043e\u0437\u0435\u0442\u043a\u0430 \u043f\u043e\u043c\u043e\u0436\u0435\u0442 \u0441\u044d\u043a\u043e\u043d\u043e\u043c\u0438\u0442\u044c \u0434\u043e 20% \u044d\u043b\u0435\u043a\u0442\u0440\u043e\u044d\u043d\u0435\u0440\u0433\u0438\u0438 \u0432 \u041c\u043e\u043b\u0434\u043e\u0432\u0435\" width=\"500\" height=\"281\" src=\"https:\/\/www.youtube.com\/embed\/rtNxK4UYsGw?feature=oembed\"  allow=\"accelerometer; autoplay; clipboard-write; encrypted-media; gyroscope; picture-in-picture; web-share\" referrerpolicy=\"strict-origin-when-cross-origin\" allowfullscreen><\/iframe><\/div>\n<p><strong>Caracteristici:<\/strong><\/p>\n<ul>\n<li>Scripturi de conectare<\/li>\n<li>Monitor de energie<\/li>\n<li>Func\u021bia de num\u0103r\u0103toare invers\u0103 Smart Plug v\u0103 permite s\u0103 seta\u021bi un temporizator care se opre\u0219te automat<\/li>\n<li>Func\u021bioneaz\u0103 cu Wi-Fi pe care \u00eel ave\u021bi deja acas\u0103, nu este necesar un hub separat<\/li>\n<li>Conexiune Wi-Fi: 2,4 GHz (protocol IEEE802.11b\/g\/n),<br \/>\nNU accept\u0103 5 GHz<\/li>\n<li>Suport pentru Amazon Alexa, Google Assistant, IFTTT<\/li>\n<li>Accept\u0103 controlul vocal \u201eOK Google\u201d.<\/li>\n<li>Aplica\u021bie: Tuya Smart \/ Smart Life func\u021bioneaz\u0103 pe Android sau iOS<\/li>\n<li>Certificare CE \/ RoHS \/ FCC<\/li>\n<\/ul>\n<p><strong>Setul include:<\/strong><\/p>\n<p>1* priza wi-fi<\/p>\n<p>1* instruc\u021biune<\/p>\n","protected":false},"excerpt":{"rendered":"<p>Economisi\u021bi consumul de energie \u0219i facturile de energie electric\u0103. Vizualiza\u021bi rapoartele energetice \u0219i gestiona\u021bi aparatele.<\/p>\n","protected":false},"featured_media":9912,"comment_status":"open","ping_status":"closed","template":"","meta":[],"product_brand":[],"product_cat":[179,539,517,536,526],"product_tag":[809,593,280,565,672,675,676,674,673,810,641,701,592,566,659,668,632,806,808,811,664,665,590,805,587,807,621,572,573,576,671],"class_list":{"0":"post-8812","1":"product","2":"type-product","3":"status-publish","4":"has-post-thumbnail","6":"product_cat-casa-inteligenta","7":"product_cat-control-electrocasnice","8":"product_cat-controlul-costurilor","9":"product_cat-controlul-luminii","10":"product_cat-prize-inteligente","11":"product_tag-adaptor-priza","12":"product_tag-balti","13":"product_tag-casa-inteligenta","14":"product_tag-casa-inteligenta-ro","15":"product_tag-casa-inteligenta-chisinau","16":"product_tag-casa-inteligenta-cumpara-in-moldova","17":"product_tag-smart-home-fa-ti-singur","18":"product_tag-casa-inteligenta-in-apartament","19":"product_tag-casa-inteligenta-moldova","20":"product_tag-contor-priza","21":"product_tag-cumpara-sistem-inteligent-pentru-casa","22":"product_tag-dispozitive-de-acasa-inteligente","23":"product_tag-dispozitive-wi-fi","24":"product_tag-ecodom-ro","25":"product_tag-gadgeturi-inteligente","26":"product_tag-intrerupator-inteligent","27":"product_tag-livrare-in-moldova","28":"product_tag-priza","29":"product_tag-priza-contor","30":"product_tag-priza-cu-contor","31":"product_tag-priza-inteligenta","32":"product_tag-priza-inteligenta-cu-monitorizare-consum-energie","33":"product_tag-priza-inteligenta-wi-fi","34":"product_tag-priza-smart","35":"product_tag-priza-wi-fi","36":"product_tag-priza-wifi","37":"product_tag-senzori","38":"product_tag-smart-home-ro","39":"product_tag-smart-life-ro","40":"product_tag-tuya-smart-ro","41":"product_tag-casa-inteligenta-ro-2","43":"first","44":"instock","45":"shipping-taxable","46":"purchasable","47":"product-type-simple"},"aioseo_notices":[],"_links":{"self":[{"href":"https:\/\/ecodom.md\/ro\/wp-json\/wp\/v2\/product\/8812","targetHints":{"allow":["GET"]}}],"collection":[{"href":"https:\/\/ecodom.md\/ro\/wp-json\/wp\/v2\/product"}],"about":[{"href":"https:\/\/ecodom.md\/ro\/wp-json\/wp\/v2\/types\/product"}],"replies":[{"embeddable":true,"href":"https:\/\/ecodom.md\/ro\/wp-json\/wp\/v2\/comments?post=8812"}],"wp:featuredmedia":[{"embeddable":true,"href":"https:\/\/ecodom.md\/ro\/wp-json\/wp\/v2\/media\/9912"}],"wp:attachment":[{"href":"https:\/\/ecodom.md\/ro\/wp-json\/wp\/v2\/media?parent=8812"}],"wp:term":[{"taxonomy":"product_brand","embeddable":true,"href":"https:\/\/ecodom.md\/ro\/wp-json\/wp\/v2\/product_brand?post=8812"},{"taxonomy":"product_cat","embeddable":true,"href":"https:\/\/ecodom.md\/ro\/wp-json\/wp\/v2\/product_cat?post=8812"},{"taxonomy":"product_tag","embeddable":true,"href":"https:\/\/ecodom.md\/ro\/wp-json\/wp\/v2\/product_tag?post=8812"}],"curies":[{"name":"wp","href":"https:\/\/api.w.org\/{rel}","templated":true}]}}