{"id":8806,"date":"2023-01-10T23:39:12","date_gmt":"2023-01-10T21:39:12","guid":{"rendered":"https:\/\/ecodom.md\/?post_type=product&#038;p=8806"},"modified":"2025-12-05T09:05:35","modified_gmt":"2025-12-05T07:05:35","slug":"wi-fi-releu-pentru-comanda-deschidere-usa-garaj-poarta","status":"publish","type":"product","link":"https:\/\/ecodom.md\/ro\/cat\/wi-fi-releu-pentru-comanda-deschidere-usa-garaj-poarta\/","title":{"rendered":"Wi-Fi Releu pentru comanda deschidere usa garaj\/poarta"},"content":{"rendered":"<p>Datorit\u0103 dispozitivului u\u0219or de utilizat, po\u021bi verifica oric\u00e2nd starea por\u021bii din cadrul aplica\u021biei, astfel \u00eenc\u00e2t s\u0103 ai lini\u0219tea \u0219tiind c\u0103 intrarea \u00een proprietate este \u00eenchis\u0103.<\/p>\n<p>Tot ce ai nevoie este o conexiune Wi-Fi \u0219i po\u021bi controla gateway-urile de oriunde \u00een lume &#8211; permite-\u021bi pu\u021bin lux. Controlerul este universal, prin urmare potrivit pentru aproape toate por\u021bile de garaj\/de intrare.<\/p>\n<p><strong>Caracteristici:<\/strong><\/p>\n<ul>\n<li>Lungimea firului: 5m<\/li>\n<li>Material: ABS+PC<\/li>\n<li>Func\u021bioneaz\u0103 cu Wi-Fi pe care \u00eel ave\u021bi deja acas\u0103, nu este necesar un hub separat<\/li>\n<li>Conexiune Wi-Fi: 2,4 GHz (protocol IEEE802.11b\/g\/n),<br \/>\nNU accept\u0103 5 GHz<\/li>\n<li>Suport pentru Amazon Alexa, Google Assistant, IFTTT<\/li>\n<li>Accept\u0103 controlul vocal \u201eOK Google\u201d.<\/li>\n<li>Aplica\u021bie: Tuya Smart \/ Smart Life func\u021bioneaz\u0103 pe Android sau iOS<\/li>\n<li>Certificare CE \/ RoHS \/ FCC<\/li>\n<\/ul>\n<p><strong>Setul include:<\/strong><\/p>\n<p>1 * releu wifi<\/p>\n<p>1* kit de montare<\/p>\n<p>1* manual de utilizare<\/p>\n","protected":false},"excerpt":{"rendered":"<p>Controla\u021bi deschiderea u\u0219ii garajului folosind aplica\u021bia, dup\u0103 care pute\u021bi deschide \u0219i \u00eenchide u\u0219a garajului printr-o simpl\u0103 atingere pe smartphone.<\/p>\n","protected":false},"featured_media":10351,"comment_status":"open","ping_status":"closed","template":"","meta":[],"product_brand":[],"product_cat":[534,179,516,523,511],"product_tag":[593,280,565,672,675,676,674,673,684,694,639,641,647,648,701,592,566,704,659,632,654,653,604,621,572,573,576,615],"class_list":{"0":"post-8806","1":"product","2":"type-product","3":"status-publish","4":"has-post-thumbnail","6":"product_cat-controlul-portii","7":"product_cat-casa-inteligenta","8":"product_cat-control-acces","9":"product_cat-lacate-inteligente","10":"product_cat-securitate","11":"product_tag-balti","12":"product_tag-casa-inteligenta","13":"product_tag-casa-inteligenta-ro","14":"product_tag-casa-inteligenta-chisinau","15":"product_tag-casa-inteligenta-cumpara-in-moldova","16":"product_tag-smart-home-fa-ti-singur","17":"product_tag-casa-inteligenta-in-apartament","18":"product_tag-casa-inteligenta-moldova","19":"product_tag-control-poarta","20":"product_tag-control-rolete","21":"product_tag-controlul-accesului","22":"product_tag-cumpara-sistem-inteligent-pentru-casa","23":"product_tag-deschidere-garaj","24":"product_tag-deschizator-de-usi-de-garaj","25":"product_tag-dispozitive-de-acasa-inteligente","26":"product_tag-dispozitive-wi-fi","27":"product_tag-ecodom-ro","28":"product_tag-elemente-de-casa-inteligenta","29":"product_tag-gadgeturi-inteligente","30":"product_tag-livrare-in-moldova","31":"product_tag-obloane-rulante","32":"product_tag-rolete","33":"product_tag-securitate","34":"product_tag-senzori","35":"product_tag-smart-home-ro","36":"product_tag-smart-life-ro","37":"product_tag-tuya-smart-ro","38":"product_tag-usi-de-garaj","40":"first","41":"instock","42":"shipping-taxable","43":"purchasable","44":"product-type-simple"},"aioseo_notices":[],"_links":{"self":[{"href":"https:\/\/ecodom.md\/ro\/wp-json\/wp\/v2\/product\/8806","targetHints":{"allow":["GET"]}}],"collection":[{"href":"https:\/\/ecodom.md\/ro\/wp-json\/wp\/v2\/product"}],"about":[{"href":"https:\/\/ecodom.md\/ro\/wp-json\/wp\/v2\/types\/product"}],"replies":[{"embeddable":true,"href":"https:\/\/ecodom.md\/ro\/wp-json\/wp\/v2\/comments?post=8806"}],"wp:featuredmedia":[{"embeddable":true,"href":"https:\/\/ecodom.md\/ro\/wp-json\/wp\/v2\/media\/10351"}],"wp:attachment":[{"href":"https:\/\/ecodom.md\/ro\/wp-json\/wp\/v2\/media?parent=8806"}],"wp:term":[{"taxonomy":"product_brand","embeddable":true,"href":"https:\/\/ecodom.md\/ro\/wp-json\/wp\/v2\/product_brand?post=8806"},{"taxonomy":"product_cat","embeddable":true,"href":"https:\/\/ecodom.md\/ro\/wp-json\/wp\/v2\/product_cat?post=8806"},{"taxonomy":"product_tag","embeddable":true,"href":"https:\/\/ecodom.md\/ro\/wp-json\/wp\/v2\/product_tag?post=8806"}],"curies":[{"name":"wp","href":"https:\/\/api.w.org\/{rel}","templated":true}]}}