{"id":8802,"date":"2023-01-11T01:54:21","date_gmt":"2023-01-10T23:54:21","guid":{"rendered":"https:\/\/ecodom.md\/?post_type=product&#038;p=8802"},"modified":"2024-12-02T14:05:27","modified_gmt":"2024-12-02T12:05:27","slug":"wi-fi-detector-scurgeri-de-apa-senzor-de-inundatie","status":"publish","type":"product","link":"https:\/\/ecodom.md\/ro\/cat\/wi-fi-detector-scurgeri-de-apa-senzor-de-inundatie\/","title":{"rendered":"Wi-Fi Detector scurgeri de apa \/ senzor de inunda\u021bie"},"content":{"rendered":"<p>Alimentat de 2 baterii AAA Datorit\u0103 consumului redus de energie, senzorul func\u021bioneaz\u0103 pe o baterie timp de 6-12 luni. C\u00e2nd ad\u0103uga\u021bi un senzor \u00een aplica\u021bie, alege\u021bi numele camerei \u0219i pute\u021bi partaja controlul cu membrii familiei.<\/p>\n<p>C\u00e2nd este declan\u0219at, tu \u0219i membrii familiei tale ve\u021bi fi anun\u021ba\u021bi prin mesaje de pe smartphone-uri \u00een aplica\u021bia Tuya sau Smart Life. Acest dispozitiv poate fi utilizat \u00eempreun\u0103 cu o supap\u0103 electric\u0103 cu bil\u0103 sau alte dispozitive \u0219i poate crea un scenariu \u00een care supapa va fi \u00eenchis\u0103 atunci c\u00e2nd senzorul de scurgere de ap\u0103 este declan\u0219at.<\/p>\n<p><strong>Caracteristici:<\/strong><\/p>\n<ul>\n<li>Baterie: AAA1.5V x 2<\/li>\n<li>Temperatura de lucru: -10\u00b0C ~ 40\u00b0C<\/li>\n<li>Dimensiune: corp principal: aproximativ 93*40*20mm<\/li>\n<li>Func\u021bioneaz\u0103 cu Wi-Fi pe care \u00eel ave\u021bi deja acas\u0103, nu este necesar un hub separat<\/li>\n<li>Conexiune Wi-Fi: 2,4 GHz (protocol IEEE802.11b\/g\/n), NU accept\u0103 5 GHz<\/li>\n<li>Suport pentru Amazon Alexa, Google Assistant, IFTTT<\/li>\n<li>Accept\u0103 controlul vocal \u201eOK Google\u201d.<\/li>\n<li>Aplica\u021bie: Tuya Smart \/ Smart Life func\u021bioneaz\u0103 pe Android sau iOS<\/li>\n<li>Certificare CE \/ RoHS \/ FCC<\/li>\n<\/ul>\n<p><strong>Setul include:<\/strong><\/p>\n<p>1* senzor de inunda\u021bie<\/p>\n<p>1* instruc\u021biune<\/p>\n","protected":false},"excerpt":{"rendered":"<p>Senzorul poate func\u021biona ca dispozitiv de sine st\u0103t\u0103tor (nu sunt necesare centrale sau hub-uri) sau \u00eempreun\u0103 cu alte dispozitive inteligente ale sistemului Tuya Smart \/ Smart Life.<\/p>\n","protected":false},"featured_media":10238,"comment_status":"open","ping_status":"closed","template":"","meta":[],"product_brand":[],"product_cat":[179,533,514,520,521],"product_tag":[593,280,565,672,675,676,674,673,641,701,592,566,704,659,632,620,625,669,670,621,572,573,576],"class_list":{"0":"post-8802","1":"product","2":"type-product","3":"status-publish","4":"has-post-thumbnail","6":"product_cat-casa-inteligenta","7":"product_cat-controlul-apei","8":"product_cat-protectie-la-scurgeri","9":"product_cat-securitate-si-alarma","10":"product_cat-senzori","11":"product_tag-balti","12":"product_tag-casa-inteligenta","13":"product_tag-casa-inteligenta-ro","14":"product_tag-casa-inteligenta-chisinau","15":"product_tag-casa-inteligenta-cumpara-in-moldova","16":"product_tag-smart-home-fa-ti-singur","17":"product_tag-casa-inteligenta-in-apartament","18":"product_tag-casa-inteligenta-moldova","19":"product_tag-cumpara-sistem-inteligent-pentru-casa","20":"product_tag-dispozitive-de-acasa-inteligente","21":"product_tag-dispozitive-wi-fi","22":"product_tag-ecodom-ro","23":"product_tag-elemente-de-casa-inteligenta","24":"product_tag-gadgeturi-inteligente","25":"product_tag-livrare-in-moldova","26":"product_tag-senzor-de-inundatie","27":"product_tag-senzor-de-scurgeri","28":"product_tag-senzor-inteligent-de-inundatii","29":"product_tag-senzor-inteligent-de-scurgere-a-apei","30":"product_tag-senzori","31":"product_tag-smart-home-ro","32":"product_tag-smart-life-ro","33":"product_tag-tuya-smart-ro","35":"first","36":"instock","37":"shipping-taxable","38":"purchasable","39":"product-type-simple"},"aioseo_notices":[],"_links":{"self":[{"href":"https:\/\/ecodom.md\/ro\/wp-json\/wp\/v2\/product\/8802","targetHints":{"allow":["GET"]}}],"collection":[{"href":"https:\/\/ecodom.md\/ro\/wp-json\/wp\/v2\/product"}],"about":[{"href":"https:\/\/ecodom.md\/ro\/wp-json\/wp\/v2\/types\/product"}],"replies":[{"embeddable":true,"href":"https:\/\/ecodom.md\/ro\/wp-json\/wp\/v2\/comments?post=8802"}],"wp:featuredmedia":[{"embeddable":true,"href":"https:\/\/ecodom.md\/ro\/wp-json\/wp\/v2\/media\/10238"}],"wp:attachment":[{"href":"https:\/\/ecodom.md\/ro\/wp-json\/wp\/v2\/media?parent=8802"}],"wp:term":[{"taxonomy":"product_brand","embeddable":true,"href":"https:\/\/ecodom.md\/ro\/wp-json\/wp\/v2\/product_brand?post=8802"},{"taxonomy":"product_cat","embeddable":true,"href":"https:\/\/ecodom.md\/ro\/wp-json\/wp\/v2\/product_cat?post=8802"},{"taxonomy":"product_tag","embeddable":true,"href":"https:\/\/ecodom.md\/ro\/wp-json\/wp\/v2\/product_tag?post=8802"}],"curies":[{"name":"wp","href":"https:\/\/api.w.org\/{rel}","templated":true}]}}