{"id":8801,"date":"2023-01-11T02:43:43","date_gmt":"2023-01-11T00:43:43","guid":{"rendered":"https:\/\/ecodom.md\/?post_type=product&#038;p=8801"},"modified":"2025-01-06T14:55:06","modified_gmt":"2025-01-06T12:55:06","slug":"camera-inteligenta-wifi-720p-v380p","status":"publish","type":"product","link":"https:\/\/ecodom.md\/ro\/cat\/camera-inteligenta-wifi-720p-v380p\/","title":{"rendered":"Wi-Fi Camera PTZ inteligent\u0103 720P V380P"},"content":{"rendered":"<div class=\"video-container\"><iframe loading=\"lazy\" title=\"\u0423\u043c\u043d\u0430\u044f \u043a\u0430\u043c\u0435\u0440\u0430 Q6S V380Pro \u0434\u043b\u044f \u0443\u043c\u043d\u043e\u0433\u043e \u0434\u043e\u043c\u0430\" width=\"500\" height=\"281\" src=\"https:\/\/www.youtube.com\/embed\/BJWmgiZYZDM?feature=oembed\"  allow=\"accelerometer; autoplay; clipboard-write; encrypted-media; gyroscope; picture-in-picture; web-share\" referrerpolicy=\"strict-origin-when-cross-origin\" allowfullscreen><\/iframe><\/div>\n<p>Doar conecta\u021bi camera la o priz\u0103, seta\u021bi-o s\u0103 foloseasc\u0103 routerul Wi-Fi &#8211; \u0219i pute\u021bi urm\u0103ri \u0219i asculta ce se \u00eent\u00e2mpl\u0103 \u00een camera \u00een care este instalat\u0103 camera.<\/p>\n<p>Aceast\u0103 camer\u0103 poate fi conectat\u0103 cu senzori wireless de 433MGh &#8211; deschidere u\u0219i\/ferestre, scurgeri de ap\u0103, foc \u0219i fum etc. &#8211; iar aceast\u0103 camer\u0103 va deveni un sistem de alarm\u0103 acas\u0103! C\u00e2nd senzorul este declan\u0219at, camera va trimite instantaneu un mesaj de alarm\u0103 pe telefon \u0219i va trimite o imagine pe e-mail.<\/p>\n<p><strong>Caracteristici:<\/strong><\/p>\n<ul>\n<li>Obiectiv HD de 3,6 mm, compresie video profil principal senzor CMOS H.264<\/li>\n<li>Tehnologie P2P, plug and play, rezolu\u021bie 1280X720<\/li>\n<li>Suport maxim pentru card TF de 64 Gb<\/li>\n<li>Conexiune Ethernet prin cablu sau Wi-Fi f\u0103r\u0103 fir<\/li>\n<li>Pan 355 \/tilt120, unghi larg pentru vizualizare pe telefon sau pe computer<\/li>\n<li>Detectare mi\u0219care, alert\u0103 prin e-mail, \u00eenc\u0103rcare FTP.<\/li>\n<li>Suport audio bidirec\u021bional, vizualizare multi-utilizator.<\/li>\n<li>Sus\u021bine vederea pe timp de noapte, distan\u021b\u0103 IR 15m<\/li>\n<li>F\u0103r\u0103 port Ethernet \u0219i anten\u0103<\/li>\n<\/ul>\n<p><strong>Setul include:<\/strong><\/p>\n<p>1* camera wifi<\/p>\n<p>1* elemente de fixare &#8211; suport<\/p>\n<p>1 * sursa de alimentare<\/p>\n<p>1* cablu USB<\/p>\n","protected":false},"excerpt":{"rendered":"<p>Camer\u0103 IP wireless Wi-Fi pentru supraveghere video \u00eentr-un apartament, birou, alte spa\u021bii.<\/p>\n","protected":false},"featured_media":9902,"comment_status":"open","ping_status":"closed","template":"","meta":[],"product_brand":[],"product_cat":[179,513,511,520],"product_tag":[593,637,560,280,565,672,675,676,674,673,641,701,592,566,704,659,632,604,621,572,573,612,611,576],"class_list":{"0":"post-8801","1":"product","2":"type-product","3":"status-publish","4":"has-post-thumbnail","6":"product_cat-casa-inteligenta","7":"product_cat-monitorizare-video","8":"product_cat-securitate","9":"product_cat-securitate-si-alarma","10":"product_tag-balti","11":"product_tag-camera","12":"product_tag-camera-wi-fi","13":"product_tag-casa-inteligenta","14":"product_tag-casa-inteligenta-ro","15":"product_tag-casa-inteligenta-chisinau","16":"product_tag-casa-inteligenta-cumpara-in-moldova","17":"product_tag-smart-home-fa-ti-singur","18":"product_tag-casa-inteligenta-in-apartament","19":"product_tag-casa-inteligenta-moldova","20":"product_tag-cumpara-sistem-inteligent-pentru-casa","21":"product_tag-dispozitive-de-acasa-inteligente","22":"product_tag-dispozitive-wi-fi","23":"product_tag-ecodom-ro","24":"product_tag-elemente-de-casa-inteligenta","25":"product_tag-gadgeturi-inteligente","26":"product_tag-livrare-in-moldova","27":"product_tag-securitate","28":"product_tag-senzori","29":"product_tag-smart-home-ro","30":"product_tag-smart-life-ro","31":"product_tag-supraveghere-bebe","32":"product_tag-supraveghere-video","33":"product_tag-tuya-smart-ro","35":"first","36":"instock","37":"shipping-taxable","38":"purchasable","39":"product-type-simple"},"aioseo_notices":[],"_links":{"self":[{"href":"https:\/\/ecodom.md\/ro\/wp-json\/wp\/v2\/product\/8801","targetHints":{"allow":["GET"]}}],"collection":[{"href":"https:\/\/ecodom.md\/ro\/wp-json\/wp\/v2\/product"}],"about":[{"href":"https:\/\/ecodom.md\/ro\/wp-json\/wp\/v2\/types\/product"}],"replies":[{"embeddable":true,"href":"https:\/\/ecodom.md\/ro\/wp-json\/wp\/v2\/comments?post=8801"}],"wp:featuredmedia":[{"embeddable":true,"href":"https:\/\/ecodom.md\/ro\/wp-json\/wp\/v2\/media\/9902"}],"wp:attachment":[{"href":"https:\/\/ecodom.md\/ro\/wp-json\/wp\/v2\/media?parent=8801"}],"wp:term":[{"taxonomy":"product_brand","embeddable":true,"href":"https:\/\/ecodom.md\/ro\/wp-json\/wp\/v2\/product_brand?post=8801"},{"taxonomy":"product_cat","embeddable":true,"href":"https:\/\/ecodom.md\/ro\/wp-json\/wp\/v2\/product_cat?post=8801"},{"taxonomy":"product_tag","embeddable":true,"href":"https:\/\/ecodom.md\/ro\/wp-json\/wp\/v2\/product_tag?post=8801"}],"curies":[{"name":"wp","href":"https:\/\/api.w.org\/{rel}","templated":true}]}}