{"id":8800,"date":"2023-01-11T02:50:14","date_gmt":"2023-01-11T00:50:14","guid":{"rendered":"https:\/\/ecodom.md\/?post_type=product&#038;p=8800"},"modified":"2024-12-02T14:04:42","modified_gmt":"2024-12-02T12:04:42","slug":"wi-fi-senzor-magnetic-de-usa-fereasta","status":"publish","type":"product","link":"https:\/\/ecodom.md\/ro\/cat\/wi-fi-senzor-magnetic-de-usa-fereasta\/","title":{"rendered":"Wi-Fi Senzor magnetic de usa, fereasta"},"content":{"rendered":"<div class=\"video-container\"><iframe loading=\"lazy\" title=\"\u0414\u0430\u0442\u0447\u0438\u043a \u043e\u0442\u043a\u0440\u044b\u0432\u0430\u043d\u0438\u044f \u0434\u0432\u0435\u0440\u0438 \u0438\u043b\u0438 \u043e\u043a\u043d\u0430   \u0423\u043c\u043d\u044b\u0439 \u0434\u043e\u043c Google\" width=\"500\" height=\"281\" src=\"https:\/\/www.youtube.com\/embed\/cco8SoBzjG0?feature=oembed\"  allow=\"accelerometer; autoplay; clipboard-write; encrypted-media; gyroscope; picture-in-picture; web-share\" referrerpolicy=\"strict-origin-when-cross-origin\" allowfullscreen><\/iframe><\/div>\n<p>Senzorul de u\u0219\u0103 Wi-Fi Tuya este proiectat pentru utilizarea de securitate \u00een interior. Func\u021bionarea dispozitivului se bazeaz\u0103 pe trimiterea unui semnal prin Internet c\u0103tre dispozitivul conectat atunci c\u00e2nd contactul magnetic este deschis. Acest lucru ofer\u0103 utilizatorului \u00eencredere \u00een func\u021bionarea sut\u0103 la sut\u0103 \u0219i \u00een primirea la timp a informa\u021biilor.<\/p>\n<p>Aplica\u021bia pentru utilizarea senzorului ofer\u0103 posibilitatea de sincronizare cu majoritatea asisten\u021bilor vocali de pe dispozitivele mobile &#8211; de exemplu, Google Assistant, Amazon Alexa, Siri. Utilizatorul poate verifica starea deschiderii doar pun\u00e2nd o \u00eentrebare asistentului virtual.<\/p>\n<p><strong>Caracteristici:<\/strong><\/p>\n<ul>\n<li>Putere: 2 baterii AAA.<\/li>\n<li>Consum de curent \u00een modul standby: mai pu\u021bin de 8 uA.<\/li>\n<li>Durata de via\u021b\u0103 a bateriei: 6000 de opera\u021bii<\/li>\n<li>Temperatura de func\u021bionare: de la &#8211; 10 la + 40 de grade.<\/li>\n<li>Umiditate relativ\u0103: 20 &#8211; 90%\/<\/li>\n<li>Dimensiuni senzor (L x l x H): 71 x 25 x 20 mm.<\/li>\n<li>Dimensiuni \u00eentrerup\u0103tor magnetic lamel\u0103 (L x l x H): 36 x 10 x 17 mm.<\/li>\n<li>Func\u021bioneaz\u0103 cu Wi-Fi pe care \u00eel ave\u021bi deja acas\u0103, nu este necesar un hub separat<\/li>\n<li>Conexiune Wi-Fi: 2,4 GHz (protocol IEEE802.11b\/g\/n),<\/li>\n<li>NU accept\u0103 5 GHz<\/li>\n<li>Suport pentru Amazon Alexa, Google Assistant, IFTTT<\/li>\n<li>Accept\u0103 controlul vocal \u201eOK Google\u201d.<\/li>\n<li>Aplica\u021bie: Tuya Smart \/ Smart Life func\u021bioneaz\u0103 pe Android sau iOS<\/li>\n<li>Certificare CE \/ RoHS \/ FCC<\/li>\n<\/ul>\n<p><strong>Setul include:<\/strong><\/p>\n<p>1 * senzor wireless pentru u\u0219\u0103\/fereastr\u0103<\/p>\n<p>1 * \u00eentrerup\u0103tor magnetic lamel\u0103<\/p>\n<p>1* instruc\u021biune<\/p>\n","protected":false},"excerpt":{"rendered":"<p>Senzor deschidere u\u0219\u0103 Wi-fi &#8211; sistem de alarm\u0103 autonom compact pentru u\u0219i, ferestre. Dimensiunile modeste v\u0103 permit s\u0103 \u00eel ata\u0219a\u021bi u\u0219or \u0219i discret la u\u0219\u0103 cu dibluri sau band\u0103 dublu-fa\u021b\u0103.<\/p>\n","protected":false},"featured_media":10212,"comment_status":"open","ping_status":"closed","template":"","meta":[],"product_brand":[],"product_cat":[179,516,511,520,521],"product_tag":[593,280,565,672,675,676,674,673,641,701,592,566,704,659,632,617,624,559,558,621,572,573,576],"class_list":{"0":"post-8800","1":"product","2":"type-product","3":"status-publish","4":"has-post-thumbnail","6":"product_cat-casa-inteligenta","7":"product_cat-control-acces","8":"product_cat-securitate","9":"product_cat-securitate-si-alarma","10":"product_cat-senzori","11":"product_tag-balti","12":"product_tag-casa-inteligenta","13":"product_tag-casa-inteligenta-ro","14":"product_tag-casa-inteligenta-chisinau","15":"product_tag-casa-inteligenta-cumpara-in-moldova","16":"product_tag-smart-home-fa-ti-singur","17":"product_tag-casa-inteligenta-in-apartament","18":"product_tag-casa-inteligenta-moldova","19":"product_tag-cumpara-sistem-inteligent-pentru-casa","20":"product_tag-dispozitive-de-acasa-inteligente","21":"product_tag-dispozitive-wi-fi","22":"product_tag-ecodom-ro","23":"product_tag-elemente-de-casa-inteligenta","24":"product_tag-gadgeturi-inteligente","25":"product_tag-livrare-in-moldova","26":"product_tag-senzor","27":"product_tag-senzor-de-deschidere","28":"product_tag-senzor-wi-fi-pentru-fereastra","29":"product_tag-senzor-wi-fi-pentru-usa","30":"product_tag-senzori","31":"product_tag-smart-home-ro","32":"product_tag-smart-life-ro","33":"product_tag-tuya-smart-ro","35":"first","36":"instock","37":"shipping-taxable","38":"purchasable","39":"product-type-simple"},"aioseo_notices":[],"_links":{"self":[{"href":"https:\/\/ecodom.md\/ro\/wp-json\/wp\/v2\/product\/8800","targetHints":{"allow":["GET"]}}],"collection":[{"href":"https:\/\/ecodom.md\/ro\/wp-json\/wp\/v2\/product"}],"about":[{"href":"https:\/\/ecodom.md\/ro\/wp-json\/wp\/v2\/types\/product"}],"replies":[{"embeddable":true,"href":"https:\/\/ecodom.md\/ro\/wp-json\/wp\/v2\/comments?post=8800"}],"wp:featuredmedia":[{"embeddable":true,"href":"https:\/\/ecodom.md\/ro\/wp-json\/wp\/v2\/media\/10212"}],"wp:attachment":[{"href":"https:\/\/ecodom.md\/ro\/wp-json\/wp\/v2\/media?parent=8800"}],"wp:term":[{"taxonomy":"product_brand","embeddable":true,"href":"https:\/\/ecodom.md\/ro\/wp-json\/wp\/v2\/product_brand?post=8800"},{"taxonomy":"product_cat","embeddable":true,"href":"https:\/\/ecodom.md\/ro\/wp-json\/wp\/v2\/product_cat?post=8800"},{"taxonomy":"product_tag","embeddable":true,"href":"https:\/\/ecodom.md\/ro\/wp-json\/wp\/v2\/product_tag?post=8800"}],"curies":[{"name":"wp","href":"https:\/\/api.w.org\/{rel}","templated":true}]}}