{"id":7978,"date":"2022-11-27T10:54:56","date_gmt":"2022-11-27T08:54:56","guid":{"rendered":"https:\/\/ecodom.md\/?post_type=product&#038;p=7978"},"modified":"2024-12-02T14:09:54","modified_gmt":"2024-12-02T12:09:54","slug":"telecomanda-mouse-giroscopic-airmouse-g10s","status":"publish","type":"product","link":"https:\/\/ecodom.md\/ro\/cat\/telecomanda-mouse-giroscopic-airmouse-g10s\/","title":{"rendered":"Telecomanda\/mouse giroscopic (Airmouse) G10S"},"content":{"rendered":"<p><strong>Descriere<\/strong><\/p>\n<p>Telecomanda G10s este una dintre cele mai convenabile telecomenzi concepute pentru controlul de la distan\u021b\u0103 a televizoarelor inteligente, set-top box-urilor, tabletelor, PC-urilor bazate pe sistemele de operare Windows, Mac OS, Android, Linux. Excelent pentru controlul unui mini PC pe Android. Cu el, pute\u021bi juca jocuri, introduce text, schimba canalul. Acest model accept\u0103 \u201eGoogle Voice Search\u201d \u0219i \u201eGoogle Voice Assistant\u201d. G10 are o form\u0103 ergonomic\u0103 \u0219i se potrive\u0219te confortabil \u00een m\u00e2n\u0103. Standardul wireless 2.4G v\u0103 permite s\u0103 utiliza\u021bi telecomanda la o distan\u021b\u0103 de p\u00e2n\u0103 la 10 metri.<\/p>\n<p>Mouse-ul aer wireless Air Mouse v\u0103 poate transforma caseta Android TV \u00eentr-un player media inteligent controlat prin voce \u0219i gesturi.<\/p>\n<p>Aeromouse este realizat sub forma unei telecomenzi universale compacte. Nu are tastatur\u0103 QWERTY \u0219i nu este necesar\u0103 &#8211; Air Mouse \u00een\u021belege perfect comenzile vocale.<br \/>\nCu toate acestea, exist\u0103 un anumit set de butoane: Pornit, Redare-pauz\u0103, Pornire cursor, Butoane Joystick, Buton Anulare \u00eenapoi, Buton Meniu, Buton comutare pagin\u0103, Buton microfon, Control volum, \u0219tergere, oprire sunet.<br \/>\nButoanele telecomenzii sunt realizate din plastic pl\u0103cut la atingere, pl\u0103cut la atingere \u0219i au simboluri convexe la suprafa\u021b\u0103 pentru a \u00een\u021belege ce ap\u0103sa\u021bi la atingere.<\/p>\n<p>Corpul Air Mouse este realizat din plastic simplu. Asamblat calitativ, nu sc\u00e2r\u021b\u00e2ie nimic. Se potrive\u0219te confortabil \u00een m\u00e2n\u0103 datorit\u0103 formei sale ergonomice.<\/p>\n<p>Pentru a conecta Air Mouse la set-top box, introduce\u021bi bateriile pentru degetele mici (nu sunt incluse \u00een kit). Introduce\u021bi receptorul \u00een portul USB al TV BOX. Prefixul \u00eel recunoa\u0219te imediat. \u021ain\u00e2nd mouse-ul cu aer \u00een m\u00e2n\u0103, pute\u021bi controla cursorul pur \u0219i simplu deplas\u00e2ndu-v\u0103 prin aer. Este foarte confortabil.<br \/>\n\u00cen set\u0103rile consolei, pute\u021bi regla sensibilitatea telecomenzii. G\u0103si\u021bi limba \u0219i introducerea \u0219i acolo c\u0103uta\u021bi viteza pointerului. Joac\u0103-te cu glisorul \u0219i regleaz\u0103 sensibilitatea mouse-ului cu aer dup\u0103 cum \u021bi se potrive\u0219te.<\/p>\n<p><strong>Specifica\u021bii<\/strong><br \/>\nCuloare produs &#8211; negru<br \/>\nTip &#8211; telecomand\u0103<br \/>\nTransmisia semnalului &#8211; canal radio<br \/>\nTransmi\u021b\u0103tor wireless inclus<br \/>\nPutere &#8211; 2 x AAA<\/p>\n<p><strong>Op\u021biuni \u0219i kit<\/strong><br \/>\nTransmi\u021b\u0103tor wireless inclus<br \/>\nLatime &#8211; 40 mm<br \/>\nInaltime -145 mm<br \/>\nGrosime &#8211; 25 mm<\/p>\n","protected":false},"excerpt":{"rendered":"<div class=\"product__heading\">\n<p class=\"product__title\">\u041f\u0443\u043b\u044c\u0442\/\u043c\u044b\u0448\u044c \u0433\u0438\u0440\u043e\u0441\u043a\u043e\u043f\u0438\u0447\u0435\u0441\u043a\u0430\u044f (Airmouse) G10S \u0441 \u043c\u0438\u043a\u0440\u043e\u0444\u043e\u043d\u043e\u043c USB 2.4G (\u0433\u0438\u0440\u043e\u0441\u043a\u043e\u043f + \u0433\u043e\u043b\u043e\u0441\u043e\u0432\u043e\u0435 \u0443\u043f\u0440\u0430\u0432\u043b\u0435\u043d\u0438\u0435)<\/p>\n<\/div>\n","protected":false},"featured_media":10278,"comment_status":"open","ping_status":"closed","template":"","meta":[],"product_brand":[],"product_cat":[179,518,180],"product_tag":[294,567,295,292],"class_list":{"0":"post-7978","1":"product","2":"type-product","3":"status-publish","4":"has-post-thumbnail","6":"product_cat-casa-inteligenta","7":"product_cat-telecomanda","8":"product_cat-mediaplayere","9":"product_tag-accesorii","10":"product_tag-g10s-ro","11":"product_tag-mouse-giroscopic","12":"product_tag-telecomanda","14":"first","15":"instock","16":"shipping-taxable","17":"purchasable","18":"product-type-simple"},"aioseo_notices":[],"_links":{"self":[{"href":"https:\/\/ecodom.md\/ro\/wp-json\/wp\/v2\/product\/7978","targetHints":{"allow":["GET"]}}],"collection":[{"href":"https:\/\/ecodom.md\/ro\/wp-json\/wp\/v2\/product"}],"about":[{"href":"https:\/\/ecodom.md\/ro\/wp-json\/wp\/v2\/types\/product"}],"replies":[{"embeddable":true,"href":"https:\/\/ecodom.md\/ro\/wp-json\/wp\/v2\/comments?post=7978"}],"wp:featuredmedia":[{"embeddable":true,"href":"https:\/\/ecodom.md\/ro\/wp-json\/wp\/v2\/media\/10278"}],"wp:attachment":[{"href":"https:\/\/ecodom.md\/ro\/wp-json\/wp\/v2\/media?parent=7978"}],"wp:term":[{"taxonomy":"product_brand","embeddable":true,"href":"https:\/\/ecodom.md\/ro\/wp-json\/wp\/v2\/product_brand?post=7978"},{"taxonomy":"product_cat","embeddable":true,"href":"https:\/\/ecodom.md\/ro\/wp-json\/wp\/v2\/product_cat?post=7978"},{"taxonomy":"product_tag","embeddable":true,"href":"https:\/\/ecodom.md\/ro\/wp-json\/wp\/v2\/product_tag?post=7978"}],"curies":[{"name":"wp","href":"https:\/\/api.w.org\/{rel}","templated":true}]}}