{"id":7969,"date":"2022-11-27T21:10:40","date_gmt":"2022-11-27T19:10:40","guid":{"rendered":"https:\/\/ecodom.md\/?post_type=product&#038;p=7969"},"modified":"2024-12-02T14:09:24","modified_gmt":"2024-12-02T12:09:24","slug":"lampa-led-si-incarcare-wireless-qi-de-10-w-alb","status":"publish","type":"product","link":"https:\/\/ecodom.md\/ro\/cat\/lampa-led-si-incarcare-wireless-qi-de-10-w-alb\/","title":{"rendered":"Lamp\u0103 LED \u0219i \u00eenc\u0103rcare wireless QI de 10 W (alb)"},"content":{"rendered":"<p><strong>Avantaje<\/strong>:<br \/>\nConectarea la power-bank \u00een absen\u021ba energiei electrice, v\u0103 ofer\u0103 lumin\u0103 pentru o lung\u0103 perioad\u0103 de timp<br \/>\n10W &#8211; \u00eenc\u0103rcare rapid\u0103 a smartphone-ului<br \/>\nEconomic \u0219i ultra-eficient<br \/>\nFlexibil, ocup\u0103 orice pozi\u021bie<br \/>\n3 moduri de iluminare<br \/>\nEvit\u0103 intr\u0103rile libere \u0219i cablurile rupte<\/p>\n<p><strong>Sursa de alimentare nu este inclusa<\/strong><\/p>\n<p><strong>Culori disponibile: alb, turcoaz.<\/strong><\/p>\n<p>A\u0219eza\u021bi gadgetul inteligent pe desktop sau noptier\u0103, pute\u021bi \u00eenc\u0103rca smartphone-ul (Iphone 7 \u0219i mai sus, Samsung S-series, toate smartphone-urile cu standard de \u00eenc\u0103rcare wireless) prin simpla a\u0219ezare pe baz\u0103. Pe l\u00e2ng\u0103 \u00eenc\u0103rcarea rapid\u0103 f\u0103r\u0103 fir la 10 W, ve\u021bi ob\u021bine \u0219i o lamp\u0103 elegant\u0103 \u0219i confortabil\u0103.<\/p>\n<p><strong>Specifica\u021bie<\/strong><\/p>\n<p>model: XT-12 (culoare alb\u0103)<\/p>\n<p>PUTERE DE INTRARE: 18W<\/p>\n<p>Tensiune maxim\u0103 de intrare: 5V 2A \u0219i\/sau 9V 1.67A<\/p>\n<p>Putere: 10W<\/p>\n<p>Eficien\u021b\u0103 de \u00eenc\u0103rcare: 70%-80%<\/p>\n<p>Dimensiuni: 115*115*10mm<\/p>\n<p>Op\u021biuni \u0219i kit<\/p>\n<p>LAMPA CU LED<\/p>\n<p>CABLU USB<\/p>\n<p>MANUALUL UTILIZATORULUI<\/p>\n","protected":false},"excerpt":{"rendered":"<p>A\u0219eza\u021bi gadgetul inteligent pe desktop sau noptier\u0103, pute\u021bi \u00eenc\u0103rca smartphone-ul (Iphone 7 \u0219i mai sus, Samsung S-series, toate smartphone-urile cu standard de \u00eenc\u0103rcare wireless) prin simpla a\u0219ezare pe baz\u0103. Pe l\u00e2ng\u0103 \u00eenc\u0103rcarea rapid\u0103 f\u0103r\u0103 fir la 10 W, ve\u021bi ob\u021bine \u0219i o lamp\u0103 elegant\u0103 \u0219i confortabil\u0103.<\/p>\n","protected":false},"featured_media":10258,"comment_status":"open","ping_status":"closed","template":"","meta":[],"product_brand":[],"product_cat":[524],"product_tag":[280,285,570],"class_list":{"0":"post-7969","1":"product","2":"type-product","3":"status-publish","4":"has-post-thumbnail","6":"product_cat-lampi-inteligente-si-iluminat","7":"product_tag-casa-inteligenta","8":"product_tag-lampa-led","9":"product_tag-lampa-led-ro","11":"first","12":"instock","13":"shipping-taxable","14":"purchasable","15":"product-type-simple"},"aioseo_notices":[],"_links":{"self":[{"href":"https:\/\/ecodom.md\/ro\/wp-json\/wp\/v2\/product\/7969","targetHints":{"allow":["GET"]}}],"collection":[{"href":"https:\/\/ecodom.md\/ro\/wp-json\/wp\/v2\/product"}],"about":[{"href":"https:\/\/ecodom.md\/ro\/wp-json\/wp\/v2\/types\/product"}],"replies":[{"embeddable":true,"href":"https:\/\/ecodom.md\/ro\/wp-json\/wp\/v2\/comments?post=7969"}],"wp:featuredmedia":[{"embeddable":true,"href":"https:\/\/ecodom.md\/ro\/wp-json\/wp\/v2\/media\/10258"}],"wp:attachment":[{"href":"https:\/\/ecodom.md\/ro\/wp-json\/wp\/v2\/media?parent=7969"}],"wp:term":[{"taxonomy":"product_brand","embeddable":true,"href":"https:\/\/ecodom.md\/ro\/wp-json\/wp\/v2\/product_brand?post=7969"},{"taxonomy":"product_cat","embeddable":true,"href":"https:\/\/ecodom.md\/ro\/wp-json\/wp\/v2\/product_cat?post=7969"},{"taxonomy":"product_tag","embeddable":true,"href":"https:\/\/ecodom.md\/ro\/wp-json\/wp\/v2\/product_tag?post=7969"}],"curies":[{"name":"wp","href":"https:\/\/api.w.org\/{rel}","templated":true}]}}