{"id":12996,"date":"2026-02-04T12:38:51","date_gmt":"2026-02-04T10:38:51","guid":{"rendered":"https:\/\/ecodom.md\/?post_type=product&#038;p=12996"},"modified":"2026-02-04T12:43:43","modified_gmt":"2026-02-04T10:43:43","slug":"transmitator-de-securitate","status":"publish","type":"product","link":"https:\/\/ecodom.md\/ro\/cat\/transmitator-de-securitate\/","title":{"rendered":"Transmi\u021b\u0103tor de securitate"},"content":{"rendered":"<p><strong>Ajax MultiTransmitter<\/strong> este un modul universal pentru conectarea detectorilor cu fir ai altor produc\u0103tori la sistemul de securitate Ajax. Permite modernizarea sistemelor existente f\u0103r\u0103 \u00eenlocuirea senzorilor cabla\u021bi.<\/p>\n<p><strong>\ud83d\udccb Caracteristici:<\/strong><\/p>\n<p><em>\ud83d\udd10 Tip:<\/em> securitate inteligent\u0103, transmi\u021b\u0103tor<br \/>\n<em>\ud83e\uddf1 Instalare:<\/em> pe perete<br \/>\n<em>\ud83d\udea8 Num\u0103r zone alarm\u0103\/tamper:<\/em> 18<br \/>\n<strong>\ud83d\udd17 Tipuri de contacte suportate:<\/strong><br \/>\n\u2022 NO, NC (f\u0103r\u0103 rezistor)<br \/>\n\u2022 EOL (NC cu rezistor)<br \/>\n\u2022 EOL (NO cu rezistor)<br \/>\n<em>\u26a1 Rezisten\u021ba rezistorului EOL:<\/em> 1 k\u03a9 \u2013 7,5 k\u03a9<br \/>\n<em>\ud83d\udd01 Mod procesare alarm\u0103:<\/em> pulsat sau bistabil<br \/>\n<em>\ud83d\udd0c Alimentare principal\u0103:<\/em> 110\u2013255 V, 50\/60 Hz<br \/>\n<em>\ud83d\udd0b Alimentare de rezerv\u0103:<\/em> 12 V DC<br \/>\n<em>\ud83d\udccf Lungime maxim\u0103 cablu:<\/em> p\u00e2n\u0103 la 400 m<br \/>\n<em>\ud83d\udca7 Grad de protec\u021bie:<\/em> IP40<br \/>\n<em>\ud83c\udf21 Temperatur\u0103 de func\u021bionare:<\/em> \u221210 \u00b0C ~ +40 \u00b0C<br \/>\n<em>\ud83d\udd17 Compatibilitate:<\/em> toate hub-urile \u0219i extensiile de semnal Ajax<br \/>\n<strong>\ud83d\udce6 Con\u021binut pachet:<\/strong><br \/>\n\u2022 plac\u0103 transmi\u021b\u0103tor<br \/>\n\u2022 carcas\u0103<br \/>\n\u2022 cablu alimentare<br \/>\n\u2022 cablu conectare baterie<br \/>\n\u2022 kit de instalare<br \/>\n<em>\ud83c\udfa8 Culoare:<\/em> alb<br \/>\n<em>\ud83d\udcd0 Dimensiuni:<\/em> 192 \u00d7 238 \u00d7 100 mm<br \/>\n<em>\u2696\ufe0f Greutate:<\/em> 805 g<\/p>\n","protected":false},"excerpt":{"rendered":"<p><strong>Ajax MultiTransmitter<\/strong> este un modul universal pentru conectarea detectorilor cu fir ai altor produc\u0103tori la sistemul de securitate Ajax. Permite modernizarea sistemelor existente f\u0103r\u0103 \u00eenlocuirea senzorilor cabla\u021bi.<\/p>\n","protected":false},"featured_media":12991,"comment_status":"closed","ping_status":"closed","template":"","meta":[],"product_brand":[1622],"product_cat":[511],"product_tag":[671,1943,1941,1940,1942],"class_list":{"0":"post-12996","1":"product","2":"type-product","3":"status-publish","4":"has-post-thumbnail","6":"product_brand-ajax","7":"product_cat-securitate","8":"product_tag-casa-inteligenta-ro-2","9":"product_tag-modul-bezopasnosti-2","10":"product_tag-ohrannaya-sistema-2","11":"product_tag-peredatchik-ajax-2","12":"product_tag-podklyuchenie-provodnyh-datchikov-2","14":"first","15":"instock","16":"shipping-taxable","17":"purchasable","18":"product-type-simple"},"aioseo_notices":[],"_links":{"self":[{"href":"https:\/\/ecodom.md\/ro\/wp-json\/wp\/v2\/product\/12996","targetHints":{"allow":["GET"]}}],"collection":[{"href":"https:\/\/ecodom.md\/ro\/wp-json\/wp\/v2\/product"}],"about":[{"href":"https:\/\/ecodom.md\/ro\/wp-json\/wp\/v2\/types\/product"}],"replies":[{"embeddable":true,"href":"https:\/\/ecodom.md\/ro\/wp-json\/wp\/v2\/comments?post=12996"}],"wp:featuredmedia":[{"embeddable":true,"href":"https:\/\/ecodom.md\/ro\/wp-json\/wp\/v2\/media\/12991"}],"wp:attachment":[{"href":"https:\/\/ecodom.md\/ro\/wp-json\/wp\/v2\/media?parent=12996"}],"wp:term":[{"taxonomy":"product_brand","embeddable":true,"href":"https:\/\/ecodom.md\/ro\/wp-json\/wp\/v2\/product_brand?post=12996"},{"taxonomy":"product_cat","embeddable":true,"href":"https:\/\/ecodom.md\/ro\/wp-json\/wp\/v2\/product_cat?post=12996"},{"taxonomy":"product_tag","embeddable":true,"href":"https:\/\/ecodom.md\/ro\/wp-json\/wp\/v2\/product_tag?post=12996"}],"curies":[{"name":"wp","href":"https:\/\/api.w.org\/{rel}","templated":true}]}}