{"id":12988,"date":"2026-02-04T12:26:04","date_gmt":"2026-02-04T10:26:04","guid":{"rendered":"https:\/\/ecodom.md\/?post_type=product&#038;p=12988"},"modified":"2026-02-04T12:31:06","modified_gmt":"2026-02-04T10:31:06","slug":"sirena-de-securitate","status":"publish","type":"product","link":"https:\/\/ecodom.md\/ro\/cat\/sirena-de-securitate\/","title":{"rendered":"Siren\u0103 de securitate"},"content":{"rendered":"<p><strong>Ajax HomeSiren<\/strong> este o siren\u0103 wireless compact\u0103, destinat\u0103 utiliz\u0103rii la interior. Reac\u021bioneaz\u0103 instantaneu la alarme \u0219i ofer\u0103 notificare sonor\u0103 clar\u0103 pentru un nivel sporit de securitate \u00een locuin\u021b\u0103 sau birou.<\/p>\n<p><strong>\ud83d\udccb Caracteristici:<\/strong><\/p>\n<p><em>\ud83d\udea8 Tip:<\/em> securitate inteligent\u0103, siren\u0103<br \/>\n<em>\ud83c\udfe0 Instalare:<\/em> interior<br \/>\n<em>\u23f1 Timp de reac\u021bie:<\/em> 0,15 sec<br \/>\n<em>\ud83d\udd14 Tip notificare:<\/em> sonor\u0103<br \/>\n<em>\ud83d\udd0a Nivel volum:<\/em> 81\u2013105 dB<br \/>\n<em>\ud83d\udca7 Grad de protec\u021bie:<\/em> IP50<br \/>\n<em>\ud83c\udf21 Temperatur\u0103 de func\u021bionare:<\/em> \u221210 \u00b0C ~ +40 \u00b0C<br \/>\n<em>\ud83d\udd17 Compatibilitate:<\/em> hub-uri Ajax, extensii de semnal<br \/>\n<em>\ud83d\udd0b Alimentare:<\/em> baterii<br \/>\n<em>\ud83d\udd0b Baterii necesare:<\/em> 2 \u00d7 CR123A<br \/>\n<strong>\ud83d\udce6 Con\u021binut pachet:<\/strong><br \/>\n\u2022 siren\u0103<br \/>\n\u2022 panou de montaj<br \/>\n\u2022 conector pentru indicator LED<br \/>\n\u2022 2 \u00d7 baterii CR123A<br \/>\n\u2022 set de instalare<br \/>\n<em>\ud83c\udfa8 Culoare:<\/em> alb<br \/>\n<em>\ud83d\udcd0 Dimensiuni:<\/em> 75 \u00d7 76 \u00d7 27 mm<br \/>\n<em>\u2696\ufe0f Greutate:<\/em> 97 g<\/p>\n","protected":false},"excerpt":{"rendered":"<p><strong>Ajax HomeSiren<\/strong> este o siren\u0103 wireless compact\u0103, destinat\u0103 utiliz\u0103rii la interior. Reac\u021bioneaz\u0103 instantaneu la alarme \u0219i ofer\u0103 notificare sonor\u0103 clar\u0103 pentru un nivel sporit de securitate \u00een locuin\u021b\u0103 sau birou.<\/p>\n","protected":false},"featured_media":12981,"comment_status":"closed","ping_status":"closed","template":"","meta":[],"product_brand":[1622],"product_cat":[520],"product_tag":[1639,1830,1935,280,1931,1932,1771],"class_list":{"0":"post-12988","1":"product","2":"type-product","3":"status-publish","4":"has-post-thumbnail","6":"product_brand-ajax","7":"product_cat-securitate-si-alarma","8":"product_tag-ajax-2","9":"product_tag-alarma-ajax","10":"product_tag-alarma-interior","11":"product_tag-casa-inteligenta","12":"product_tag-sirena-de-securitate","13":"product_tag-sirena-wireless","14":"product_tag-sistem-de-securitate","16":"first","17":"instock","18":"shipping-taxable","19":"purchasable","20":"product-type-simple"},"aioseo_notices":[],"_links":{"self":[{"href":"https:\/\/ecodom.md\/ro\/wp-json\/wp\/v2\/product\/12988","targetHints":{"allow":["GET"]}}],"collection":[{"href":"https:\/\/ecodom.md\/ro\/wp-json\/wp\/v2\/product"}],"about":[{"href":"https:\/\/ecodom.md\/ro\/wp-json\/wp\/v2\/types\/product"}],"replies":[{"embeddable":true,"href":"https:\/\/ecodom.md\/ro\/wp-json\/wp\/v2\/comments?post=12988"}],"wp:featuredmedia":[{"embeddable":true,"href":"https:\/\/ecodom.md\/ro\/wp-json\/wp\/v2\/media\/12981"}],"wp:attachment":[{"href":"https:\/\/ecodom.md\/ro\/wp-json\/wp\/v2\/media?parent=12988"}],"wp:term":[{"taxonomy":"product_brand","embeddable":true,"href":"https:\/\/ecodom.md\/ro\/wp-json\/wp\/v2\/product_brand?post=12988"},{"taxonomy":"product_cat","embeddable":true,"href":"https:\/\/ecodom.md\/ro\/wp-json\/wp\/v2\/product_cat?post=12988"},{"taxonomy":"product_tag","embeddable":true,"href":"https:\/\/ecodom.md\/ro\/wp-json\/wp\/v2\/product_tag?post=12988"}],"curies":[{"name":"wp","href":"https:\/\/api.w.org\/{rel}","templated":true}]}}