{"id":12978,"date":"2026-02-04T12:02:59","date_gmt":"2026-02-04T10:02:59","guid":{"rendered":"https:\/\/ecodom.md\/?post_type=product&#038;p=12978"},"modified":"2026-02-04T12:10:34","modified_gmt":"2026-02-04T10:10:34","slug":"sirena-de-securitate-pentru-exterior-2","status":"publish","type":"product","link":"https:\/\/ecodom.md\/ro\/cat\/sirena-de-securitate-pentru-exterior-2\/","title":{"rendered":"Siren\u0103 de securitate pentru exterior"},"content":{"rendered":"<p><strong>Ajax StreetSiren<\/strong> este o siren\u0103 wireless fiabil\u0103, cu notificare sonor\u0103 \u0219i luminoas\u0103 puternic\u0103. Poate fi instalat\u0103 at\u00e2t la interior, c\u00e2t \u0219i la exterior \u0219i ofer\u0103 control complet prin aplica\u021bia Ajax.<\/p>\n<p><strong>\ud83d\udccb Caracteristici:<\/strong><\/p>\n<p><em>\ud83d\udea8 Tip:<\/em> securitate inteligent\u0103, siren\u0103<br \/>\n<em>\ud83c\udfe0 Metod\u0103 de instalare:<\/em> interior \/ exterior<br \/>\n<em>\ud83d\udd17 Compatibilitate:<\/em> toate hub-urile Ajax \u0219i extensiile de semnal radio<br \/>\n<em>\ud83d\udd14 Tip notificare:<\/em> acustic\u0103 \u0219i LED<br \/>\n<em>\ud83d\udd0a Volum alarm\u0103:<\/em> 85\u2013113 dB (la 1 m, reglabil din aplica\u021bia Ajax)<br \/>\n<em>\u23f1 Durat\u0103 alarm\u0103:<\/em> 3\u2013180 sec (reglabil din aplica\u021bia Ajax)<br \/>\n<em>\ud83d\udd12 Indicare mod armare:<\/em> da<br \/>\n<em>\ud83d\udca7 Grad de protec\u021bie:<\/em> IP54<br \/>\n<em>\ud83c\udf21 Temperatur\u0103 de func\u021bionare:<\/em> \u221225 \u00b0C ~ +50 \u00b0C<br \/>\n<em>\ud83d\udd0b Alimentare:<\/em> baterii<br \/>\n<em>\ud83d\udd0b Baterii necesare:<\/em> 4 \u00d7 CR123A<br \/>\n<em>\ud83d\udce6 Con\u021binut pachet:<\/em><br \/>\n\u2022 siren\u0103<br \/>\n\u2022 panou de montaj<br \/>\n\u2022 4 \u00d7 baterii CR123A<br \/>\n\u2022 kit de instalare<br \/>\n<em>\ud83c\udfa8 Culoare:<\/em> alb<br \/>\n<em>\ud83d\udcd0 Dimensiuni:<\/em> 200 \u00d7 200 \u00d7 51 mm<br \/>\n<em>\u2696\ufe0f Greutate:<\/em> 528 g<\/p>\n","protected":false},"excerpt":{"rendered":"<p><strong>Ajax StreetSiren<\/strong> este o siren\u0103 wireless fiabil\u0103, cu notificare sonor\u0103 \u0219i luminoas\u0103 puternic\u0103. Poate fi instalat\u0103 at\u00e2t la interior, c\u00e2t \u0219i la exterior \u0219i ofer\u0103 control complet prin aplica\u021bia Ajax.<\/p>\n","protected":false},"featured_media":12970,"comment_status":"closed","ping_status":"closed","template":"","meta":[],"product_brand":[1622],"product_cat":[520],"product_tag":[1639,1830,1933,280,1931,1932,1771],"class_list":{"0":"post-12978","1":"product","2":"type-product","3":"status-publish","4":"has-post-thumbnail","6":"product_brand-ajax","7":"product_cat-securitate-si-alarma","8":"product_tag-ajax-2","9":"product_tag-alarma-ajax","10":"product_tag-alarma-exterior","11":"product_tag-casa-inteligenta","12":"product_tag-sirena-de-securitate","13":"product_tag-sirena-wireless","14":"product_tag-sistem-de-securitate","16":"first","17":"instock","18":"shipping-taxable","19":"purchasable","20":"product-type-simple"},"aioseo_notices":[],"_links":{"self":[{"href":"https:\/\/ecodom.md\/ro\/wp-json\/wp\/v2\/product\/12978","targetHints":{"allow":["GET"]}}],"collection":[{"href":"https:\/\/ecodom.md\/ro\/wp-json\/wp\/v2\/product"}],"about":[{"href":"https:\/\/ecodom.md\/ro\/wp-json\/wp\/v2\/types\/product"}],"replies":[{"embeddable":true,"href":"https:\/\/ecodom.md\/ro\/wp-json\/wp\/v2\/comments?post=12978"}],"wp:featuredmedia":[{"embeddable":true,"href":"https:\/\/ecodom.md\/ro\/wp-json\/wp\/v2\/media\/12970"}],"wp:attachment":[{"href":"https:\/\/ecodom.md\/ro\/wp-json\/wp\/v2\/media?parent=12978"}],"wp:term":[{"taxonomy":"product_brand","embeddable":true,"href":"https:\/\/ecodom.md\/ro\/wp-json\/wp\/v2\/product_brand?post=12978"},{"taxonomy":"product_cat","embeddable":true,"href":"https:\/\/ecodom.md\/ro\/wp-json\/wp\/v2\/product_cat?post=12978"},{"taxonomy":"product_tag","embeddable":true,"href":"https:\/\/ecodom.md\/ro\/wp-json\/wp\/v2\/product_tag?post=12978"}],"curies":[{"name":"wp","href":"https:\/\/api.w.org\/{rel}","templated":true}]}}