{"id":12967,"date":"2026-02-04T11:32:03","date_gmt":"2026-02-04T09:32:03","guid":{"rendered":"https:\/\/ecodom.md\/?post_type=product&#038;p=12967"},"modified":"2026-02-04T11:36:15","modified_gmt":"2026-02-04T09:36:15","slug":"sirena-de-securitate-pentru-exterior","status":"publish","type":"product","link":"https:\/\/ecodom.md\/ro\/cat\/sirena-de-securitate-pentru-exterior\/","title":{"rendered":"Siren\u0103 de securitate pentru exterior"},"content":{"rendered":"<p><strong>Ajax StreetSiren<\/strong> este o siren\u0103 wireless puternic\u0103 pentru notificare instantanee \u00een caz de alarm\u0103. Poate fi instalat\u0103 at\u00e2t la exterior, c\u00e2t \u0219i la interior, oferind avertizare sonor\u0103 \u0219i luminoas\u0103 pentru protec\u021bie maxim\u0103.<\/p>\n<p><strong>\ud83d\udccb Caracteristici:<\/strong><\/p>\n<p><em>\ud83d\udea8 Tip:<\/em> securitate inteligent\u0103, siren\u0103<br \/>\n<em>\u23f1 Timp de declan\u0219are:<\/em> 0,3 sec<br \/>\n<em>\ud83d\udd14 Tip notificare:<\/em> sunet \u0219i lumin\u0103<br \/>\n<em>\ud83d\udd0a Nivel volum:<\/em> 85\u2013113 dB<br \/>\n<em>\ud83d\udca7 Grad de protec\u021bie:<\/em> IP54<br \/>\n<em>\ud83c\udfe0 Instalare:<\/em> exterior \/ interior<br \/>\n<em>\ud83c\udf21 Temperatur\u0103 de func\u021bionare:<\/em> \u221225 \u00b0C ~ +50 \u00b0C<br \/>\n<em>\ud83d\udd17 Compatibilitate:<\/em> hub-uri Ajax, extensii de semnal radio Ajax<br \/>\n<em>\ud83d\udd0b Alimentare:<\/em> baterii<br \/>\n<em>\ud83d\udd0b Baterii necesare:<\/em> 4 \u00d7 CR123A<br \/>\n<em>\ud83c\udfa8 Culoare:<\/em> negru<br \/>\n<em>\ud83d\udcd0 Dimensiuni:<\/em> 200 \u00d7 200 \u00d7 51 mm<br \/>\n<em>\u2696\ufe0f Greutate:<\/em> 528 g<\/p>\n","protected":false},"excerpt":{"rendered":"<p><strong>Ajax StreetSiren<\/strong> este o siren\u0103 wireless puternic\u0103 pentru notificare instantanee \u00een caz de alarm\u0103. Poate fi instalat\u0103 at\u00e2t la exterior, c\u00e2t \u0219i la interior, oferind avertizare sonor\u0103 \u0219i luminoas\u0103 pentru protec\u021bie maxim\u0103.<\/p>\n","protected":false},"featured_media":12962,"comment_status":"closed","ping_status":"closed","template":"","meta":[],"product_brand":[1622],"product_cat":[511,520],"product_tag":[1639,1830,1933,280,1931,1932,1771],"class_list":{"0":"post-12967","1":"product","2":"type-product","3":"status-publish","4":"has-post-thumbnail","6":"product_brand-ajax","7":"product_cat-securitate","8":"product_cat-securitate-si-alarma","9":"product_tag-ajax-2","10":"product_tag-alarma-ajax","11":"product_tag-alarma-exterior","12":"product_tag-casa-inteligenta","13":"product_tag-sirena-de-securitate","14":"product_tag-sirena-wireless","15":"product_tag-sistem-de-securitate","17":"first","18":"instock","19":"shipping-taxable","20":"purchasable","21":"product-type-simple"},"aioseo_notices":[],"_links":{"self":[{"href":"https:\/\/ecodom.md\/ro\/wp-json\/wp\/v2\/product\/12967","targetHints":{"allow":["GET"]}}],"collection":[{"href":"https:\/\/ecodom.md\/ro\/wp-json\/wp\/v2\/product"}],"about":[{"href":"https:\/\/ecodom.md\/ro\/wp-json\/wp\/v2\/types\/product"}],"replies":[{"embeddable":true,"href":"https:\/\/ecodom.md\/ro\/wp-json\/wp\/v2\/comments?post=12967"}],"wp:featuredmedia":[{"embeddable":true,"href":"https:\/\/ecodom.md\/ro\/wp-json\/wp\/v2\/media\/12962"}],"wp:attachment":[{"href":"https:\/\/ecodom.md\/ro\/wp-json\/wp\/v2\/media?parent=12967"}],"wp:term":[{"taxonomy":"product_brand","embeddable":true,"href":"https:\/\/ecodom.md\/ro\/wp-json\/wp\/v2\/product_brand?post=12967"},{"taxonomy":"product_cat","embeddable":true,"href":"https:\/\/ecodom.md\/ro\/wp-json\/wp\/v2\/product_cat?post=12967"},{"taxonomy":"product_tag","embeddable":true,"href":"https:\/\/ecodom.md\/ro\/wp-json\/wp\/v2\/product_tag?post=12967"}],"curies":[{"name":"wp","href":"https:\/\/api.w.org\/{rel}","templated":true}]}}