{"id":12932,"date":"2026-01-15T13:01:23","date_gmt":"2026-01-15T11:01:23","guid":{"rendered":"https:\/\/ecodom.md\/?post_type=product&#038;p=12932"},"modified":"2026-01-15T13:04:37","modified_gmt":"2026-01-15T11:04:37","slug":"modul-de-intrerupator-inteligent-tp-link","status":"publish","type":"product","link":"https:\/\/ecodom.md\/ro\/cat\/modul-de-intrerupator-inteligent-tp-link\/","title":{"rendered":"Modul de \u00eentrerup\u0103tor inteligent TP-Link"},"content":{"rendered":"<p><strong>TP-Link Tapo S112<\/strong> este un modul inteligent compact care transform\u0103 un \u00eentrerup\u0103tor obi\u0219nuit \u00eentr-unul smart. Ideal pentru montaj ascuns \u0219i integrare \u00eentr-un sistem de cas\u0103 inteligent\u0103.<\/p>\n<p><strong>\ud83d\udccb Caracteristici:<\/strong><\/p>\n<p><em>\ud83d\udd10 Tip:<\/em> securitate inteligent\u0103<br \/>\n<em>\ud83d\udca1 Utilizare:<\/em> \u00eentrerup\u0103tor inteligent<br \/>\n<em>\ud83c\udfe0 Instalare:<\/em> interior<br \/>\n<em>\ud83c\udf21 Temperatur\u0103 de func\u021bionare:<\/em> -20\u00b0C ~ +40\u00b0C<br \/>\n<em>\ud83c\udfa8 Culoare:<\/em> alb<br \/>\n<strong>\ud83d\udce6 Con\u021binut pachet:<\/strong><br \/>\n\u2022 fire jumper \u2014 3 buc.<br \/>\n\u2022 etichete pentru cabluri<br \/>\n<em>\ud83d\udcd0 Dimensiuni:<\/em> 44.7 \u00d7 40.7 \u00d7 16.1 mm<\/p>\n","protected":false},"excerpt":{"rendered":"<p><strong>TP-Link Tapo S112<\/strong> este un modul inteligent compact care transform\u0103 un \u00eentrerup\u0103tor obi\u0219nuit \u00eentr-unul smart. Ideal pentru montaj ascuns \u0219i integrare \u00eentr-un sistem de cas\u0103 inteligent\u0103.<\/p>\n","protected":false},"featured_media":12929,"comment_status":"closed","ping_status":"closed","template":"","meta":[],"product_brand":[1325],"product_cat":[522],"product_tag":[1119,280,1113,668,1922,1921,1410],"class_list":{"0":"post-12932","1":"product","2":"type-product","3":"status-publish","4":"has-post-thumbnail","6":"product_brand-tp-link","7":"product_cat-intrerupatoare-inteligente","8":"product_tag-automatizare-locuinta","9":"product_tag-casa-inteligenta","10":"product_tag-control-iluminat","11":"product_tag-intrerupator-inteligent","12":"product_tag-smart-switch","13":"product_tag-tapo","14":"product_tag-tp-link-2","16":"first","17":"instock","18":"shipping-taxable","19":"purchasable","20":"product-type-simple"},"aioseo_notices":[],"_links":{"self":[{"href":"https:\/\/ecodom.md\/ro\/wp-json\/wp\/v2\/product\/12932","targetHints":{"allow":["GET"]}}],"collection":[{"href":"https:\/\/ecodom.md\/ro\/wp-json\/wp\/v2\/product"}],"about":[{"href":"https:\/\/ecodom.md\/ro\/wp-json\/wp\/v2\/types\/product"}],"replies":[{"embeddable":true,"href":"https:\/\/ecodom.md\/ro\/wp-json\/wp\/v2\/comments?post=12932"}],"wp:featuredmedia":[{"embeddable":true,"href":"https:\/\/ecodom.md\/ro\/wp-json\/wp\/v2\/media\/12929"}],"wp:attachment":[{"href":"https:\/\/ecodom.md\/ro\/wp-json\/wp\/v2\/media?parent=12932"}],"wp:term":[{"taxonomy":"product_brand","embeddable":true,"href":"https:\/\/ecodom.md\/ro\/wp-json\/wp\/v2\/product_brand?post=12932"},{"taxonomy":"product_cat","embeddable":true,"href":"https:\/\/ecodom.md\/ro\/wp-json\/wp\/v2\/product_cat?post=12932"},{"taxonomy":"product_tag","embeddable":true,"href":"https:\/\/ecodom.md\/ro\/wp-json\/wp\/v2\/product_tag?post=12932"}],"curies":[{"name":"wp","href":"https:\/\/api.w.org\/{rel}","templated":true}]}}