{"id":12922,"date":"2026-01-14T16:26:28","date_gmt":"2026-01-14T14:26:28","guid":{"rendered":"https:\/\/ecodom.md\/?post_type=product&#038;p=12922"},"modified":"2026-01-14T16:30:19","modified_gmt":"2026-01-14T14:30:19","slug":"sistem-de-inchidere-inteligent-aqara-negru-2","status":"publish","type":"product","link":"https:\/\/ecodom.md\/ro\/cat\/sistem-de-inchidere-inteligent-aqara-negru-2\/","title":{"rendered":"Sistem de \u00eenchidere inteligent Aqara, negru"},"content":{"rendered":"<p><strong>Aqara Smart Lock U200<\/strong> este o \u00eencuietoare inteligent\u0103 versatil\u0103, potrivit\u0103 at\u00e2t pentru utilizare \u00een interior, c\u00e2t \u0219i \u00een exterior. Ofer\u0103 un nivel ridicat de securitate, protec\u021bie \u00eempotriva apei \u0219i func\u021bionare stabil\u0103 \u00eentr-un interval larg de temperaturi. Ideal\u0103 pentru sisteme Smart Security \u0219i case inteligente.<\/p>\n<p><strong>\ud83d\udccb Caracteristici<\/strong><\/p>\n<p><em>Tip:<\/em> Smart Security, \u00eencuietoare inteligent\u0103<br \/>\n<em>Instalare:<\/em> interior \/ exterior<br \/>\n<em>Surs\u0103 de alimentare:<\/em> baterie<br \/>\n<em>Temperatura de func\u021bionare:<\/em> -15\u00b0C \u2013 +66\u00b0C<br \/>\n<em>Clas\u0103 de protec\u021bie:<\/em> IPX5<br \/>\n<em>Culoare:<\/em> negru<br \/>\n<em>Dimensiuni:<\/em> 62.3 \u00d7 60.6 \u00d7 152.5 mm<br \/>\n<em>Greutate:<\/em> 1000 g<br \/>\n<em>Con\u021binut:<\/em> panou interschimbabil, card NFC, kit adaptor, set \u0219uruburi, 4\u00d7 baterii AAA, adaptor pentru baterie 1\u00d7AA<\/p>\n","protected":false},"excerpt":{"rendered":"<p><strong>Aqara Smart Lock U200<\/strong> este o \u00eencuietoare inteligent\u0103 versatil\u0103, potrivit\u0103 at\u00e2t pentru utilizare \u00een interior, c\u00e2t \u0219i \u00een exterior. Ofer\u0103 un nivel ridicat de securitate, protec\u021bie \u00eempotriva apei \u0219i func\u021bionare stabil\u0103 \u00eentr-un interval larg de temperaturi. Ideal\u0103 pentru sisteme Smart Security \u0219i case inteligente.<\/p>\n","protected":false},"featured_media":12917,"comment_status":"closed","ping_status":"closed","template":"","meta":[],"product_brand":[1301],"product_cat":[523],"product_tag":[1657,280,1915,1914,1913,1834],"class_list":{"0":"post-12922","1":"product","2":"type-product","3":"status-publish","4":"has-post-thumbnail","6":"product_brand-aqara","7":"product_cat-lacate-inteligente","8":"product_tag-aqara-2","9":"product_tag-casa-inteligenta","10":"product_tag-lacata-inteligenta","11":"product_tag-nfc-2","12":"product_tag-smart-lock-2","13":"product_tag-smart-security-2","15":"first","16":"instock","17":"shipping-taxable","18":"purchasable","19":"product-type-simple"},"aioseo_notices":[],"_links":{"self":[{"href":"https:\/\/ecodom.md\/ro\/wp-json\/wp\/v2\/product\/12922","targetHints":{"allow":["GET"]}}],"collection":[{"href":"https:\/\/ecodom.md\/ro\/wp-json\/wp\/v2\/product"}],"about":[{"href":"https:\/\/ecodom.md\/ro\/wp-json\/wp\/v2\/types\/product"}],"replies":[{"embeddable":true,"href":"https:\/\/ecodom.md\/ro\/wp-json\/wp\/v2\/comments?post=12922"}],"wp:featuredmedia":[{"embeddable":true,"href":"https:\/\/ecodom.md\/ro\/wp-json\/wp\/v2\/media\/12917"}],"wp:attachment":[{"href":"https:\/\/ecodom.md\/ro\/wp-json\/wp\/v2\/media?parent=12922"}],"wp:term":[{"taxonomy":"product_brand","embeddable":true,"href":"https:\/\/ecodom.md\/ro\/wp-json\/wp\/v2\/product_brand?post=12922"},{"taxonomy":"product_cat","embeddable":true,"href":"https:\/\/ecodom.md\/ro\/wp-json\/wp\/v2\/product_cat?post=12922"},{"taxonomy":"product_tag","embeddable":true,"href":"https:\/\/ecodom.md\/ro\/wp-json\/wp\/v2\/product_tag?post=12922"}],"curies":[{"name":"wp","href":"https:\/\/api.w.org\/{rel}","templated":true}]}}