{"id":12914,"date":"2026-01-14T16:08:41","date_gmt":"2026-01-14T14:08:41","guid":{"rendered":"https:\/\/ecodom.md\/?post_type=product&#038;p=12914"},"modified":"2026-01-14T16:19:26","modified_gmt":"2026-01-14T14:19:26","slug":"sistem-de-inchidere-inteligent-aqara-negru","status":"publish","type":"product","link":"https:\/\/ecodom.md\/ro\/cat\/sistem-de-inchidere-inteligent-aqara-negru\/","title":{"rendered":"Sistem de \u00eenchidere inteligent Aqara, negru"},"content":{"rendered":"<p><strong>\u00cencuietoare inteligent\u0103<\/strong> pentru sistemele Smart Security, proiectat\u0103 pentru un control sigur \u0219i modern al accesului. Aqara N100 permite gestionarea u\u0219ii prin Bluetooth, oferind un nivel ridicat de securitate \u0219i un design elegant, potrivit pentru locuin\u021be \u0219i spa\u021bii comerciale.<\/p>\n<p><strong>\ud83d\udccb Caracteristici<\/strong><\/p>\n<p><em>Tip:<\/em> Smart Security, \u00eencuietoare inteligent\u0103<br \/>\n<em>Conectivitate:<\/em> Bluetooth<br \/>\n<em>Indicator LED:<\/em> da<br \/>\n<em>Surs\u0103 de alimentare:<\/em> baterie<br \/>\n<em>Temperatura de func\u021bionare:<\/em> -10\u00b0C \u2013 +55\u00b0C<br \/>\n<em>Culoare:<\/em> negru<br \/>\n<em>Dimensiuni:<\/em> 380.9 \u00d7 76.9 \u00d7 25 mm<br \/>\n<em>Greutate:<\/em> 4200 g<\/p>\n","protected":false},"excerpt":{"rendered":"<p><strong>\u00cencuietoare inteligent\u0103<\/strong> pentru sistemele Smart Security, proiectat\u0103 pentru un control sigur \u0219i modern al accesului. Aqara N100 permite gestionarea u\u0219ii prin Bluetooth, oferind un nivel ridicat de securitate \u0219i un design elegant, potrivit pentru locuin\u021be \u0219i spa\u021bii comerciale.<\/p>\n","protected":false},"featured_media":12913,"comment_status":"closed","ping_status":"closed","template":"","meta":[],"product_brand":[1301],"product_cat":[523],"product_tag":[1657,280,1908,604],"class_list":{"0":"post-12914","1":"product","2":"type-product","3":"status-publish","4":"has-post-thumbnail","6":"product_brand-aqara","7":"product_cat-lacate-inteligente","8":"product_tag-aqara-2","9":"product_tag-casa-inteligenta","10":"product_tag-incuietoare-inteligenta","11":"product_tag-securitate","13":"first","14":"instock","15":"shipping-taxable","16":"product-type-simple"},"aioseo_notices":[],"_links":{"self":[{"href":"https:\/\/ecodom.md\/ro\/wp-json\/wp\/v2\/product\/12914","targetHints":{"allow":["GET"]}}],"collection":[{"href":"https:\/\/ecodom.md\/ro\/wp-json\/wp\/v2\/product"}],"about":[{"href":"https:\/\/ecodom.md\/ro\/wp-json\/wp\/v2\/types\/product"}],"replies":[{"embeddable":true,"href":"https:\/\/ecodom.md\/ro\/wp-json\/wp\/v2\/comments?post=12914"}],"wp:featuredmedia":[{"embeddable":true,"href":"https:\/\/ecodom.md\/ro\/wp-json\/wp\/v2\/media\/12913"}],"wp:attachment":[{"href":"https:\/\/ecodom.md\/ro\/wp-json\/wp\/v2\/media?parent=12914"}],"wp:term":[{"taxonomy":"product_brand","embeddable":true,"href":"https:\/\/ecodom.md\/ro\/wp-json\/wp\/v2\/product_brand?post=12914"},{"taxonomy":"product_cat","embeddable":true,"href":"https:\/\/ecodom.md\/ro\/wp-json\/wp\/v2\/product_cat?post=12914"},{"taxonomy":"product_tag","embeddable":true,"href":"https:\/\/ecodom.md\/ro\/wp-json\/wp\/v2\/product_tag?post=12914"}],"curies":[{"name":"wp","href":"https:\/\/api.w.org\/{rel}","templated":true}]}}