{"id":12910,"date":"2026-01-14T15:56:09","date_gmt":"2026-01-14T13:56:09","guid":{"rendered":"https:\/\/ecodom.md\/?post_type=product&#038;p=12910"},"modified":"2026-01-14T16:01:58","modified_gmt":"2026-01-14T14:01:58","slug":"releu-inteligent-de-putere-wireless-ajax-negru","status":"publish","type":"product","link":"https:\/\/ecodom.md\/ro\/cat\/releu-inteligent-de-putere-wireless-ajax-negru\/","title":{"rendered":"Releu inteligent de putere wireless Ajax, negru"},"content":{"rendered":"<p><strong>\u26a1 Ajax WallSwitch<\/strong> \u2014 control inteligent al aliment\u0103rii<\/p>\n<p>Releu inteligent wireless pentru controlul de la distan\u021b\u0103 al dispozitivelor electrice \u0219i iluminatului. Se monteaz\u0103 ascuns \u00een doz\u0103 de perete \u0219i func\u021bioneaz\u0103 \u00een cadrul sistemului de securitate Ajax, oferind control, protec\u021bie \u0219i automatizare.<\/p>\n<p><strong>\ud83d\udccb Caracteristici<\/strong><\/p>\n<p><em>Tip:<\/em> releu inteligent de putere<\/p>\n<p><em>Destina\u021bie:<\/em> Smart Security<\/p>\n<p><em>Montaj:<\/em> \u00een doz\u0103 de perete<\/p>\n<p><em>Compatibilitate:<\/em> toate hub-urile Ajax \u0219i extensiile de raz\u0103<\/p>\n<p><em>Element de ac\u021bionare:<\/em> releu<\/p>\n<p><em>Surs\u0103 de alimentare:<\/em> re\u021bea<\/p>\n<p><em>Tensiune de alimentare:<\/em> 110\u2013230 V<\/p>\n<p><strong>\ud83d\udd12 Protec\u021bie la tensiune:<\/strong><\/p>\n<p><em>Pentru re\u021beaua de 230 V:<\/em><\/p>\n<p>maxim \u2014 264 V<\/p>\n<p>minim \u2014 161 V<\/p>\n<p><em>Pentru re\u021beaua de 110 V:<\/em><\/p>\n<p>maxim \u2014 126 V<\/p>\n<p>minim \u2014 77 V<\/p>\n<p><em>Durata de via\u021b\u0103 a releului:<\/em> 200.000 comut\u0103ri<\/p>\n<p><em>Clas\u0103 de protec\u021bie:<\/em> IP20<\/p>\n<p><em>Timp de livrare a semnalului de alarm\u0103:<\/em> 0,15 sec<\/p>\n<p><em>Temperatura de func\u021bionare:<\/em> 0\u00b0C \u2013 +64\u00b0C<\/p>\n","protected":false},"excerpt":{"rendered":"<p><strong>\u26a1 Ajax WallSwitch<\/strong> \u2014 control inteligent al aliment\u0103rii<\/p>\n<p>Releu inteligent wireless pentru controlul de la distan\u021b\u0103 al dispozitivelor electrice \u0219i iluminatului. Se monteaz\u0103 ascuns \u00een doz\u0103 de perete \u0219i func\u021bioneaz\u0103 \u00een cadrul sistemului de securitate Ajax, oferind control, protec\u021bie \u0219i automatizare.<\/p>\n","protected":false},"featured_media":12903,"comment_status":"closed","ping_status":"closed","template":"","meta":[],"product_brand":[1622],"product_cat":[525],"product_tag":[1123,280,1905,604,1904],"class_list":{"0":"post-12910","1":"product","2":"type-product","3":"status-publish","4":"has-post-thumbnail","6":"product_brand-ajax","7":"product_cat-relee-inteligente-dimmere","8":"product_tag-automatizare","9":"product_tag-casa-inteligenta","10":"product_tag-releuinteligent","11":"product_tag-securitate","12":"product_tag-smarthome-2","14":"first","15":"instock","16":"shipping-taxable","17":"purchasable","18":"product-type-simple"},"aioseo_notices":[],"_links":{"self":[{"href":"https:\/\/ecodom.md\/ro\/wp-json\/wp\/v2\/product\/12910","targetHints":{"allow":["GET"]}}],"collection":[{"href":"https:\/\/ecodom.md\/ro\/wp-json\/wp\/v2\/product"}],"about":[{"href":"https:\/\/ecodom.md\/ro\/wp-json\/wp\/v2\/types\/product"}],"replies":[{"embeddable":true,"href":"https:\/\/ecodom.md\/ro\/wp-json\/wp\/v2\/comments?post=12910"}],"wp:featuredmedia":[{"embeddable":true,"href":"https:\/\/ecodom.md\/ro\/wp-json\/wp\/v2\/media\/12903"}],"wp:attachment":[{"href":"https:\/\/ecodom.md\/ro\/wp-json\/wp\/v2\/media?parent=12910"}],"wp:term":[{"taxonomy":"product_brand","embeddable":true,"href":"https:\/\/ecodom.md\/ro\/wp-json\/wp\/v2\/product_brand?post=12910"},{"taxonomy":"product_cat","embeddable":true,"href":"https:\/\/ecodom.md\/ro\/wp-json\/wp\/v2\/product_cat?post=12910"},{"taxonomy":"product_tag","embeddable":true,"href":"https:\/\/ecodom.md\/ro\/wp-json\/wp\/v2\/product_tag?post=12910"}],"curies":[{"name":"wp","href":"https:\/\/api.w.org\/{rel}","templated":true}]}}