{"id":12890,"date":"2026-01-14T15:24:07","date_gmt":"2026-01-14T13:24:07","guid":{"rendered":"https:\/\/ecodom.md\/?post_type=product&#038;p=12890"},"modified":"2026-01-14T15:28:39","modified_gmt":"2026-01-14T13:28:39","slug":"hub-inteligent-tp-link-tapo-2","status":"publish","type":"product","link":"https:\/\/ecodom.md\/ro\/cat\/hub-inteligent-tp-link-tapo-2\/","title":{"rendered":"Hub inteligent TP-Link Tapo"},"content":{"rendered":"<p><strong>TP-Link Tapo H100<\/strong> este un hub inteligent compact care conecteaz\u0103 p\u00e2n\u0103 la 64 de dispozitive Tapo \u00eentr-o re\u021bea stabil\u0103 \u0219i eficient\u0103. Asigur\u0103 conexiuni pe distan\u021b\u0103 lung\u0103, consum redus de energie \u0219i suport pentru alarme inteligente \u0219i sistem de sonerie smart.<\/p>\n<p><strong>\u2728 Caracteristici:<\/strong><\/p>\n<p><em>\ud83d\udee1 Tip:<\/em> Smart Hub<\/p>\n<p><em>\ud83c\udfe0 Instalare:<\/em> interior<\/p>\n<p><em>\ud83c\udf21 Temperatur\u0103 de func\u021bionare:<\/em> 0\u00b0C \u2013 40\u00b0C<\/p>\n<p><em>\ud83d\udd17 Num\u0103r maxim de dispozitive:<\/em> p\u00e2n\u0103 la 64<\/p>\n<p><strong>\ud83d\udea8 Func\u021bii:<\/strong><\/p>\n<p>Alarm\u0103 inteligent\u0103 cu senzori Tapo<\/p>\n<p>Sistem de sonerie smart<\/p>\n<p>19 tonuri de apel<\/p>\n<p><em>\ud83d\udd0c Alimentare:<\/em> adaptor 100\u2013240 V<\/p>\n<p><em>\ud83c\udf10 Conectivitate:<\/em> Wi-Fi<\/p>\n<p><em>\ud83c\udfa8 Culoare:<\/em> alb<\/p>\n<p><em>\ud83d\udce6 Con\u021binut pachet:<\/em> hub inteligent<\/p>\n<p><em>\ud83d\udcd0 Dimensiuni:<\/em> 72 \u00d7 62.5 \u00d7 51 mm<\/p>\n","protected":false},"excerpt":{"rendered":"<p><strong>TP-Link Tapo H100<\/strong> este un hub inteligent compact care conecteaz\u0103 p\u00e2n\u0103 la 64 de dispozitive Tapo \u00eentr-o re\u021bea stabil\u0103 \u0219i eficient\u0103. Asigur\u0103 conexiuni pe distan\u021b\u0103 lung\u0103, consum redus de energie \u0219i suport pentru alarme inteligente \u0219i sistem de sonerie smart.<\/p>\n","protected":false},"featured_media":12889,"comment_status":"closed","ping_status":"closed","template":"","meta":[],"product_brand":[1325],"product_cat":[1178],"product_tag":[1123,280,1898,1864,1899,1897],"class_list":{"0":"post-12890","1":"product","2":"type-product","3":"status-publish","4":"has-post-thumbnail","6":"product_brand-tp-link","7":"product_cat-hub-uri-si-gateway-uri","8":"product_tag-automatizare","9":"product_tag-casa-inteligenta","10":"product_tag-control-senzori","11":"product_tag-hub-inteligent","12":"product_tag-hub-wi-fi","13":"product_tag-tp-link-tapo-2","15":"first","16":"instock","17":"shipping-taxable","18":"purchasable","19":"product-type-simple"},"aioseo_notices":[],"_links":{"self":[{"href":"https:\/\/ecodom.md\/ro\/wp-json\/wp\/v2\/product\/12890","targetHints":{"allow":["GET"]}}],"collection":[{"href":"https:\/\/ecodom.md\/ro\/wp-json\/wp\/v2\/product"}],"about":[{"href":"https:\/\/ecodom.md\/ro\/wp-json\/wp\/v2\/types\/product"}],"replies":[{"embeddable":true,"href":"https:\/\/ecodom.md\/ro\/wp-json\/wp\/v2\/comments?post=12890"}],"wp:featuredmedia":[{"embeddable":true,"href":"https:\/\/ecodom.md\/ro\/wp-json\/wp\/v2\/media\/12889"}],"wp:attachment":[{"href":"https:\/\/ecodom.md\/ro\/wp-json\/wp\/v2\/media?parent=12890"}],"wp:term":[{"taxonomy":"product_brand","embeddable":true,"href":"https:\/\/ecodom.md\/ro\/wp-json\/wp\/v2\/product_brand?post=12890"},{"taxonomy":"product_cat","embeddable":true,"href":"https:\/\/ecodom.md\/ro\/wp-json\/wp\/v2\/product_cat?post=12890"},{"taxonomy":"product_tag","embeddable":true,"href":"https:\/\/ecodom.md\/ro\/wp-json\/wp\/v2\/product_tag?post=12890"}],"curies":[{"name":"wp","href":"https:\/\/api.w.org\/{rel}","templated":true}]}}