{"id":12886,"date":"2026-01-14T13:21:47","date_gmt":"2026-01-14T11:21:47","guid":{"rendered":"https:\/\/ecodom.md\/?post_type=product&#038;p=12886"},"modified":"2026-01-14T13:25:20","modified_gmt":"2026-01-14T11:25:20","slug":"hub-inteligent-tp-link-tapo","status":"publish","type":"product","link":"https:\/\/ecodom.md\/ro\/cat\/hub-inteligent-tp-link-tapo\/","title":{"rendered":"Hub inteligent TP-Link Tapo"},"content":{"rendered":"<p><strong>TP-Link Tapo H110<\/strong> este un hub inteligent compact care conecteaz\u0103 dispozitivele Tapo \u0219i echipamentele cu infraro\u0219u \u00eentr-un singur ecosistem. Ofer\u0103 control comod prin smartphone \u0219i ajut\u0103 la automatizarea locuin\u021bei tale.<\/p>\n<p><strong>\u2728 Caracteristici:<\/strong><\/p>\n<p><em>\ud83d\udee1 Tip:<\/em> hub inteligent (Smart Hub)<\/p>\n<p><em>\ud83c\udfe0 Instalare:<\/em> interior<\/p>\n<p><em>\ud83c\udf21 Temperatur\u0103 de func\u021bionare:<\/em> 0\u00b0C \u2013 40\u00b0C<\/p>\n<p><strong>\ud83d\udce6 Con\u021binut pachet:<\/strong><\/p>\n<p>Band\u0103 adeziv\u0103 3M \u00d71<\/p>\n<p>Cablu de alimentare USB-C<\/p>\n<p><em>\ud83d\udd0c Alimentare:<\/em> USB<\/p>\n<p><em>\ud83c\udf10 Conectivitate:<\/em> Wi-Fi<\/p>\n<p><em>\ud83d\udcf6 Standard Wi-Fi:<\/em> IEEE 802.11 b\/g\/n<\/p>\n<p><em>\ud83c\udfa8 Culoare:<\/em> alb<\/p>\n<p><em>\ud83d\udcd0 Dimensiuni:<\/em> 79 \u00d7 79 \u00d7 32 mm<\/p>\n","protected":false},"excerpt":{"rendered":"<p><strong>TP-Link Tapo H110<\/strong> este un hub inteligent compact care conecteaz\u0103 dispozitivele Tapo \u0219i echipamentele cu infraro\u0219u \u00eentr-un singur ecosistem. Ofer\u0103 control comod prin smartphone \u0219i ajut\u0103 la automatizarea locuin\u021bei tale.<\/p>\n","protected":false},"featured_media":12885,"comment_status":"closed","ping_status":"closed","template":"","meta":[],"product_brand":[1325],"product_cat":[1178],"product_tag":[1123,280,1299,1864,1894],"class_list":{"0":"post-12886","1":"product","2":"type-product","3":"status-publish","4":"has-post-thumbnail","6":"product_brand-tp-link","7":"product_cat-hub-uri-si-gateway-uri","8":"product_tag-automatizare","9":"product_tag-casa-inteligenta","10":"product_tag-control-smart-home","11":"product_tag-hub-inteligent","12":"product_tag-wi-fi-hub","14":"first","15":"instock","16":"shipping-taxable","17":"purchasable","18":"product-type-simple"},"aioseo_notices":[],"_links":{"self":[{"href":"https:\/\/ecodom.md\/ro\/wp-json\/wp\/v2\/product\/12886","targetHints":{"allow":["GET"]}}],"collection":[{"href":"https:\/\/ecodom.md\/ro\/wp-json\/wp\/v2\/product"}],"about":[{"href":"https:\/\/ecodom.md\/ro\/wp-json\/wp\/v2\/types\/product"}],"replies":[{"embeddable":true,"href":"https:\/\/ecodom.md\/ro\/wp-json\/wp\/v2\/comments?post=12886"}],"wp:featuredmedia":[{"embeddable":true,"href":"https:\/\/ecodom.md\/ro\/wp-json\/wp\/v2\/media\/12885"}],"wp:attachment":[{"href":"https:\/\/ecodom.md\/ro\/wp-json\/wp\/v2\/media?parent=12886"}],"wp:term":[{"taxonomy":"product_brand","embeddable":true,"href":"https:\/\/ecodom.md\/ro\/wp-json\/wp\/v2\/product_brand?post=12886"},{"taxonomy":"product_cat","embeddable":true,"href":"https:\/\/ecodom.md\/ro\/wp-json\/wp\/v2\/product_cat?post=12886"},{"taxonomy":"product_tag","embeddable":true,"href":"https:\/\/ecodom.md\/ro\/wp-json\/wp\/v2\/product_tag?post=12886"}],"curies":[{"name":"wp","href":"https:\/\/api.w.org\/{rel}","templated":true}]}}