{"id":12763,"date":"2025-12-19T11:58:19","date_gmt":"2025-12-19T09:58:19","guid":{"rendered":"https:\/\/ecodom.md\/?post_type=product&#038;p=12763"},"modified":"2025-12-19T12:06:49","modified_gmt":"2025-12-19T10:06:49","slug":"motor-pentru-perdele-aqara-alb","status":"publish","type":"product","link":"https:\/\/ecodom.md\/ro\/cat\/motor-pentru-perdele-aqara-alb\/","title":{"rendered":"Motor pentru perdele Aqara, alb"},"content":{"rendered":"<p><strong>Aqara Curtain Driver E1<\/strong> este un motor inteligent pentru controlul automat al perdelelor montate pe galerie. Func\u021bioneaz\u0103 pe baz\u0103 de acumulator, se instaleaz\u0103 u\u0219or \u00een interior \u0219i permite controlul prin smartphone, oferind confort \u0219i automatizare locuin\u021bei.<\/p>\n<p><strong>Caracteristici:<\/strong><\/p>\n<p><em>\ud83d\udee1 Tip dispozitiv:<\/em> sistem inteligent<\/p>\n<p><em>\ud83e\ude9f Destina\u021bie:<\/em> motor pentru perdele \u0219i jaluzele<\/p>\n<p><em>\ud83c\udfe0 Instalare:<\/em> interior<\/p>\n<p><em>\ud83c\udf21 Temperatur\u0103 de func\u021bionare:<\/em> de la 0\u00b0C p\u00e2n\u0103 la +45\u00b0C<\/p>\n<p><em>\ud83d\udcf2 Compatibilitate:<\/em> Android, iOS<\/p>\n<p><em>\ud83d\udd0b Alimentare:<\/em> acumulator<\/p>\n<p><em>\ud83d\udd0b Tip acumulator:<\/em> Li-Ion<\/p>\n<p><em>\ud83d\udd0b Capacitate acumulator:<\/em> 6,4 Ah<\/p>\n<p><em>\ud83d\udcd0 Dimensiuni:<\/em> 140,5 \u00d7 96 \u00d7 44 mm<\/p>\n<p><em>\ud83c\udfa8 Culoare:<\/em> alb<\/p>\n","protected":false},"excerpt":{"rendered":"<p><strong>Aqara Curtain Driver E1<\/strong> este un motor inteligent pentru controlul automat al perdelelor montate pe galerie. Func\u021bioneaz\u0103 pe baz\u0103 de acumulator, se instaleaz\u0103 u\u0219or \u00een interior \u0219i permite controlul prin smartphone, oferind confort \u0219i automatizare locuin\u021bei.<\/p>\n","protected":false},"featured_media":12758,"comment_status":"closed","ping_status":"closed","template":"","meta":[],"product_brand":[1301],"product_cat":[179,538],"product_tag":[1162,280,1860,1859,1858,572],"class_list":{"0":"post-12763","1":"product","2":"type-product","3":"status-publish","4":"has-post-thumbnail","6":"product_brand-aqara","7":"product_cat-casa-inteligenta","8":"product_cat-sontrolul-perdelei","9":"product_tag-automatizare-casa","10":"product_tag-casa-inteligenta","11":"product_tag-motor-pentru-perdele","12":"product_tag-motor-perdele","13":"product_tag-perdele-inteligente","14":"product_tag-smart-home-ro","16":"first","17":"instock","18":"shipping-taxable","19":"purchasable","20":"product-type-simple"},"aioseo_notices":[],"_links":{"self":[{"href":"https:\/\/ecodom.md\/ro\/wp-json\/wp\/v2\/product\/12763","targetHints":{"allow":["GET"]}}],"collection":[{"href":"https:\/\/ecodom.md\/ro\/wp-json\/wp\/v2\/product"}],"about":[{"href":"https:\/\/ecodom.md\/ro\/wp-json\/wp\/v2\/types\/product"}],"replies":[{"embeddable":true,"href":"https:\/\/ecodom.md\/ro\/wp-json\/wp\/v2\/comments?post=12763"}],"wp:featuredmedia":[{"embeddable":true,"href":"https:\/\/ecodom.md\/ro\/wp-json\/wp\/v2\/media\/12758"}],"wp:attachment":[{"href":"https:\/\/ecodom.md\/ro\/wp-json\/wp\/v2\/media?parent=12763"}],"wp:term":[{"taxonomy":"product_brand","embeddable":true,"href":"https:\/\/ecodom.md\/ro\/wp-json\/wp\/v2\/product_brand?post=12763"},{"taxonomy":"product_cat","embeddable":true,"href":"https:\/\/ecodom.md\/ro\/wp-json\/wp\/v2\/product_cat?post=12763"},{"taxonomy":"product_tag","embeddable":true,"href":"https:\/\/ecodom.md\/ro\/wp-json\/wp\/v2\/product_tag?post=12763"}],"curies":[{"name":"wp","href":"https:\/\/api.w.org\/{rel}","templated":true}]}}