{"id":12739,"date":"2025-12-18T11:19:54","date_gmt":"2025-12-18T09:19:54","guid":{"rendered":"https:\/\/ecodom.md\/?post_type=product&#038;p=12739"},"modified":"2025-12-18T11:24:02","modified_gmt":"2025-12-18T09:24:02","slug":"centrala-ajax-alba-2","status":"publish","type":"product","link":"https:\/\/ecodom.md\/ro\/cat\/centrala-ajax-alba-2\/","title":{"rendered":"Central\u0103 Ajax, alb\u0103"},"content":{"rendered":"<p><strong>Ajax Hub<\/strong> este centrul inteligent de control al sistemului de securitate, capabil s\u0103 conecteze p\u00e2n\u0103 la 100 de dispozitive \u0219i s\u0103 transmit\u0103 alerte instantaneu. Suport\u0103 notific\u0103ri prin SMS, apel \u0219i push, func\u021bion\u00e2nd prin Ethernet \u0219i re\u021bea 2G \u2014 ideal pentru locuin\u021be sau birouri.<\/p>\n<p><strong>Caracteristici<\/strong><\/p>\n<p><em>\ud83d\udee1 Tip sistem:<\/em> securitate inteligent\u0103<\/p>\n<p><em>\ud83c\udfe0 Instalare:<\/em> interior<\/p>\n<p><em>\ud83d\udcf1 Dispozitive conectate:<\/em> p\u00e2n\u0103 la 100<\/p>\n<p><em>\ud83d\udc64 Utilizatori:<\/em> p\u00e2n\u0103 la 50<\/p>\n<p><em>\ud83d\udeaa Camere:<\/em> p\u00e2n\u0103 la 50<\/p>\n<p><em>\ud83d\udc65 Grupuri:<\/em> p\u00e2n\u0103 la 9<\/p>\n<p><em>\ud83d\udce1 Cartel\u0103 SIM:<\/em> micro-SIM (2G)<\/p>\n<p><em>\ud83c\udf21 Temperatur\u0103 de func\u021bionare:<\/em> de la -10\u00b0C p\u00e2n\u0103 la +40\u00b0C<\/p>\n<p><em>\ud83d\udcf7 Suport video:<\/em> p\u00e2n\u0103 la 10 camere \u0219i DVR-uri<\/p>\n<p><em>\ud83d\udea8 Sirene conectate:<\/em> p\u00e2n\u0103 la 10<\/p>\n<p><em>\ud83d\udd01 Suport ReX:<\/em> 1<\/p>\n<p><em>\u26a1 Timp de transmitere alarm\u0103:<\/em> 0,15 sec<\/p>\n<p><em>\ud83d\udd14 Tip notific\u0103ri:<\/em> SMS, apel, push<\/p>\n<p><em>\ud83d\udd0c Alimentare:<\/em> re\u021bea + baterie de rezerv\u0103<\/p>\n<p><em>\ud83d\udd0b Acumulator:<\/em> Li-Ion, 2 Ah<\/p>\n<p><em>\ud83d\udd0c Adaptor alimentare:<\/em> 110\u2013240 V<\/p>\n<p><em>\u2699 Consum energie:<\/em> 10 W<\/p>\n<p><em>\ud83c\udf10 Conectivitate:<\/em> Ethernet (LAN), 2G<\/p>\n<p><em>\ud83d\udcd0 Dimensiuni:<\/em> 163 \u00d7 163 \u00d7 36 mm<\/p>\n<p>\u2696 Greutate: 350 g<\/p>\n<p><em>\ud83c\udfa8 Culoare:<\/em> alb<\/p>\n<p><em>\ud83d\udcf2 Compatibilitate:<\/em> Android 5.0+, iOS 13.0+<\/p>\n","protected":false},"excerpt":{"rendered":"<p><strong>Ajax Hub<\/strong> este centrul inteligent de control al sistemului de securitate, capabil s\u0103 conecteze p\u00e2n\u0103 la 100 de dispozitive \u0219i s\u0103 transmit\u0103 alerte instantaneu. Suport\u0103 notific\u0103ri prin SMS, apel \u0219i push, func\u021bion\u00e2nd prin Ethernet \u0219i re\u021bea 2G \u2014 ideal pentru locuin\u021be sau birouri.<\/p>\n","protected":false},"featured_media":12738,"comment_status":"closed","ping_status":"closed","template":"","meta":[],"product_brand":[1622],"product_cat":[179,520],"product_tag":[1729,1829,1830,280,1831,1833,1771,1832,1834],"class_list":{"0":"post-12739","1":"product","2":"type-product","3":"status-publish","4":"has-post-thumbnail","6":"product_brand-ajax","7":"product_cat-casa-inteligenta","8":"product_cat-securitate-si-alarma","9":"product_tag-ajax-alb","10":"product_tag-ajax-hub-2","11":"product_tag-alarma-ajax","12":"product_tag-casa-inteligenta","13":"product_tag-centrala-de-alarma","14":"product_tag-securitate-smart","15":"product_tag-sistem-de-securitate","16":"product_tag-sistem-wireless","17":"product_tag-smart-security-2","19":"first","20":"instock","21":"shipping-taxable","22":"purchasable","23":"product-type-simple"},"aioseo_notices":[],"_links":{"self":[{"href":"https:\/\/ecodom.md\/ro\/wp-json\/wp\/v2\/product\/12739","targetHints":{"allow":["GET"]}}],"collection":[{"href":"https:\/\/ecodom.md\/ro\/wp-json\/wp\/v2\/product"}],"about":[{"href":"https:\/\/ecodom.md\/ro\/wp-json\/wp\/v2\/types\/product"}],"replies":[{"embeddable":true,"href":"https:\/\/ecodom.md\/ro\/wp-json\/wp\/v2\/comments?post=12739"}],"wp:featuredmedia":[{"embeddable":true,"href":"https:\/\/ecodom.md\/ro\/wp-json\/wp\/v2\/media\/12738"}],"wp:attachment":[{"href":"https:\/\/ecodom.md\/ro\/wp-json\/wp\/v2\/media?parent=12739"}],"wp:term":[{"taxonomy":"product_brand","embeddable":true,"href":"https:\/\/ecodom.md\/ro\/wp-json\/wp\/v2\/product_brand?post=12739"},{"taxonomy":"product_cat","embeddable":true,"href":"https:\/\/ecodom.md\/ro\/wp-json\/wp\/v2\/product_cat?post=12739"},{"taxonomy":"product_tag","embeddable":true,"href":"https:\/\/ecodom.md\/ro\/wp-json\/wp\/v2\/product_tag?post=12739"}],"curies":[{"name":"wp","href":"https:\/\/api.w.org\/{rel}","templated":true}]}}