{"id":12705,"date":"2025-10-13T14:01:00","date_gmt":"2025-10-13T12:01:00","guid":{"rendered":"https:\/\/ecodom.md\/?post_type=product&#038;p=12705"},"modified":"2025-10-13T14:13:54","modified_gmt":"2025-10-13T12:13:54","slug":"centrala-ajax-alba","status":"publish","type":"product","link":"https:\/\/ecodom.md\/ro\/cat\/centrala-ajax-alba\/","title":{"rendered":"Central\u0103 Ajax, Alb\u0103"},"content":{"rendered":"<p><strong>Centrala inteligent\u0103 Ajax Hub Plus<\/strong> este inima sistemului t\u0103u de securitate! Conecteaz\u0103 p\u00e2n\u0103 la 150 de dispozitive, 99 de utilizatori \u0219i camere video. Func\u021bioneaz\u0103 prin Wi-Fi, Ethernet \u0219i 3G, trimi\u021b\u00e2nd notific\u0103ri instant (SMS, apel, push).<\/p>\n<p><strong>Caracteristici:<\/strong><\/p>\n<p><em>Tip:<\/em> Sistem de securitate inteligent<br \/>\n<em>Func\u021bie:<\/em> Panou de control al sistemului de securitate<br \/>\n<em>Instalare:<\/em> Interior<br \/>\n<em>Temperatur\u0103 de func\u021bionare:<\/em> \u201310\u00b0C p\u00e2n\u0103 la +40\u00b0C<br \/>\n<em>Compatibilitate:<\/em> Android 5.0+, iOS 13.0+<\/p>\n<p><em>Dispozitive conectate:<\/em> p\u00e2n\u0103 la 150<br \/>\n<em>Utilizatori:<\/em> p\u00e2n\u0103 la 99<br \/>\n<em>\u00cenc\u0103peri:<\/em> p\u00e2n\u0103 la 50<br \/>\n<em>Grupuri de securitate:<\/em> p\u00e2n\u0103 la 25<br \/>\n<em>ReX conectate:<\/em> p\u00e2n\u0103 la 5<br \/>\n<em>Suport pentru supraveghere video:<\/em> p\u00e2n\u0103 la 50 de camere sau DVR-uri<br \/>\n<em>Sirene conectate:<\/em> p\u00e2n\u0103 la 10<br \/>\n<em>Timp de livrare a semnalului de alarm\u0103:<\/em> 0,15 secunde<br \/>\n<em>Tip notific\u0103ri:<\/em> SMS, apel, push<\/p>\n<p><em>Alimentare:<\/em> re\u021bea 110\u2013240 V, acumulator 2 Ah (Li-Ion)<br \/>\n<em>Consum de energie:<\/em> 10 W<br \/>\n<em>Autonomie:<\/em> p\u00e2n\u0103 la 16 ore f\u0103r\u0103 alimentare<\/p>\n<p><em>Re\u021bele:<\/em> 3G, Wi-Fi (IEEE 802.11 b\/g\/n), Ethernet, Dual micro-SIM<br \/>\n<em>Dimensiuni:<\/em> 163\u00d7163\u00d736 mm<br \/>\n<em>Greutate:<\/em> 350 g<br \/>\n<em>Culoare:<\/em> Alb\u0103<br \/>\n<em>Con\u021binut pachet:<\/em> central\u0103, cablu de alimentare, cablu Ethernet, panou de montare, kit de instalare<\/p>\n","protected":false},"excerpt":{"rendered":"<p><strong>Centrala inteligent\u0103 Ajax Hub Plus<\/strong> este inima sistemului t\u0103u de securitate! Conecteaz\u0103 p\u00e2n\u0103 la 150 de dispozitive, 99 de utilizatori \u0219i camere video. Func\u021bioneaz\u0103 prin Wi-Fi, Ethernet \u0219i 3G, trimi\u021b\u00e2nd notific\u0103ri instant (SMS, apel, push).<\/p>\n","protected":false},"featured_media":12672,"comment_status":"closed","ping_status":"closed","template":"","meta":[],"product_brand":[1622],"product_cat":[179,511],"product_tag":[1821,1235,1528,611],"class_list":{"0":"post-12705","1":"product","2":"type-product","3":"status-publish","4":"has-post-thumbnail","6":"product_brand-ajax","7":"product_cat-casa-inteligenta","8":"product_cat-securitate","9":"product_tag-moldova-3","10":"product_tag-panou-de-control","11":"product_tag-protectia-locuintei","12":"product_tag-supraveghere-video","14":"first","15":"instock","16":"shipping-taxable","17":"purchasable","18":"product-type-simple"},"aioseo_notices":[],"_links":{"self":[{"href":"https:\/\/ecodom.md\/ro\/wp-json\/wp\/v2\/product\/12705","targetHints":{"allow":["GET"]}}],"collection":[{"href":"https:\/\/ecodom.md\/ro\/wp-json\/wp\/v2\/product"}],"about":[{"href":"https:\/\/ecodom.md\/ro\/wp-json\/wp\/v2\/types\/product"}],"replies":[{"embeddable":true,"href":"https:\/\/ecodom.md\/ro\/wp-json\/wp\/v2\/comments?post=12705"}],"wp:featuredmedia":[{"embeddable":true,"href":"https:\/\/ecodom.md\/ro\/wp-json\/wp\/v2\/media\/12672"}],"wp:attachment":[{"href":"https:\/\/ecodom.md\/ro\/wp-json\/wp\/v2\/media?parent=12705"}],"wp:term":[{"taxonomy":"product_brand","embeddable":true,"href":"https:\/\/ecodom.md\/ro\/wp-json\/wp\/v2\/product_brand?post=12705"},{"taxonomy":"product_cat","embeddable":true,"href":"https:\/\/ecodom.md\/ro\/wp-json\/wp\/v2\/product_cat?post=12705"},{"taxonomy":"product_tag","embeddable":true,"href":"https:\/\/ecodom.md\/ro\/wp-json\/wp\/v2\/product_tag?post=12705"}],"curies":[{"name":"wp","href":"https:\/\/api.w.org\/{rel}","templated":true}]}}