{"id":12673,"date":"2025-10-01T12:31:24","date_gmt":"2025-10-01T10:31:24","guid":{"rendered":"https:\/\/ecodom.md\/?post_type=product&#038;p=12673"},"modified":"2025-10-01T13:20:39","modified_gmt":"2025-10-01T11:20:39","slug":"hub-wireless-de-securitate-ajax-alb","status":"publish","type":"product","link":"https:\/\/ecodom.md\/ro\/cat\/hub-wireless-de-securitate-ajax-alb\/","title":{"rendered":"Hub wireless de securitate Ajax, alb"},"content":{"rendered":"<p><strong>Ajax Hub 2 Plus \u00een culoare alb\u0103<\/strong> \u2014 centrul modern al securit\u0103\u021bii cu suport LTE, Wi-Fi \u0219i Ethernet. Controleaz\u0103 p\u00e2n\u0103 la 200 de dispozitive \u0219i ofer\u0103 notific\u0103ri rapide.<\/p>\n<p><strong>Caracteristici:<\/strong><\/p>\n<p><em>\ud83d\udccc Tip:<\/em> Panou de control al sistemului de securitate<\/p>\n<p><em>\ud83c\udfe0 Instalare:<\/em> Interior<\/p>\n<p><em>\ud83c\udf21 Temperatur\u0103 de func\u021bionare:<\/em> -10\u00b0C ~ +40\u00b0C<\/p>\n<p><em>\ud83d\udce6 Con\u021binut pachet:<\/em> Hub, cablu de alimentare, cablu Ethernet, panou de montaj, kit de instalare<\/p>\n<p><em>\ud83c\udfa8 Culoare:<\/em> Alb<\/p>\n<p><em>\ud83d\udd17 Dispozitive conectate:<\/em> p\u00e2n\u0103 la 200<\/p>\n<p><em>\ud83d\udc65 Utilizatori:<\/em> p\u00e2n\u0103 la 200<\/p>\n<p><em>\ud83c\udfd8 Camere:<\/em> p\u00e2n\u0103 la 50<\/p>\n<p><em>\ud83d\udd10 Grupuri de securitate:<\/em> p\u00e2n\u0103 la 25<\/p>\n<p><em>\ud83d\udcf9 Suport supraveghere video:<\/em> p\u00e2n\u0103 la 100 camere \u0219i DVR-uri<\/p>\n<p><em>\ud83d\udce2 Sirene conectate:<\/em> p\u00e2n\u0103 la 10<\/p>\n<p><em>\ud83d\udce1 ReX conectate:<\/em> p\u00e2n\u0103 la 5<\/p>\n<p><em>\ud83d\udea8 Tip notific\u0103ri:<\/em> SMS, apel, push<\/p>\n<p><em>\u23f1 Timp de transmitere alarm\u0103:<\/em> 0.15 sec<\/p>\n<p><em>\ud83c\udfaf Detectoare suportate:<\/em> MotionCam<\/p>\n<p><em>\ud83d\udd0c Surs\u0103 de alimentare:<\/em> Re\u021bea, baterie<\/p>\n<p><em>\u26a1 Alimentare:<\/em> 110\u2013240 V, consum 10 W<\/p>\n<p><em>\ud83d\udd0b Baterie:<\/em> Li-Ion, 3 Ah<\/p>\n<p><em>\ud83c\udf10 Re\u021bea:<\/em> 2G, 3G, LTE, Wi-Fi (IEEE 802.11b\/g\/n), Dual-SIM, Ethernet<\/p>\n<p><em>\ud83d\udcd0 Dimensiuni:<\/em> 163 \u00d7 163 \u00d7 36 mm<\/p>\n<p><em>\u2696\ufe0f Greutate:<\/em> 351 g<\/p>\n","protected":false},"excerpt":{"rendered":"<p><strong>Ajax Hub 2 Plus \u00een culoare alb\u0103<\/strong> \u2014 centrul modern al securit\u0103\u021bii cu suport LTE, Wi-Fi \u0219i Ethernet. Controleaz\u0103 p\u00e2n\u0103 la 200 de dispozitive \u0219i ofer\u0103 notific\u0103ri rapide.<\/p>\n","protected":false},"featured_media":12672,"comment_status":"closed","ping_status":"closed","template":"","meta":[],"product_brand":[1622],"product_cat":[179,511],"product_tag":[1807,1235,1771],"class_list":{"0":"post-12673","1":"product","2":"type-product","3":"status-publish","4":"has-post-thumbnail","6":"product_brand-ajax","7":"product_cat-casa-inteligenta","8":"product_cat-securitate","9":"product_tag-hub-wireless","10":"product_tag-panou-de-control","11":"product_tag-sistem-de-securitate","13":"first","14":"instock","15":"shipping-taxable","16":"purchasable","17":"product-type-simple"},"aioseo_notices":[],"_links":{"self":[{"href":"https:\/\/ecodom.md\/ro\/wp-json\/wp\/v2\/product\/12673","targetHints":{"allow":["GET"]}}],"collection":[{"href":"https:\/\/ecodom.md\/ro\/wp-json\/wp\/v2\/product"}],"about":[{"href":"https:\/\/ecodom.md\/ro\/wp-json\/wp\/v2\/types\/product"}],"replies":[{"embeddable":true,"href":"https:\/\/ecodom.md\/ro\/wp-json\/wp\/v2\/comments?post=12673"}],"wp:featuredmedia":[{"embeddable":true,"href":"https:\/\/ecodom.md\/ro\/wp-json\/wp\/v2\/media\/12672"}],"wp:attachment":[{"href":"https:\/\/ecodom.md\/ro\/wp-json\/wp\/v2\/media?parent=12673"}],"wp:term":[{"taxonomy":"product_brand","embeddable":true,"href":"https:\/\/ecodom.md\/ro\/wp-json\/wp\/v2\/product_brand?post=12673"},{"taxonomy":"product_cat","embeddable":true,"href":"https:\/\/ecodom.md\/ro\/wp-json\/wp\/v2\/product_cat?post=12673"},{"taxonomy":"product_tag","embeddable":true,"href":"https:\/\/ecodom.md\/ro\/wp-json\/wp\/v2\/product_tag?post=12673"}],"curies":[{"name":"wp","href":"https:\/\/api.w.org\/{rel}","templated":true}]}}