{"id":12618,"date":"2025-09-30T12:52:54","date_gmt":"2025-09-30T10:52:54","guid":{"rendered":"https:\/\/ecodom.md\/?post_type=product&#038;p=12618"},"modified":"2025-09-30T12:58:49","modified_gmt":"2025-09-30T10:58:49","slug":"tastatura-tactila-neagra","status":"publish","type":"product","link":"https:\/\/ecodom.md\/ro\/cat\/tastatura-tactila-neagra\/","title":{"rendered":"Tastatur\u0103 tactil\u0103, Neagr\u0103"},"content":{"rendered":"<p><strong>Tastatura tactil\u0103 Ajax KeyPad<\/strong> permite controlul sistemului de securitate cu coduri de utilizator, protec\u021bie \u00eempotriva ghicirii parolei \u0219i func\u021bia \u201ecod sub constr\u00e2ngere\u201d. Design elegant \u0219i utilizare intuitiv\u0103.<\/p>\n<p><strong>Caracteristici:<\/strong><\/p>\n<p><em>\ud83d\udccc Tip:<\/em> Tastatur\u0103 tactil\u0103 wireless<\/p>\n<p><em>\ud83d\udee0 Instalare:<\/em> Interior<\/p>\n<p><em>\ud83c\udf21 Temperatur\u0103 de func\u021bionare:<\/em> -10\u00b0C ~ +40\u00b0C<\/p>\n<p><em>\ud83d\udd17 Compatibilitate:<\/em> Hub-urile \u0219i extensiile Ajax<\/p>\n<p><em>\ud83d\udce6 Con\u021binut pachet:<\/em> Tastatur\u0103, baterii<\/p>\n<p><em>\ud83c\udfa8 Culoare:<\/em> Negru<\/p>\n<p><em>\ud83d\udd18 Num\u0103r de butoane:<\/em> 15<\/p>\n<p><em>\ud83d\udd11 Cod sub constr\u00e2ngere:<\/em> Da<\/p>\n<p><em>\ud83d\udd12 Cod utilizator:<\/em> Da<\/p>\n<p><em>\ud83d\udee1 Protec\u021bie \u00eempotriva ghicirii parolei:<\/em> Da<\/p>\n<p><em>\ud83c\udf21 Senzor de temperatur\u0103:<\/em> Da<\/p>\n<p><em>\ud83d\udce1 Tip conexiune:<\/em> Wireless<\/p>\n<p><em>\ud83d\udd0b Alimentare:<\/em> 4\u00d7AAA, litiu, 3 V (incluse)<\/p>\n<p><em>\ud83d\udcd0 Dimensiuni:<\/em> 150 \u00d7 103 \u00d7 14 mm<\/p>\n<p><em>\u2696 Greutate:<\/em> 197 g<\/p>\n","protected":false},"excerpt":{"rendered":"<p><strong>Tastatura tactil\u0103 Ajax KeyPad<\/strong> permite controlul sistemului de securitate cu coduri de utilizator, protec\u021bie \u00eempotriva ghicirii parolei \u0219i func\u021bia \u201ecod sub constr\u00e2ngere\u201d. Design elegant \u0219i utilizare intuitiv\u0103.<\/p>\n","protected":false},"featured_media":12617,"comment_status":"closed","ping_status":"closed","template":"","meta":[],"product_brand":[1622],"product_cat":[511],"product_tag":[1639,1771,1781,1782],"class_list":{"0":"post-12618","1":"product","2":"type-product","3":"status-publish","4":"has-post-thumbnail","6":"product_brand-ajax","7":"product_cat-securitate","8":"product_tag-ajax-2","9":"product_tag-sistem-de-securitate","10":"product_tag-tastatura","11":"product_tag-tastatura-tactila","13":"first","14":"instock","15":"shipping-taxable","16":"purchasable","17":"product-type-simple"},"aioseo_notices":[],"_links":{"self":[{"href":"https:\/\/ecodom.md\/ro\/wp-json\/wp\/v2\/product\/12618","targetHints":{"allow":["GET"]}}],"collection":[{"href":"https:\/\/ecodom.md\/ro\/wp-json\/wp\/v2\/product"}],"about":[{"href":"https:\/\/ecodom.md\/ro\/wp-json\/wp\/v2\/types\/product"}],"replies":[{"embeddable":true,"href":"https:\/\/ecodom.md\/ro\/wp-json\/wp\/v2\/comments?post=12618"}],"wp:featuredmedia":[{"embeddable":true,"href":"https:\/\/ecodom.md\/ro\/wp-json\/wp\/v2\/media\/12617"}],"wp:attachment":[{"href":"https:\/\/ecodom.md\/ro\/wp-json\/wp\/v2\/media?parent=12618"}],"wp:term":[{"taxonomy":"product_brand","embeddable":true,"href":"https:\/\/ecodom.md\/ro\/wp-json\/wp\/v2\/product_brand?post=12618"},{"taxonomy":"product_cat","embeddable":true,"href":"https:\/\/ecodom.md\/ro\/wp-json\/wp\/v2\/product_cat?post=12618"},{"taxonomy":"product_tag","embeddable":true,"href":"https:\/\/ecodom.md\/ro\/wp-json\/wp\/v2\/product_tag?post=12618"}],"curies":[{"name":"wp","href":"https:\/\/api.w.org\/{rel}","templated":true}]}}