{"id":12614,"date":"2025-09-30T12:38:55","date_gmt":"2025-09-30T10:38:55","guid":{"rendered":"https:\/\/ecodom.md\/?post_type=product&#038;p=12614"},"modified":"2025-09-30T12:45:24","modified_gmt":"2025-09-30T10:45:24","slug":"buton-de-alarma-alb-3","status":"publish","type":"product","link":"https:\/\/ecodom.md\/ro\/cat\/buton-de-alarma-alb-3\/","title":{"rendered":"Buton de alarm\u0103, Alb"},"content":{"rendered":"<p><strong>Butonul de alarm\u0103 Ajax,<\/strong> compact \u0219i fiabil, transmite semnalul instantaneu (0,15 sec) \u0219i dispune de protec\u021bie \u00eempotriva ap\u0103s\u0103rilor accidentale. Compatibil cu toate hub-urile \u0219i extensiile Ajax.<\/p>\n<p><strong>Caracteristici:<\/strong><\/p>\n<p><em>\ud83d\udccc Tip:<\/em> Buton de alarm\u0103 wireless<\/p>\n<p><em>\ud83d\udee0 Instalare:<\/em> Portabil\u0103<\/p>\n<p><em>\ud83c\udf21 Temperatur\u0103 de func\u021bionare:<\/em> -10\u00b0C ~ +40\u00b0C<\/p>\n<p><em>\ud83d\udd17 Compatibilitate:<\/em> Hub-urile \u0219i extensiile Ajax<\/p>\n<p><em>\ud83d\udce6 Con\u021binut pachet:<\/em> Buton de alarm\u0103, baterie<\/p>\n<p><em>\ud83c\udfa8 Culoare:<\/em> Alb<\/p>\n<p><em>\ud83d\udd18 Num\u0103r de butoane:<\/em> 1<\/p>\n<p><em>\ud83d\udce1 Tip conexiune:<\/em> Wireless<\/p>\n<p><em>\ud83d\udea8 Semnal alarm\u0103:<\/em> p\u00e2n\u0103 la 0,15 sec<\/p>\n<p><em>\u2705 Prevenirea alarmelor false:<\/em> Da (\u00een modul \u201ePanic\u0103\u201d)<\/p>\n<p><em>\ud83d\udd0b Surs\u0103 de alimentare:<\/em> CR2032 (litiu, 3 V, inclus\u0103)<\/p>\n<p><em>\ud83d\udca7 Protec\u021bie:<\/em> IP55<\/p>\n<p><em>\ud83d\udcd0 Dimensiuni:<\/em> 47 \u00d7 35 \u00d7 13 mm<\/p>\n<p><em>\u2696 Greutate:<\/em> 16 g<\/p>\n","protected":false},"excerpt":{"rendered":"<p><strong>Butonul de alarm\u0103 Ajax,<\/strong> compact \u0219i fiabil, transmite semnalul instantaneu (0,15 sec) \u0219i dispune de protec\u021bie \u00eempotriva ap\u0103s\u0103rilor accidentale. Compatibil cu toate hub-urile \u0219i extensiile Ajax.<\/p>\n","protected":false},"featured_media":12613,"comment_status":"closed","ping_status":"closed","template":"","meta":[],"product_brand":[1622],"product_cat":[511],"product_tag":[1776,1779,1771],"class_list":{"0":"post-12614","1":"product","2":"type-product","3":"status-publish","4":"has-post-thumbnail","6":"product_brand-ajax","7":"product_cat-securitate","8":"product_tag-buton-de-alarma","9":"product_tag-buton-panica","10":"product_tag-sistem-de-securitate","12":"first","13":"instock","14":"shipping-taxable","15":"purchasable","16":"product-type-simple"},"aioseo_notices":[],"_links":{"self":[{"href":"https:\/\/ecodom.md\/ro\/wp-json\/wp\/v2\/product\/12614","targetHints":{"allow":["GET"]}}],"collection":[{"href":"https:\/\/ecodom.md\/ro\/wp-json\/wp\/v2\/product"}],"about":[{"href":"https:\/\/ecodom.md\/ro\/wp-json\/wp\/v2\/types\/product"}],"replies":[{"embeddable":true,"href":"https:\/\/ecodom.md\/ro\/wp-json\/wp\/v2\/comments?post=12614"}],"wp:featuredmedia":[{"embeddable":true,"href":"https:\/\/ecodom.md\/ro\/wp-json\/wp\/v2\/media\/12613"}],"wp:attachment":[{"href":"https:\/\/ecodom.md\/ro\/wp-json\/wp\/v2\/media?parent=12614"}],"wp:term":[{"taxonomy":"product_brand","embeddable":true,"href":"https:\/\/ecodom.md\/ro\/wp-json\/wp\/v2\/product_brand?post=12614"},{"taxonomy":"product_cat","embeddable":true,"href":"https:\/\/ecodom.md\/ro\/wp-json\/wp\/v2\/product_cat?post=12614"},{"taxonomy":"product_tag","embeddable":true,"href":"https:\/\/ecodom.md\/ro\/wp-json\/wp\/v2\/product_tag?post=12614"}],"curies":[{"name":"wp","href":"https:\/\/api.w.org\/{rel}","templated":true}]}}