{"id":12610,"date":"2025-09-30T12:21:35","date_gmt":"2025-09-30T10:21:35","guid":{"rendered":"https:\/\/ecodom.md\/?post_type=product&#038;p=12610"},"modified":"2025-09-30T12:26:24","modified_gmt":"2025-09-30T10:26:24","slug":"buton-de-alarma-alb-2","status":"publish","type":"product","link":"https:\/\/ecodom.md\/ro\/cat\/buton-de-alarma-alb-2\/","title":{"rendered":"Buton de alarm\u0103, Alb"},"content":{"rendered":"<p><strong>Ajax SpaceControl<\/strong> \u2014 telecomand\u0103 practic\u0103 cu patru butoane pentru controlul sistemului de securitate. Dispune de protec\u021bie \u00eempotriva alarmelor false \u0219i func\u021bioneaz\u0103 chiar \u0219i la temperaturi sc\u0103zute.<\/p>\n<p><strong>Caracteristici:<\/strong><\/p>\n<p><em>\ud83d\udccc Tip:<\/em> Buton de alarm\u0103 wireless<\/p>\n<p><em>\ud83d\udee0 Instalare:<\/em> Portabil\u0103<\/p>\n<p><em>\ud83c\udf21 Temperatur\u0103 de func\u021bionare:<\/em> -25\u00b0C ~ +50\u00b0C<\/p>\n<p><em>\ud83d\udd17 Compatibilitate:<\/em> Hub-urile Ajax, extensii, ocBridge Plus, uartBridge<\/p>\n<p><em>\ud83d\udce6 Con\u021binut pachet:<\/em> Buton de alarm\u0103, baterie<\/p>\n<p><em>\ud83c\udfa8 Culoare:<\/em> Alb<\/p>\n<p><em>\ud83d\udd18 Num\u0103r de butoane:<\/em> 4<\/p>\n<p><em>\ud83d\udce1 Tip conexiune:<\/em> Wireless<\/p>\n<p><em>\u2705 Prevenirea alarmelor false:<\/em> Da (ap\u0103sare lung\u0103 sau dubl\u0103)<\/p>\n<p><em>\u26d4 Dezactivarea butonului de alarm\u0103:<\/em> Disponibil\u0103<\/p>\n<p><em>\ud83d\udd0b Surs\u0103 de alimentare:<\/em> Baterie CR2032 (litiu, 3 V, inclus\u0103)<\/p>\n<p><em>\ud83d\udcd0 Dimensiuni:<\/em> 65 \u00d7 37 \u00d7 10 mm<\/p>\n<p><em>\u2696 Greutate:<\/em> 13 g<\/p>\n","protected":false},"excerpt":{"rendered":"<p><strong>Ajax SpaceControl<\/strong> \u2014 telecomand\u0103 practic\u0103 cu patru butoane pentru controlul sistemului de securitate. Dispune de protec\u021bie \u00eempotriva alarmelor false \u0219i func\u021bioneaz\u0103 chiar \u0219i la temperaturi sc\u0103zute.<\/p>\n","protected":false},"featured_media":12603,"comment_status":"closed","ping_status":"closed","template":"","meta":[],"product_brand":[1622],"product_cat":[511],"product_tag":[1639,1776,1771],"class_list":{"0":"post-12610","1":"product","2":"type-product","3":"status-publish","4":"has-post-thumbnail","6":"product_brand-ajax","7":"product_cat-securitate","8":"product_tag-ajax-2","9":"product_tag-buton-de-alarma","10":"product_tag-sistem-de-securitate","12":"first","13":"instock","14":"shipping-taxable","15":"purchasable","16":"product-type-simple"},"aioseo_notices":[],"_links":{"self":[{"href":"https:\/\/ecodom.md\/ro\/wp-json\/wp\/v2\/product\/12610","targetHints":{"allow":["GET"]}}],"collection":[{"href":"https:\/\/ecodom.md\/ro\/wp-json\/wp\/v2\/product"}],"about":[{"href":"https:\/\/ecodom.md\/ro\/wp-json\/wp\/v2\/types\/product"}],"replies":[{"embeddable":true,"href":"https:\/\/ecodom.md\/ro\/wp-json\/wp\/v2\/comments?post=12610"}],"wp:featuredmedia":[{"embeddable":true,"href":"https:\/\/ecodom.md\/ro\/wp-json\/wp\/v2\/media\/12603"}],"wp:attachment":[{"href":"https:\/\/ecodom.md\/ro\/wp-json\/wp\/v2\/media?parent=12610"}],"wp:term":[{"taxonomy":"product_brand","embeddable":true,"href":"https:\/\/ecodom.md\/ro\/wp-json\/wp\/v2\/product_brand?post=12610"},{"taxonomy":"product_cat","embeddable":true,"href":"https:\/\/ecodom.md\/ro\/wp-json\/wp\/v2\/product_cat?post=12610"},{"taxonomy":"product_tag","embeddable":true,"href":"https:\/\/ecodom.md\/ro\/wp-json\/wp\/v2\/product_tag?post=12610"}],"curies":[{"name":"wp","href":"https:\/\/api.w.org\/{rel}","templated":true}]}}