{"id":12576,"date":"2025-09-29T21:13:38","date_gmt":"2025-09-29T19:13:38","guid":{"rendered":"https:\/\/ecodom.md\/?post_type=product&#038;p=12576"},"modified":"2025-09-29T21:19:14","modified_gmt":"2025-09-29T19:19:14","slug":"tp-link-senzor-wireless-de-scurgere-a-apei-alb","status":"publish","type":"product","link":"https:\/\/ecodom.md\/ro\/cat\/tp-link-senzor-wireless-de-scurgere-a-apei-alb\/","title":{"rendered":"TP-Link Senzor wireless de scurgere a apei, Alb"},"content":{"rendered":"<p><strong>TP-Link Tapo T<\/strong> \u00ee\u021bi protejeaz\u0103 casa de inunda\u021bii: \u0219ase senzori detecteaz\u0103 instant scurgerile, semnalul sonor de p\u00e2n\u0103 la 90 dB \u0219i notific\u0103rile push te avertizeaz\u0103 imediat. Designul compact \u0219i protec\u021bia IP67 permit instalarea \u00een orice loc.<\/p>\n<p><strong>Caracteristici:<\/strong><br \/>\n<em>\ud83d\udccc Tip:<\/em> Senzor de scurgere a apei<br \/>\n<em>\ud83c\udfe0 Instalare:<\/em> Pe podea<br \/>\n<em>\ud83c\udf21 Temperatura de func\u021bionare:<\/em> 0\u00b0C ~ +40\u00b0C<br \/>\n<em>\ud83c\udfa8 Culoare:<\/em> Alb<br \/>\n<em>\ud83d\udd14 Semnal sonor:<\/em> p\u00e2n\u0103 la 90 dB (cu posibilitatea de dezactivare)<br \/>\n<em>\ud83d\udee1 Protec\u021bie:<\/em> IP67 (rezistent la praf \u0219i ap\u0103)<br \/>\n<em>\ud83d\udcf2 Notific\u0103ri:<\/em> Push prin aplica\u021bie<br \/>\n<em>\u26a1 Caracteristici:<\/em> 6 senzori pentru detectare precis\u0103, instalare wireless<br \/>\n<em>\ud83d\udd0b Alimentare:<\/em> 2\u00d7AAA baterii (incluse)<br \/>\n<em>\ud83d\udcd0 Dimensiuni:<\/em> 84,5 \u00d7 46,5 \u00d7 30 mm<\/p>\n","protected":false},"excerpt":{"rendered":"<p><strong>TP-Link Tapo T<\/strong> \u00ee\u021bi protejeaz\u0103 casa de inunda\u021bii: \u0219ase senzori detecteaz\u0103 instant scurgerile, semnalul sonor de p\u00e2n\u0103 la 90 dB \u0219i notific\u0103rile push te avertizeaz\u0103 imediat. Designul compact \u0219i protec\u021bia IP67 permit instalarea \u00een orice loc.<\/p>\n","protected":false},"featured_media":12575,"comment_status":"closed","ping_status":"closed","template":"","meta":[],"product_brand":[1325],"product_cat":[521],"product_tag":[280,1766,1767,625,1410],"class_list":{"0":"post-12576","1":"product","2":"type-product","3":"status-publish","4":"has-post-thumbnail","6":"product_brand-tp-link","7":"product_cat-senzori","8":"product_tag-casa-inteligenta","9":"product_tag-protectie-inundatii","10":"product_tag-senzor-apa","11":"product_tag-senzor-de-scurgeri","12":"product_tag-tp-link-2","14":"first","15":"instock","16":"shipping-taxable","17":"purchasable","18":"product-type-simple"},"aioseo_notices":[],"_links":{"self":[{"href":"https:\/\/ecodom.md\/ro\/wp-json\/wp\/v2\/product\/12576","targetHints":{"allow":["GET"]}}],"collection":[{"href":"https:\/\/ecodom.md\/ro\/wp-json\/wp\/v2\/product"}],"about":[{"href":"https:\/\/ecodom.md\/ro\/wp-json\/wp\/v2\/types\/product"}],"replies":[{"embeddable":true,"href":"https:\/\/ecodom.md\/ro\/wp-json\/wp\/v2\/comments?post=12576"}],"wp:featuredmedia":[{"embeddable":true,"href":"https:\/\/ecodom.md\/ro\/wp-json\/wp\/v2\/media\/12575"}],"wp:attachment":[{"href":"https:\/\/ecodom.md\/ro\/wp-json\/wp\/v2\/media?parent=12576"}],"wp:term":[{"taxonomy":"product_brand","embeddable":true,"href":"https:\/\/ecodom.md\/ro\/wp-json\/wp\/v2\/product_brand?post=12576"},{"taxonomy":"product_cat","embeddable":true,"href":"https:\/\/ecodom.md\/ro\/wp-json\/wp\/v2\/product_cat?post=12576"},{"taxonomy":"product_tag","embeddable":true,"href":"https:\/\/ecodom.md\/ro\/wp-json\/wp\/v2\/product_tag?post=12576"}],"curies":[{"name":"wp","href":"https:\/\/api.w.org\/{rel}","templated":true}]}}