{"id":12523,"date":"2025-09-29T19:47:33","date_gmt":"2025-09-29T17:47:33","guid":{"rendered":"https:\/\/ecodom.md\/?post_type=product&#038;p=12523"},"modified":"2025-09-29T19:51:33","modified_gmt":"2025-09-29T17:51:33","slug":"valva-wireless-de-inchidere-a-apei-ajax-3","status":"publish","type":"product","link":"https:\/\/ecodom.md\/ro\/cat\/valva-wireless-de-inchidere-a-apei-ajax-3\/","title":{"rendered":"Valv\u0103 wireless de \u00eenchidere a apei Ajax"},"content":{"rendered":"<p><strong>Ajax WaterStop<\/strong> este o valv\u0103 wireless inteligent\u0103 ce opre\u0219te instant apa la detectarea unei scurgeri. Func\u021bioneaz\u0103 pe baterii \u0219i trimite notific\u0103ri prin sistemul Ajax.<\/p>\n<p><strong>Caracteristici:<\/strong><br \/>\n<em>\u2022 Tip:<\/em> Securitate inteligent\u0103, valv\u0103 wireless de \u00eenchidere a apei<br \/>\n<em>\u2022 Temperatura de operare:<\/em> 0 \u00b0C \u2014 +60 \u00b0C<br \/>\n<em>\u2022 Compatibilitate:<\/em> Hub Plus, Hub 2, Hub 2 Plus, Hub Hybrid<br \/>\n<em>\u2022 Culoare:<\/em> Negru<br \/>\n<em>\u2022 Caracteristici:<\/em> Notific\u0103ri sonore, indica\u021bie LED, notific\u0103ri push<br \/>\n<em>\u2022 Alimentare:<\/em> Baterie, 4 x CR123A<br \/>\n<em>\u2022 Dimensiuni:<\/em> 104 \u00d7 140 \u00d7 70 mm<\/p>\n","protected":false},"excerpt":{"rendered":"<p><strong>Ajax WaterStop<\/strong> este o valv\u0103 wireless inteligent\u0103 ce opre\u0219te instant apa la detectarea unei scurgeri. Func\u021bioneaz\u0103 pe baterii \u0219i trimite notific\u0103ri prin sistemul Ajax.<\/p>\n","protected":false},"featured_media":12507,"comment_status":"closed","ping_status":"closed","template":"","meta":[],"product_brand":[1622],"product_cat":[533,511,521],"product_tag":[280,683,635,604,572],"class_list":{"0":"post-12523","1":"product","2":"type-product","3":"status-publish","4":"has-post-thumbnail","6":"product_brand-ajax","7":"product_cat-controlul-apei","8":"product_cat-securitate","9":"product_cat-senzori","10":"product_tag-casa-inteligenta","11":"product_tag-control-apa","12":"product_tag-protectie-impotriva-scurgerilor","13":"product_tag-securitate","14":"product_tag-smart-home-ro","16":"first","17":"instock","18":"shipping-taxable","19":"purchasable","20":"product-type-simple"},"aioseo_notices":[],"_links":{"self":[{"href":"https:\/\/ecodom.md\/ro\/wp-json\/wp\/v2\/product\/12523","targetHints":{"allow":["GET"]}}],"collection":[{"href":"https:\/\/ecodom.md\/ro\/wp-json\/wp\/v2\/product"}],"about":[{"href":"https:\/\/ecodom.md\/ro\/wp-json\/wp\/v2\/types\/product"}],"replies":[{"embeddable":true,"href":"https:\/\/ecodom.md\/ro\/wp-json\/wp\/v2\/comments?post=12523"}],"wp:featuredmedia":[{"embeddable":true,"href":"https:\/\/ecodom.md\/ro\/wp-json\/wp\/v2\/media\/12507"}],"wp:attachment":[{"href":"https:\/\/ecodom.md\/ro\/wp-json\/wp\/v2\/media?parent=12523"}],"wp:term":[{"taxonomy":"product_brand","embeddable":true,"href":"https:\/\/ecodom.md\/ro\/wp-json\/wp\/v2\/product_brand?post=12523"},{"taxonomy":"product_cat","embeddable":true,"href":"https:\/\/ecodom.md\/ro\/wp-json\/wp\/v2\/product_cat?post=12523"},{"taxonomy":"product_tag","embeddable":true,"href":"https:\/\/ecodom.md\/ro\/wp-json\/wp\/v2\/product_tag?post=12523"}],"curies":[{"name":"wp","href":"https:\/\/api.w.org\/{rel}","templated":true}]}}