{"id":12476,"date":"2025-08-21T10:57:11","date_gmt":"2025-08-21T08:57:11","guid":{"rendered":"https:\/\/ecodom.md\/?post_type=product&#038;p=12476"},"modified":"2025-08-21T11:02:40","modified_gmt":"2025-08-21T09:02:40","slug":"detector-wireless-de-scurgeri-ajax-negru","status":"publish","type":"product","link":"https:\/\/ecodom.md\/ro\/cat\/detector-wireless-de-scurgeri-ajax-negru\/","title":{"rendered":"Detector wireless de scurgeri Ajax, negru"},"content":{"rendered":"<p><strong>Detectorul wireless de scurgeri Ajax LeaksProtect<\/strong>, cu protec\u021bie IP65, ofer\u0103 alert\u0103 rapid\u0103 \u0219i protec\u021bie sigur\u0103 \u00eempotriva infiltra\u021biilor de ap\u0103.<\/p>\n<p><strong>Caracteristici:<\/strong><br \/>\n<em>\ud83d\udd39 Tip:<\/em> Detector de scurgeri<br \/>\n<em>\ud83d\udd39 Instalare:<\/em> Interior<br \/>\n<em>\ud83d\udd39 Temperatur\u0103 de func\u021bionare:<\/em> 0\u202f\u00b0C \u2013 +50\u202f\u00b0C<br \/>\n<em>\ud83d\udd39 Compatibilitate:<\/em> Hub-uri Ajax, extensii, ocBridge Plus, uartBridge<br \/>\n<em>\ud83d\udd39 Semnale de alarm\u0103:<\/em> sonore \u0219i luminoase<br \/>\n<em>\ud83d\udd39 Timp de reac\u021bie:<\/em> 0,15 secunde<br \/>\n<em>\ud83d\udd39 Protec\u021bie:<\/em> IP65 (rezistent la ap\u0103)<br \/>\n<em>\ud83d\udd39 Surs\u0103 de alimentare:<\/em> Baterii<br \/>\n<em>\ud83d\udd39 Baterii necesare:<\/em> 2\u00d7AAA<br \/>\n<em>\ud83d\udd39 Dimensiuni:<\/em> 56 \u00d7 56 \u00d7 14 mm<br \/>\n<em>\ud83d\udd39 Greutate:<\/em> 40 g<br \/>\n<em>\ud83d\udd39 Con\u021binut pachet:<\/em> Detector, 2 baterii AAA<br \/>\n<em>\ud83d\udd39 Culoare:<\/em> Negru<\/p>\n","protected":false},"excerpt":{"rendered":"<p><strong>Detectorul wireless de scurgeri Ajax LeaksProtect<\/strong>, cu protec\u021bie IP65, ofer\u0103 alert\u0103 rapid\u0103 \u0219i protec\u021bie sigur\u0103 \u00eempotriva infiltra\u021biilor de ap\u0103.<\/p>\n","protected":false},"featured_media":12471,"comment_status":"closed","ping_status":"closed","template":"","meta":[],"product_brand":[1622],"product_cat":[511,521],"product_tag":[280,1742,1743,1744],"class_list":{"0":"post-12476","1":"product","2":"type-product","3":"status-publish","4":"has-post-thumbnail","6":"product_brand-ajax","7":"product_cat-securitate","8":"product_cat-senzori","9":"product_tag-casa-inteligenta","10":"product_tag-detector-scurgeri-ajax","11":"product_tag-protectie-apa","12":"product_tag-senzor-wireless","14":"first","15":"instock","16":"shipping-taxable","17":"purchasable","18":"product-type-simple"},"aioseo_notices":[],"_links":{"self":[{"href":"https:\/\/ecodom.md\/ro\/wp-json\/wp\/v2\/product\/12476","targetHints":{"allow":["GET"]}}],"collection":[{"href":"https:\/\/ecodom.md\/ro\/wp-json\/wp\/v2\/product"}],"about":[{"href":"https:\/\/ecodom.md\/ro\/wp-json\/wp\/v2\/types\/product"}],"replies":[{"embeddable":true,"href":"https:\/\/ecodom.md\/ro\/wp-json\/wp\/v2\/comments?post=12476"}],"wp:featuredmedia":[{"embeddable":true,"href":"https:\/\/ecodom.md\/ro\/wp-json\/wp\/v2\/media\/12471"}],"wp:attachment":[{"href":"https:\/\/ecodom.md\/ro\/wp-json\/wp\/v2\/media?parent=12476"}],"wp:term":[{"taxonomy":"product_brand","embeddable":true,"href":"https:\/\/ecodom.md\/ro\/wp-json\/wp\/v2\/product_brand?post=12476"},{"taxonomy":"product_cat","embeddable":true,"href":"https:\/\/ecodom.md\/ro\/wp-json\/wp\/v2\/product_cat?post=12476"},{"taxonomy":"product_tag","embeddable":true,"href":"https:\/\/ecodom.md\/ro\/wp-json\/wp\/v2\/product_tag?post=12476"}],"curies":[{"name":"wp","href":"https:\/\/api.w.org\/{rel}","templated":true}]}}