{"id":12466,"date":"2025-08-21T10:03:09","date_gmt":"2025-08-21T08:03:09","guid":{"rendered":"https:\/\/ecodom.md\/?post_type=product&#038;p=12466"},"modified":"2025-08-21T10:19:37","modified_gmt":"2025-08-21T08:19:37","slug":"detector-de-incendiu-ajax-alb-3","status":"publish","type":"product","link":"https:\/\/ecodom.md\/ro\/cat\/detector-de-incendiu-ajax-alb-3\/","title":{"rendered":"Detector de incendiu Ajax, alb"},"content":{"rendered":"<p><strong>Detectorul FireProtect Plus<\/strong> alb de la Ajax ofer\u0103 o protec\u021bie complet\u0103 \u00eempotriva incendiilor, cu detectare rapid\u0103 a fumului \u0219i c\u0103ldurii. U\u0219or de integrat \u00een sistemul t\u0103u de securitate Ajax.<\/p>\n<p><strong>Caracteristici:<\/strong><br \/>\n<em>\ud83d\udd39 Tip:<\/em> Detector de incendiu<br \/>\n<em>\ud83d\udd39 Instalare:<\/em> Interior<br \/>\n<em>\ud83d\udd39 Temperatur\u0103 de func\u021bionare:<\/em> 0\u202f\u00b0C \u2013 +65\u202f\u00b0C<br \/>\n<em>\ud83d\udd39 Compatibilitate:<\/em> Hub-uri Ajax, extensii de raz\u0103, ocBridge Plus, uartBridge<br \/>\n<em>\ud83d\udd39 Semnale de alarm\u0103:<\/em> Luminoase \u0219i sonore<br \/>\n<em>\ud83d\udd39 Timp de reac\u021bie:<\/em> 0,15 secunde<br \/>\n<em>\ud83d\udd39 Volum sunet:<\/em> 85 dB<br \/>\n<em>\ud83d\udd39 Surs\u0103 de alimentare:<\/em> Baterii<br \/>\n<em>\ud83d\udd39 Baterii necesare:<\/em> 2\u00d7CR2, 1\u00d7CR2032<br \/>\n<em>\ud83d\udd39 Dimensiuni:<\/em> 132 \u00d7 132 \u00d7 31 mm<br \/>\n<em>\ud83d\udd39 Greutate:<\/em> 220 g<br \/>\n<em>\ud83d\udd39 Con\u021binut pachet:<\/em> Detector, panou montaj, baterii, set instalare<br \/>\n<em>\ud83d\udd39 Culoare:<\/em> Alb<\/p>\n","protected":false},"excerpt":{"rendered":"<p><strong>Detectorul FireProtect Plus<\/strong> alb de la Ajax ofer\u0103 o protec\u021bie complet\u0103 \u00eempotriva incendiilor, cu detectare rapid\u0103 a fumului \u0219i c\u0103ldurii. U\u0219or de integrat \u00een sistemul t\u0103u de securitate Ajax.<\/p>\n","protected":false},"featured_media":12459,"comment_status":"closed","ping_status":"closed","template":"","meta":[],"product_brand":[1622],"product_cat":[511,521],"product_tag":[1734,1728,1738,1736],"class_list":{"0":"post-12466","1":"product","2":"type-product","3":"status-publish","4":"has-post-thumbnail","6":"product_brand-ajax","7":"product_cat-securitate","8":"product_cat-senzori","9":"product_tag-detector-fum-ajax","10":"product_tag-senzor-incendiu","11":"product_tag-siguranta-locuinta","12":"product_tag-sistem-alarma","14":"first","15":"instock","16":"shipping-taxable","17":"purchasable","18":"product-type-simple"},"aioseo_notices":[],"_links":{"self":[{"href":"https:\/\/ecodom.md\/ro\/wp-json\/wp\/v2\/product\/12466","targetHints":{"allow":["GET"]}}],"collection":[{"href":"https:\/\/ecodom.md\/ro\/wp-json\/wp\/v2\/product"}],"about":[{"href":"https:\/\/ecodom.md\/ro\/wp-json\/wp\/v2\/types\/product"}],"replies":[{"embeddable":true,"href":"https:\/\/ecodom.md\/ro\/wp-json\/wp\/v2\/comments?post=12466"}],"wp:featuredmedia":[{"embeddable":true,"href":"https:\/\/ecodom.md\/ro\/wp-json\/wp\/v2\/media\/12459"}],"wp:attachment":[{"href":"https:\/\/ecodom.md\/ro\/wp-json\/wp\/v2\/media?parent=12466"}],"wp:term":[{"taxonomy":"product_brand","embeddable":true,"href":"https:\/\/ecodom.md\/ro\/wp-json\/wp\/v2\/product_brand?post=12466"},{"taxonomy":"product_cat","embeddable":true,"href":"https:\/\/ecodom.md\/ro\/wp-json\/wp\/v2\/product_cat?post=12466"},{"taxonomy":"product_tag","embeddable":true,"href":"https:\/\/ecodom.md\/ro\/wp-json\/wp\/v2\/product_tag?post=12466"}],"curies":[{"name":"wp","href":"https:\/\/api.w.org\/{rel}","templated":true}]}}