{"id":12400,"date":"2025-08-12T10:24:14","date_gmt":"2025-08-12T08:24:14","guid":{"rendered":"https:\/\/ecodom.md\/?post_type=product&#038;p=12400"},"modified":"2025-08-12T10:35:07","modified_gmt":"2025-08-12T08:35:07","slug":"sonerie-video-inteligenta-xiaomi-negru","status":"publish","type":"product","link":"https:\/\/ecodom.md\/ro\/cat\/sonerie-video-inteligenta-xiaomi-negru\/","title":{"rendered":"Sonerie video inteligent\u0103 Xiaomi, negru"},"content":{"rendered":"<p><strong>Un videointerfon modern cu func\u021bie de monitorizare video<\/strong>, detec\u021bie a mi\u0219c\u0103rii \u0219i control de la distan\u021b\u0103. Func\u021bioneaz\u0103 \u00een condi\u021bii de temperatur\u0103 de la -20 p\u00e2n\u0103 la +50\u00b0C, av\u00e2nd un design elegant, negru. Ideal pentru protejarea casei \u00een orice anotimp.<\/p>\n<p><strong>Caracteristici:<\/strong><br \/>\n<em>\ud83d\udd39 Tip:<\/em> Sonerie video inteligent\u0103<br \/>\n<em>\ud83d\udd39 Temperatur\u0103 de func\u021bionare:<\/em> -20\u00b0C p\u00e2n\u0103 la +50\u00b0C<br \/>\n<em>\ud83d\udd39 Culoare:<\/em> Negru<br \/>\n<em>\ud83d\udd39 Dimensiuni:<\/em> 146 \u00d7 52 \u00d7 29 mm<\/p>\n","protected":false},"excerpt":{"rendered":"<p><strong>Un videointerfon modern cu func\u021bie de monitorizare video<\/strong>, detec\u021bie a mi\u0219c\u0103rii \u0219i control de la distan\u021b\u0103. Func\u021bioneaz\u0103 \u00een condi\u021bii de temperatur\u0103 de la -20 p\u00e2n\u0103 la +50\u00b0C, av\u00e2nd un design elegant, negru. Ideal pentru protejarea casei \u00een orice anotimp.<\/p>\n","protected":false},"featured_media":12399,"comment_status":"closed","ping_status":"closed","template":"","meta":[],"product_brand":[1576],"product_cat":[511,512],"product_tag":[1709,1710,1517,1571,609,1708],"class_list":{"0":"post-12400","1":"product","2":"type-product","3":"status-publish","4":"has-post-thumbnail","6":"product_brand-xiaomi","7":"product_cat-securitate","8":"product_cat-videointerfon","9":"product_tag-control-inteligent","10":"product_tag-interfon-video","11":"product_tag-securitate-locuinta","12":"product_tag-sonerie-video","13":"product_tag-videointerfon","14":"product_tag-xiaomi-smart","16":"first","17":"instock","18":"shipping-taxable","19":"purchasable","20":"product-type-simple"},"aioseo_notices":[],"_links":{"self":[{"href":"https:\/\/ecodom.md\/ro\/wp-json\/wp\/v2\/product\/12400","targetHints":{"allow":["GET"]}}],"collection":[{"href":"https:\/\/ecodom.md\/ro\/wp-json\/wp\/v2\/product"}],"about":[{"href":"https:\/\/ecodom.md\/ro\/wp-json\/wp\/v2\/types\/product"}],"replies":[{"embeddable":true,"href":"https:\/\/ecodom.md\/ro\/wp-json\/wp\/v2\/comments?post=12400"}],"wp:featuredmedia":[{"embeddable":true,"href":"https:\/\/ecodom.md\/ro\/wp-json\/wp\/v2\/media\/12399"}],"wp:attachment":[{"href":"https:\/\/ecodom.md\/ro\/wp-json\/wp\/v2\/media?parent=12400"}],"wp:term":[{"taxonomy":"product_brand","embeddable":true,"href":"https:\/\/ecodom.md\/ro\/wp-json\/wp\/v2\/product_brand?post=12400"},{"taxonomy":"product_cat","embeddable":true,"href":"https:\/\/ecodom.md\/ro\/wp-json\/wp\/v2\/product_cat?post=12400"},{"taxonomy":"product_tag","embeddable":true,"href":"https:\/\/ecodom.md\/ro\/wp-json\/wp\/v2\/product_tag?post=12400"}],"curies":[{"name":"wp","href":"https:\/\/api.w.org\/{rel}","templated":true}]}}