{"id":12274,"date":"2025-08-07T11:27:31","date_gmt":"2025-08-07T09:27:31","guid":{"rendered":"https:\/\/ecodom.md\/?post_type=product&#038;p=12274"},"modified":"2025-08-07T11:31:49","modified_gmt":"2025-08-07T09:31:49","slug":"detector-de-deschidere-ajax-negru","status":"publish","type":"product","link":"https:\/\/ecodom.md\/ro\/cat\/detector-de-deschidere-ajax-negru\/","title":{"rendered":"Detector de deschidere Ajax, negru"},"content":{"rendered":"<p><strong>Detector fiabil<\/strong> pentru deschiderea u\u0219ilor \u00een interior, cu transmitere rapid\u0103 a semnalului de alarm\u0103 \u0219i protec\u021bie IP50.<\/p>\n<p><strong>Caracteristici:<\/strong><br \/>\n<em>\ud83d\udd39 Tip:<\/em> Detector inteligent de deschidere<br \/>\n<em>\ud83d\udd39 Instalare:<\/em> \u00cen interior<br \/>\n<em>\ud83d\udd39 Temperatur\u0103 de func\u021bionare:<\/em> de la -10 \u00b0\u0421 la +40 \u00b0\u0421<br \/>\n<em>\ud83d\udd39 Indicator LED:<\/em> Da<br \/>\n<em>\ud83d\udd39 Compatibilitate:<\/em> Hub-uri Ajax, extensii de semnal<br \/>\n<em>\ud83d\udd39 Include:<\/em> Detector, panou de montare, baterie CR123A, magne\u021bi, kit de instalare, terminal<br \/>\n<em>\ud83d\udd39 Protec\u021bie:<\/em> IP50<br \/>\n<em>\ud83d\udd39 Alimentare:<\/em> Baterie CR123A<br \/>\n<em>\ud83d\udd39 Dimensiuni:<\/em> 20 \u00d7 90 mm<br \/>\n<em>\ud83d\udd39 Greutate:<\/em> 29 g<br \/>\n<em>\ud83d\udd39 Timp de r\u0103spuns alarm\u0103:<\/em> 0.15 s<\/p>\n","protected":false},"excerpt":{"rendered":"<p><strong>Detector fiabil<\/strong> pentru deschiderea u\u0219ilor \u00een interior, cu transmitere rapid\u0103 a semnalului de alarm\u0103 \u0219i protec\u021bie IP50.<\/p>\n","protected":false},"featured_media":12265,"comment_status":"closed","ping_status":"closed","template":"","meta":[],"product_brand":[1622],"product_cat":[511,521],"product_tag":[1639,280,1655,1318,624],"class_list":{"0":"post-12274","1":"product","2":"type-product","3":"status-publish","4":"has-post-thumbnail","6":"product_brand-ajax","7":"product_cat-securitate","8":"product_cat-senzori","9":"product_tag-ajax-2","10":"product_tag-casa-inteligenta","11":"product_tag-detector-deschidere","12":"product_tag-securitate-casa","13":"product_tag-senzor-de-deschidere","15":"first","16":"instock","17":"shipping-taxable","18":"purchasable","19":"product-type-simple"},"aioseo_notices":[],"_links":{"self":[{"href":"https:\/\/ecodom.md\/ro\/wp-json\/wp\/v2\/product\/12274","targetHints":{"allow":["GET"]}}],"collection":[{"href":"https:\/\/ecodom.md\/ro\/wp-json\/wp\/v2\/product"}],"about":[{"href":"https:\/\/ecodom.md\/ro\/wp-json\/wp\/v2\/types\/product"}],"replies":[{"embeddable":true,"href":"https:\/\/ecodom.md\/ro\/wp-json\/wp\/v2\/comments?post=12274"}],"wp:featuredmedia":[{"embeddable":true,"href":"https:\/\/ecodom.md\/ro\/wp-json\/wp\/v2\/media\/12265"}],"wp:attachment":[{"href":"https:\/\/ecodom.md\/ro\/wp-json\/wp\/v2\/media?parent=12274"}],"wp:term":[{"taxonomy":"product_brand","embeddable":true,"href":"https:\/\/ecodom.md\/ro\/wp-json\/wp\/v2\/product_brand?post=12274"},{"taxonomy":"product_cat","embeddable":true,"href":"https:\/\/ecodom.md\/ro\/wp-json\/wp\/v2\/product_cat?post=12274"},{"taxonomy":"product_tag","embeddable":true,"href":"https:\/\/ecodom.md\/ro\/wp-json\/wp\/v2\/product_tag?post=12274"}],"curies":[{"name":"wp","href":"https:\/\/api.w.org\/{rel}","templated":true}]}}