{"id":12228,"date":"2025-08-04T14:27:17","date_gmt":"2025-08-04T12:27:17","guid":{"rendered":"https:\/\/ecodom.md\/?post_type=product&#038;p=12228"},"modified":"2025-08-04T14:53:14","modified_gmt":"2025-08-04T12:53:14","slug":"detector-de-miscare-ajax-cu-verificare-foto-negru","status":"publish","type":"product","link":"https:\/\/ecodom.md\/ro\/cat\/detector-de-miscare-ajax-cu-verificare-foto-negru\/","title":{"rendered":"Detector de mi\u0219care Ajax cu verificare foto, negru"},"content":{"rendered":"<p><strong>Senzor inteligent de mi\u0219care cu camer\u0103 foto<\/strong>: detecteaz\u0103 mi\u0219carea \u0219i trimite instantaneu o serie de imagini pe telefon. Solu\u021bia perfect\u0103 pentru lini\u0219tea ta.<\/p>\n<p><strong>Caracteristici \u00een rom\u00e2n\u0103:<\/strong><br \/>\n<em>\ud83d\udd39 Tip:<\/em> Detector de mi\u0219care cu verificare foto<br \/>\n<em>\ud83d\udd39 Instalare:<\/em> \u00cen interior<br \/>\n<em>\ud83d\udd39 \u00cen\u0103l\u021bime recomandat\u0103 de montare:<\/em> P\u00e2n\u0103 la 2.4 m<br \/>\n<em>\ud83d\udd39 Temperatur\u0103 de func\u021bionare:<\/em> de la -10 \u00b0C p\u00e2n\u0103 la +40 \u00b0C<br \/>\n<em>\ud83d\udd39 Indicator LED:<\/em> Da<br \/>\n<em>\ud83d\udd39 Compatibilitate:<\/em> Hub Plus, Hub 2 Plus, Hub Hybrid, ReX 2<br \/>\n<em>\ud83d\udd39 Distan\u021b\u0103 de detec\u021bie:<\/em> p\u00e2n\u0103 la 12 m<br \/>\n<em>\ud83d\udd39 Protec\u021bie:<\/em> IP50<br \/>\n<em>\ud83d\udd39 Surs\u0103 de alimentare:<\/em> 2 \u00d7 baterii CR123A<br \/>\n<em>\ud83d\udd39 Dimensiuni:<\/em> 135 \u00d7 70 \u00d7 60 mm<br \/>\n<em>\ud83d\udd39 Greutate:<\/em> 167 g<\/p>\n","protected":false},"excerpt":{"rendered":"<p><strong>Senzor inteligent de mi\u0219care cu camer\u0103 foto<\/strong>: detecteaz\u0103 mi\u0219carea \u0219i trimite instantaneu o serie de imagini pe telefon. Solu\u021bia perfect\u0103 pentru lini\u0219tea ta.<\/p>\n","protected":false},"featured_media":12221,"comment_status":"closed","ping_status":"closed","template":"","meta":[],"product_brand":[1622],"product_cat":[511,521],"product_tag":[1646,619,572],"class_list":{"0":"post-12228","1":"product","2":"type-product","3":"status-publish","4":"has-post-thumbnail","6":"product_brand-ajax","7":"product_cat-securitate","8":"product_cat-senzori","9":"product_tag-detector-cu-camera","10":"product_tag-senzor-de-miscare","11":"product_tag-smart-home-ro","13":"first","14":"instock","15":"shipping-taxable","16":"purchasable","17":"product-type-simple"},"aioseo_notices":[],"_links":{"self":[{"href":"https:\/\/ecodom.md\/ro\/wp-json\/wp\/v2\/product\/12228","targetHints":{"allow":["GET"]}}],"collection":[{"href":"https:\/\/ecodom.md\/ro\/wp-json\/wp\/v2\/product"}],"about":[{"href":"https:\/\/ecodom.md\/ro\/wp-json\/wp\/v2\/types\/product"}],"replies":[{"embeddable":true,"href":"https:\/\/ecodom.md\/ro\/wp-json\/wp\/v2\/comments?post=12228"}],"wp:featuredmedia":[{"embeddable":true,"href":"https:\/\/ecodom.md\/ro\/wp-json\/wp\/v2\/media\/12221"}],"wp:attachment":[{"href":"https:\/\/ecodom.md\/ro\/wp-json\/wp\/v2\/media?parent=12228"}],"wp:term":[{"taxonomy":"product_brand","embeddable":true,"href":"https:\/\/ecodom.md\/ro\/wp-json\/wp\/v2\/product_brand?post=12228"},{"taxonomy":"product_cat","embeddable":true,"href":"https:\/\/ecodom.md\/ro\/wp-json\/wp\/v2\/product_cat?post=12228"},{"taxonomy":"product_tag","embeddable":true,"href":"https:\/\/ecodom.md\/ro\/wp-json\/wp\/v2\/product_tag?post=12228"}],"curies":[{"name":"wp","href":"https:\/\/api.w.org\/{rel}","templated":true}]}}