{"id":12202,"date":"2025-07-28T10:51:10","date_gmt":"2025-07-28T08:51:10","guid":{"rendered":"https:\/\/ecodom.md\/?post_type=product&#038;p=12202"},"modified":"2025-07-28T11:23:58","modified_gmt":"2025-07-28T09:23:58","slug":"detector-de-miscare-ajax-motionprotect-negru","status":"publish","type":"product","link":"https:\/\/ecodom.md\/ro\/cat\/detector-de-miscare-ajax-motionprotect-negru\/","title":{"rendered":"Detector de mi\u0219care Ajax MotionProtect, negru"},"content":{"rendered":"<p><strong>Detector f\u0103r\u0103 fir de \u00eenalt\u0103 sensibilitate<\/strong> pentru interior, cu r\u0103spuns rapid \u0219i detec\u021bie precis\u0103 a mi\u0219c\u0103rii. Perfect pentru locuin\u021be, birouri \u0219i spa\u021bii comerciale.<\/p>\n<p><strong>Caracteristici:<\/strong><br \/>\n<em>\ud83d\udd39 Tip:<\/em> Detector de mi\u0219care<br \/>\n<em>\ud83d\udd39 Instalare:<\/em> \u00cen interior<br \/>\n<em>\ud83d\udd39 \u00cen\u0103l\u021bime recomandat\u0103 de montare:<\/em> P\u00e2n\u0103 la 2.4 m<br \/>\n<em>\ud83d\udd39 Temperatur\u0103 de func\u021bionare:<\/em> de la -10 \u00b0\u0421 p\u00e2n\u0103 la +40 \u00b0\u0421<br \/>\n<em>\ud83d\udd39 Compatibilitate:<\/em> Ajax hubs, extensoare de raz\u0103, ocBridge Plus, uartBridge<br \/>\n<em>\ud83d\udd39 Indicator LED:<\/em> Da<br \/>\n<em>\ud83d\udd39 Distan\u021ba de detec\u021bie a mi\u0219c\u0103rii:<\/em> p\u00e2n\u0103 la 12 m<br \/>\n<em>\ud83d\udd39 Unghi de detec\u021bie:<\/em> orizontal \u2014 88.5\u00b0, vertical \u2014 80\u00b0<br \/>\n<em>\ud83d\udd39 Protec\u021bie:<\/em> IP \u2014 nu este<br \/>\n<em>\ud83d\udd39 Alimentare:<\/em> Baterie CR123A<br \/>\n<em>\ud83d\udd39 Dimensiuni:<\/em> 110 \u00d7 65 \u00d7 50 mm<br \/>\n<em>\ud83d\udd39 Greutate:<\/em> 96 g<\/p>\n","protected":false},"excerpt":{"rendered":"<p><strong>Detector f\u0103r\u0103 fir de \u00eenalt\u0103 sensibilitate<\/strong> pentru interior, cu r\u0103spuns rapid \u0219i detec\u021bie precis\u0103 a mi\u0219c\u0103rii. Perfect pentru locuin\u021be, birouri \u0219i spa\u021bii comerciale.<\/p>\n","protected":false},"featured_media":12155,"comment_status":"closed","ping_status":"closed","template":"","meta":[],"product_brand":[1622],"product_cat":[521],"product_tag":[705,604,619,1196],"class_list":{"0":"post-12202","1":"product","2":"type-product","3":"status-publish","4":"has-post-thumbnail","6":"product_brand-ajax","7":"product_cat-senzori","8":"product_tag-detector-de-miscare","9":"product_tag-securitate","10":"product_tag-senzor-de-miscare","11":"product_tag-senzor-inteligent","13":"first","14":"instock","15":"shipping-taxable","16":"purchasable","17":"product-type-simple"},"aioseo_notices":[],"_links":{"self":[{"href":"https:\/\/ecodom.md\/ro\/wp-json\/wp\/v2\/product\/12202","targetHints":{"allow":["GET"]}}],"collection":[{"href":"https:\/\/ecodom.md\/ro\/wp-json\/wp\/v2\/product"}],"about":[{"href":"https:\/\/ecodom.md\/ro\/wp-json\/wp\/v2\/types\/product"}],"replies":[{"embeddable":true,"href":"https:\/\/ecodom.md\/ro\/wp-json\/wp\/v2\/comments?post=12202"}],"wp:featuredmedia":[{"embeddable":true,"href":"https:\/\/ecodom.md\/ro\/wp-json\/wp\/v2\/media\/12155"}],"wp:attachment":[{"href":"https:\/\/ecodom.md\/ro\/wp-json\/wp\/v2\/media?parent=12202"}],"wp:term":[{"taxonomy":"product_brand","embeddable":true,"href":"https:\/\/ecodom.md\/ro\/wp-json\/wp\/v2\/product_brand?post=12202"},{"taxonomy":"product_cat","embeddable":true,"href":"https:\/\/ecodom.md\/ro\/wp-json\/wp\/v2\/product_cat?post=12202"},{"taxonomy":"product_tag","embeddable":true,"href":"https:\/\/ecodom.md\/ro\/wp-json\/wp\/v2\/product_tag?post=12202"}],"curies":[{"name":"wp","href":"https:\/\/api.w.org\/{rel}","templated":true}]}}