{"id":12186,"date":"2025-07-24T14:01:46","date_gmt":"2025-07-24T12:01:46","guid":{"rendered":"https:\/\/ecodom.md\/?post_type=product&#038;p=12186"},"modified":"2025-07-24T14:05:09","modified_gmt":"2025-07-24T12:05:09","slug":"detector-de-miscare-ajax-negru","status":"publish","type":"product","link":"https:\/\/ecodom.md\/ro\/cat\/detector-de-miscare-ajax-negru\/","title":{"rendered":"Detector de mi\u0219care Ajax, negru"},"content":{"rendered":"<p><strong>Detectorul de mi\u0219care Ajax &#8220;Motion Protect&#8221;<\/strong> detecteaz\u0103 imediat mi\u0219carea din interior. Carcasa neagr\u0103 ofer\u0103 un plus de stil pentru casa ta inteligent\u0103.<\/p>\n<p><strong>Caracteristici:<\/strong><br \/>\n<em>\ud83d\udd27 Tip:<\/em> Detector de mi\u0219care<br \/>\n<em>\ud83c\udfe0 Instalare:<\/em> Interior<br \/>\n<em>\ud83d\udccf \u00cen\u0103l\u021bimea recomandat\u0103 pentru montare:<\/em> p\u00e2n\u0103 la 2.4 m<br \/>\n<em>\ud83c\udf21\ufe0f Temperatur\u0103 de func\u021bionare:<\/em> de la -10 \u00b0C p\u00e2n\u0103 la +40 \u00b0C<br \/>\n<em>\ud83d\udd06 Indicator LED:<\/em> Da<br \/>\n<em>\ud83d\udcf6 Compatibilitate:<\/em> Hub-uri Ajax, extensii de semnal, ocBridge Plus, uartBridge<br \/>\n<em>\ud83d\udce1 Distan\u021b\u0103 de detec\u021bie a mi\u0219c\u0103rii:<\/em> p\u00e2n\u0103 la 12 m<br \/>\n<em>\ud83d\udcd0 Unghi de detec\u021bie:<\/em> orizontal \u2014 88.5\u00b0, vertical \u2014 80\u00b0<br \/>\n<em>\u23f1\ufe0f Timp de reac\u021bie:<\/em> 0.15 secunde<br \/>\n<em>\ud83d\udd0b Surs\u0103 de alimentare:<\/em> baterie CR123A<br \/>\n<em>\ud83d\udce6 Con\u021binut pachet:<\/em> Detector, suport montare, baterie, kit de instalare<br \/>\n<em>\ud83d\udcd0 Dimensiuni:<\/em> 110 \u00d7 65 \u00d7 50 mm<br \/>\n<em>\u2696\ufe0f Greutate:<\/em> 86 g<\/p>\n","protected":false},"excerpt":{"rendered":"<p><strong>Detectorul de mi\u0219care Ajax &#8220;Motion Protect&#8221;<\/strong> detecteaz\u0103 imediat mi\u0219carea din interior. Carcasa neagr\u0103 ofer\u0103 un plus de stil pentru casa ta inteligent\u0103.<\/p>\n","protected":false},"featured_media":12155,"comment_status":"closed","ping_status":"closed","template":"","meta":[],"product_brand":[1622],"product_cat":[511,521],"product_tag":[1632,604,619],"class_list":{"0":"post-12186","1":"product","2":"type-product","3":"status-publish","4":"has-post-thumbnail","6":"product_brand-ajax","7":"product_cat-securitate","8":"product_cat-senzori","9":"product_tag-alarma-2","10":"product_tag-securitate","11":"product_tag-senzor-de-miscare","13":"first","14":"instock","15":"shipping-taxable","16":"purchasable","17":"product-type-simple"},"aioseo_notices":[],"_links":{"self":[{"href":"https:\/\/ecodom.md\/ro\/wp-json\/wp\/v2\/product\/12186","targetHints":{"allow":["GET"]}}],"collection":[{"href":"https:\/\/ecodom.md\/ro\/wp-json\/wp\/v2\/product"}],"about":[{"href":"https:\/\/ecodom.md\/ro\/wp-json\/wp\/v2\/types\/product"}],"replies":[{"embeddable":true,"href":"https:\/\/ecodom.md\/ro\/wp-json\/wp\/v2\/comments?post=12186"}],"wp:featuredmedia":[{"embeddable":true,"href":"https:\/\/ecodom.md\/ro\/wp-json\/wp\/v2\/media\/12155"}],"wp:attachment":[{"href":"https:\/\/ecodom.md\/ro\/wp-json\/wp\/v2\/media?parent=12186"}],"wp:term":[{"taxonomy":"product_brand","embeddable":true,"href":"https:\/\/ecodom.md\/ro\/wp-json\/wp\/v2\/product_brand?post=12186"},{"taxonomy":"product_cat","embeddable":true,"href":"https:\/\/ecodom.md\/ro\/wp-json\/wp\/v2\/product_cat?post=12186"},{"taxonomy":"product_tag","embeddable":true,"href":"https:\/\/ecodom.md\/ro\/wp-json\/wp\/v2\/product_tag?post=12186"}],"curies":[{"name":"wp","href":"https:\/\/api.w.org\/{rel}","templated":true}]}}