{"id":12092,"date":"2025-07-24T11:13:25","date_gmt":"2025-07-24T09:13:25","guid":{"rendered":"https:\/\/ecodom.md\/?post_type=product&#038;p=12092"},"modified":"2025-07-24T11:16:57","modified_gmt":"2025-07-24T09:16:57","slug":"statie-meteo-si-ceas-inteligent-muse-pentru-interior","status":"publish","type":"product","link":"https:\/\/ecodom.md\/ro\/cat\/statie-meteo-si-ceas-inteligent-muse-pentru-interior\/","title":{"rendered":"Sta\u021bie meteo \u0219i ceas inteligent Muse &#8211; pentru interior"},"content":{"rendered":"<p><strong>Sta\u021bia meteo multifunc\u021bional\u0103 Muse M-090WMC<\/strong> cu ceas inteligent permite monitorizarea temperaturii, umidit\u0103\u021bii \u0219i ofer\u0103 alarm\u0103. Ideal\u0103 pentru birou sau perete.<\/p>\n<p><strong>Caracteristici:<\/strong><br \/>\n<em>\ud83d\udce6 Tip:<\/em> Senzor inteligent de temperatur\u0103 \u0219i umiditate<br \/>\n<em>\u23f0 Ceas inteligent<\/em> cu alarm\u0103<br \/>\n<em>\ud83d\udccd Instalare:<\/em> De birou, pe perete<br \/>\n<em>\ud83d\udca1 Indicator LED:<\/em> Da<br \/>\n<em>\ud83d\udd14 Semnale de alarm\u0103:<\/em> Da<br \/>\n<em>\u23f1\ufe0f Timp de r\u0103spuns:<\/em> 0,3 secunde<br \/>\n<em>\ud83d\udd0b Alimentare:<\/em> 2 baterii AAA<br \/>\n<em>\ud83d\udccf Dimensiuni:<\/em> 177.5 x 24.5 x 220 mm<br \/>\n<em>\u2696\ufe0f Greutate:<\/em> 480 g<br \/>\n<em>\ud83c\udfa8 Culoare:<\/em> Alb\u0103<\/p>\n","protected":false},"excerpt":{"rendered":"<p><strong>Sta\u021bia meteo multifunc\u021bional\u0103 Muse M-090WMC<\/strong> cu ceas inteligent permite monitorizarea temperaturii, umidit\u0103\u021bii \u0219i ofer\u0103 alarm\u0103. Ideal\u0103 pentru birou sau perete.<\/p>\n","protected":false},"featured_media":12091,"comment_status":"closed","ping_status":"closed","template":"","meta":[],"product_brand":[1615],"product_cat":[521],"product_tag":[666,628,618],"class_list":{"0":"post-12092","1":"product","2":"type-product","3":"status-publish","4":"has-post-thumbnail","6":"product_brand-muse","7":"product_cat-senzori","8":"product_tag-ceas-inteligent","9":"product_tag-senzor-de-temperatura","10":"product_tag-senzor-de-umiditate","12":"first","13":"instock","14":"shipping-taxable","15":"purchasable","16":"product-type-simple"},"aioseo_notices":[],"_links":{"self":[{"href":"https:\/\/ecodom.md\/ro\/wp-json\/wp\/v2\/product\/12092","targetHints":{"allow":["GET"]}}],"collection":[{"href":"https:\/\/ecodom.md\/ro\/wp-json\/wp\/v2\/product"}],"about":[{"href":"https:\/\/ecodom.md\/ro\/wp-json\/wp\/v2\/types\/product"}],"replies":[{"embeddable":true,"href":"https:\/\/ecodom.md\/ro\/wp-json\/wp\/v2\/comments?post=12092"}],"wp:featuredmedia":[{"embeddable":true,"href":"https:\/\/ecodom.md\/ro\/wp-json\/wp\/v2\/media\/12091"}],"wp:attachment":[{"href":"https:\/\/ecodom.md\/ro\/wp-json\/wp\/v2\/media?parent=12092"}],"wp:term":[{"taxonomy":"product_brand","embeddable":true,"href":"https:\/\/ecodom.md\/ro\/wp-json\/wp\/v2\/product_brand?post=12092"},{"taxonomy":"product_cat","embeddable":true,"href":"https:\/\/ecodom.md\/ro\/wp-json\/wp\/v2\/product_cat?post=12092"},{"taxonomy":"product_tag","embeddable":true,"href":"https:\/\/ecodom.md\/ro\/wp-json\/wp\/v2\/product_tag?post=12092"}],"curies":[{"name":"wp","href":"https:\/\/api.w.org\/{rel}","templated":true}]}}