{"id":12072,"date":"2025-07-24T08:53:38","date_gmt":"2025-07-24T06:53:38","guid":{"rendered":"https:\/\/ecodom.md\/?post_type=product&#038;p=12072"},"modified":"2025-07-24T08:58:13","modified_gmt":"2025-07-24T06:58:13","slug":"statie-meteo-hama-pentru-interior-si-exterior-2","status":"publish","type":"product","link":"https:\/\/ecodom.md\/ro\/cat\/statie-meteo-hama-pentru-interior-si-exterior-2\/","title":{"rendered":"Sta\u021bie meteo Hama &#8211; pentru interior \u0219i exterior"},"content":{"rendered":"<p><strong>Sta\u021bia meteo Hama Ebro<\/strong> monitorizeaz\u0103 temperatura \u0219i umiditatea at\u00e2t \u00een interior, c\u00e2t \u0219i \u00een exterior. Func\u021bioneaz\u0103 pe baterie, este compact\u0103 \u0219i ideal\u0103 pentru utilizarea zilnic\u0103.<\/p>\n<p><strong>Caracteristici:<\/strong><br \/>\n<em>\ud83d\udce6 Tip:<\/em> Senzor inteligent de temperatur\u0103 \u0219i umiditate<br \/>\n<em>\ud83e\ude91 Instalare:<\/em> De birou<br \/>\n<em>\ud83c\udf21 Temperatur\u0103 de operare:<\/em> de la -20\u00b0C p\u00e2n\u0103 la +60\u00b0C<br \/>\n<em>\ud83d\udd0b Alimentare:<\/em> Baterie CR2032<br \/>\n<em>\ud83d\udccf Dimensiuni:<\/em> 65 x 13 x 50 mm<br \/>\n<em>\u2696\ufe0f Greutate:<\/em> 20 g<br \/>\n<em>\ud83c\udfa8 Culoare:<\/em> Alb\u0103<\/p>\n","protected":false},"excerpt":{"rendered":"<p><strong>Sta\u021bia meteo Hama Ebro<\/strong> monitorizeaz\u0103 temperatura \u0219i umiditatea at\u00e2t \u00een interior, c\u00e2t \u0219i \u00een exterior. Func\u021bioneaz\u0103 pe baterie, este compact\u0103 \u0219i ideal\u0103 pentru utilizarea zilnic\u0103.<\/p>\n","protected":false},"featured_media":12065,"comment_status":"closed","ping_status":"closed","template":"","meta":[],"product_brand":[1606],"product_cat":[521],"product_tag":[1610,1608,1611,1612],"class_list":{"0":"post-12072","1":"product","2":"type-product","3":"status-publish","4":"has-post-thumbnail","6":"product_brand-hama","7":"product_cat-senzori","8":"product_tag-hama-2","9":"product_tag-statie-meteo","10":"product_tag-temperatura-2","11":"product_tag-umiditate","13":"first","14":"instock","15":"shipping-taxable","16":"purchasable","17":"product-type-simple"},"aioseo_notices":[],"_links":{"self":[{"href":"https:\/\/ecodom.md\/ro\/wp-json\/wp\/v2\/product\/12072","targetHints":{"allow":["GET"]}}],"collection":[{"href":"https:\/\/ecodom.md\/ro\/wp-json\/wp\/v2\/product"}],"about":[{"href":"https:\/\/ecodom.md\/ro\/wp-json\/wp\/v2\/types\/product"}],"replies":[{"embeddable":true,"href":"https:\/\/ecodom.md\/ro\/wp-json\/wp\/v2\/comments?post=12072"}],"wp:featuredmedia":[{"embeddable":true,"href":"https:\/\/ecodom.md\/ro\/wp-json\/wp\/v2\/media\/12065"}],"wp:attachment":[{"href":"https:\/\/ecodom.md\/ro\/wp-json\/wp\/v2\/media?parent=12072"}],"wp:term":[{"taxonomy":"product_brand","embeddable":true,"href":"https:\/\/ecodom.md\/ro\/wp-json\/wp\/v2\/product_brand?post=12072"},{"taxonomy":"product_cat","embeddable":true,"href":"https:\/\/ecodom.md\/ro\/wp-json\/wp\/v2\/product_cat?post=12072"},{"taxonomy":"product_tag","embeddable":true,"href":"https:\/\/ecodom.md\/ro\/wp-json\/wp\/v2\/product_tag?post=12072"}],"curies":[{"name":"wp","href":"https:\/\/api.w.org\/{rel}","templated":true}]}}