{"id":11975,"date":"2025-07-21T20:57:42","date_gmt":"2025-07-21T18:57:42","guid":{"rendered":"https:\/\/ecodom.md\/?post_type=product&#038;p=11975"},"modified":"2025-07-21T21:03:55","modified_gmt":"2025-07-21T19:03:55","slug":"camera-de-supraveghere-exterioara-xiaomi-cw400-alba","status":"publish","type":"product","link":"https:\/\/ecodom.md\/ro\/cat\/camera-de-supraveghere-exterioara-xiaomi-cw400-alba\/","title":{"rendered":"Camer\u0103 de Supraveghere Exterioar\u0103 Xiaomi CW400, Alb\u0103"},"content":{"rendered":"<p><strong>Camer\u0103 de exterior<\/strong> fiabil\u0103 cu rezolu\u021bie 2.5K \u0219i protec\u021bie IP66. Ideal\u0103 pentru monitorizarea video 24\/7 \u0219i stocare local\u0103 pe microSD.<\/p>\n<p><strong>Caracteristici:<\/strong><br \/>\n<em>\ud83d\udcf9 Tip:<\/em> Camer\u0103 de securitate inteligent\u0103, Camer\u0103 de re\u021bea<br \/>\n<em>\ud83c\udfe0 Utilizare:<\/em> Exterior<br \/>\n<em>\ud83d\udca7 Grad de protec\u021bie:<\/em> IP66<br \/>\n<em>\ud83c\udfa8 Culoare:<\/em> Alb<br \/>\n<em>\ud83d\udd0d Rezolu\u021bie video:<\/em> 2560&#215;1440<br \/>\n<em>\ud83d\udd06 Diafragm\u0103:<\/em> 1.6<br \/>\n<em>\ud83d\udcbe Stocare:<\/em> microSD p\u00e2n\u0103 la 256 GB<br \/>\n<em>\ud83d\udd0c Alimentare:<\/em> Adaptor inclus<\/p>\n","protected":false},"excerpt":{"rendered":"<p><strong>Camer\u0103 de exterior<\/strong> fiabil\u0103 cu rezolu\u021bie 2.5K \u0219i protec\u021bie IP66. Ideal\u0103 pentru monitorizarea video 24\/7 \u0219i stocare local\u0103 pe microSD.<\/p>\n","protected":false},"featured_media":11970,"comment_status":"closed","ping_status":"closed","template":"","meta":[],"product_brand":[1576],"product_cat":[513,511],"product_tag":[1549,1595,611,318],"class_list":{"0":"post-11975","1":"product","2":"type-product","3":"status-publish","4":"has-post-thumbnail","6":"product_brand-xiaomi","7":"product_cat-monitorizare-video","8":"product_cat-securitate","9":"product_tag-camera-exterioara","10":"product_tag-protectia-casei","11":"product_tag-supraveghere-video","12":"product_tag-xiaomi-2","14":"first","15":"instock","16":"shipping-taxable","17":"purchasable","18":"product-type-simple"},"aioseo_notices":[],"_links":{"self":[{"href":"https:\/\/ecodom.md\/ro\/wp-json\/wp\/v2\/product\/11975","targetHints":{"allow":["GET"]}}],"collection":[{"href":"https:\/\/ecodom.md\/ro\/wp-json\/wp\/v2\/product"}],"about":[{"href":"https:\/\/ecodom.md\/ro\/wp-json\/wp\/v2\/types\/product"}],"replies":[{"embeddable":true,"href":"https:\/\/ecodom.md\/ro\/wp-json\/wp\/v2\/comments?post=11975"}],"wp:featuredmedia":[{"embeddable":true,"href":"https:\/\/ecodom.md\/ro\/wp-json\/wp\/v2\/media\/11970"}],"wp:attachment":[{"href":"https:\/\/ecodom.md\/ro\/wp-json\/wp\/v2\/media?parent=11975"}],"wp:term":[{"taxonomy":"product_brand","embeddable":true,"href":"https:\/\/ecodom.md\/ro\/wp-json\/wp\/v2\/product_brand?post=11975"},{"taxonomy":"product_cat","embeddable":true,"href":"https:\/\/ecodom.md\/ro\/wp-json\/wp\/v2\/product_cat?post=11975"},{"taxonomy":"product_tag","embeddable":true,"href":"https:\/\/ecodom.md\/ro\/wp-json\/wp\/v2\/product_tag?post=11975"}],"curies":[{"name":"wp","href":"https:\/\/api.w.org\/{rel}","templated":true}]}}