{"id":11957,"date":"2025-07-21T20:17:22","date_gmt":"2025-07-21T18:17:22","guid":{"rendered":"https:\/\/ecodom.md\/?post_type=product&#038;p=11957"},"modified":"2025-07-21T20:22:43","modified_gmt":"2025-07-21T18:22:43","slug":"camera-de-supraveghere-exterioara-xiaomi-bw500-alba","status":"publish","type":"product","link":"https:\/\/ecodom.md\/ro\/cat\/camera-de-supraveghere-exterioara-xiaomi-bw500-alba\/","title":{"rendered":"Camer\u0103 de Supraveghere Exterioar\u0103 Xiaomi BW500, Alb\u0103"},"content":{"rendered":"<p><strong>Viziune nocturn\u0103 color<\/strong>, rezolu\u021bie 2.5K \u0219i detec\u021bie inteligent\u0103 a persoanelor, animalelor \u0219i vehiculelor \u2014 o camer\u0103 smart pentru siguran\u021ba locuin\u021bei tale \u00een orice condi\u021bii.<\/p>\n<p><strong> Caracteristici:<\/strong><br \/>\n<em>\ud83d\udcf9 Tip:<\/em> Camer\u0103 de re\u021bea, Securitate inteligent\u0103<br \/>\n<em>\ud83c\udfe0 Utilizare:<\/em> Exterior<br \/>\n<em>\ud83d\udca7 Grad de protec\u021bie:<\/em> IP67<br \/>\n<em>\ud83c\udfa8 Culoare:<\/em> Alb<br \/>\n<em>\ud83d\udd0d Rezolu\u021bie video:<\/em> 2560&#215;1440<br \/>\n<em>\ud83d\udd06 Diafragm\u0103:<\/em> 1.6<br \/>\n<em>\ud83c\udf19 Vedere nocturn\u0103:<\/em> Color<br \/>\n<em>\ud83d\udcf1 Compatibilitate:<\/em> Android, iOS<br \/>\n<em>\ud83c\udf99 Asisten\u021bi vocali:<\/em> Alexa, Google<br \/>\n<em>\ud83e\udde0 Func\u021bii software:<\/em> Detectare mi\u0219care, persoane, animale, vehicule<br \/>\n<em>\ud83d\udcbe Stocare:<\/em> Card MicroSD p\u00e2n\u0103 la 8 GB<br \/>\n<em>\ud83d\udce1 Wi-Fi:<\/em> 2.4GHz<br \/>\n<em>\ud83d\udcd0 Dimensiuni:<\/em> 85 x 60 x 96 mm<\/p>\n","protected":false},"excerpt":{"rendered":"<p><strong>Viziune nocturn\u0103 color<\/strong>, rezolu\u021bie 2.5K \u0219i detec\u021bie inteligent\u0103 a persoanelor, animalelor \u0219i vehiculelor \u2014 o camer\u0103 smart pentru siguran\u021ba locuin\u021bei tale \u00een orice condi\u021bii.<\/p>\n","protected":false},"featured_media":11946,"comment_status":"closed","ping_status":"closed","template":"","meta":[],"product_brand":[1576],"product_cat":[513,511],"product_tag":[1549,1250,1535,1593,1490],"class_list":{"0":"post-11957","1":"product","2":"type-product","3":"status-publish","4":"has-post-thumbnail","6":"product_brand-xiaomi","7":"product_cat-monitorizare-video","8":"product_cat-securitate","9":"product_tag-camera-exterioara","10":"product_tag-camera-smart","11":"product_tag-detectie-miscare","12":"product_tag-recunoastere-persoane","13":"product_tag-vedere-nocturna-color","15":"first","16":"instock","17":"shipping-taxable","18":"purchasable","19":"product-type-simple"},"aioseo_notices":[],"_links":{"self":[{"href":"https:\/\/ecodom.md\/ro\/wp-json\/wp\/v2\/product\/11957","targetHints":{"allow":["GET"]}}],"collection":[{"href":"https:\/\/ecodom.md\/ro\/wp-json\/wp\/v2\/product"}],"about":[{"href":"https:\/\/ecodom.md\/ro\/wp-json\/wp\/v2\/types\/product"}],"replies":[{"embeddable":true,"href":"https:\/\/ecodom.md\/ro\/wp-json\/wp\/v2\/comments?post=11957"}],"wp:featuredmedia":[{"embeddable":true,"href":"https:\/\/ecodom.md\/ro\/wp-json\/wp\/v2\/media\/11946"}],"wp:attachment":[{"href":"https:\/\/ecodom.md\/ro\/wp-json\/wp\/v2\/media?parent=11957"}],"wp:term":[{"taxonomy":"product_brand","embeddable":true,"href":"https:\/\/ecodom.md\/ro\/wp-json\/wp\/v2\/product_brand?post=11957"},{"taxonomy":"product_cat","embeddable":true,"href":"https:\/\/ecodom.md\/ro\/wp-json\/wp\/v2\/product_cat?post=11957"},{"taxonomy":"product_tag","embeddable":true,"href":"https:\/\/ecodom.md\/ro\/wp-json\/wp\/v2\/product_tag?post=11957"}],"curies":[{"name":"wp","href":"https:\/\/api.w.org\/{rel}","templated":true}]}}