{"id":11955,"date":"2025-07-21T20:01:27","date_gmt":"2025-07-21T18:01:27","guid":{"rendered":"https:\/\/ecodom.md\/?post_type=product&#038;p=11955"},"modified":"2025-07-21T20:06:54","modified_gmt":"2025-07-21T18:06:54","slug":"camera-de-supraveghere-exterioara-xiaomi-bw300-gri","status":"publish","type":"product","link":"https:\/\/ecodom.md\/ro\/cat\/camera-de-supraveghere-exterioara-xiaomi-bw300-gri\/","title":{"rendered":"Camer\u0103 de Supraveghere Exterioar\u0103 Xiaomi BW300, Gri"},"content":{"rendered":"<p><strong>Cu vedere nocturn\u0103 color<\/strong>, protec\u021bie IP67 \u0219i control vocal, aceast\u0103 camer\u0103 inteligent\u0103 de la Xiaomi ofer\u0103 siguran\u021b\u0103 de top \u00een orice condi\u021bii.<\/p>\n<p><strong>Caracteristici:<\/strong><br \/>\n<em>\ud83d\udcf9 Tip:<\/em> Camer\u0103 de re\u021bea, Securitate inteligent\u0103<br \/>\n<em>\ud83c\udfe0 Utilizare:<\/em> Exterior<br \/>\n<em>\ud83d\udca7 Grad de protec\u021bie:<\/em> IP67<br \/>\n<em>\ud83c\udfa8 Culoare:<\/em> Gri<br \/>\n<em>\ud83d\udd0d Rezolu\u021bie video:<\/em> 2560&#215;1440<br \/>\n<em>\ud83d\udd06 Diafragm\u0103:<\/em> 1.6<br \/>\n<em>\ud83c\udf19 Vedere nocturn\u0103:<\/em> Color<br \/>\n<em>\ud83d\udcf1 Compatibilitate:<\/em> Android, iOS<br \/>\n<em>\ud83c\udf99 Asisten\u021bi vocali:<\/em> Alexa, Google<br \/>\n<em>\ud83e\udde0 Func\u021bii software:<\/em> Senzor de mi\u0219care, asistent vocal, aplica\u021bie mobil\u0103, difuzor \u00eencorporat<br \/>\n<em>\ud83d\udce1 Wi-Fi:<\/em> 2.4GHz<\/p>\n","protected":false},"excerpt":{"rendered":"<p><strong>Cu vedere nocturn\u0103 color<\/strong>, protec\u021bie IP67 \u0219i control vocal, aceast\u0103 camer\u0103 inteligent\u0103 de la Xiaomi ofer\u0103 siguran\u021b\u0103 de top \u00een orice condi\u021bii.<\/p>\n","protected":false},"featured_media":11946,"comment_status":"closed","ping_status":"closed","template":"","meta":[],"product_brand":[1576],"product_cat":[513,511],"product_tag":[1591,1549,611,1490],"class_list":{"0":"post-11955","1":"product","2":"type-product","3":"status-publish","4":"has-post-thumbnail","6":"product_brand-xiaomi","7":"product_cat-monitorizare-video","8":"product_cat-securitate","9":"product_tag-camera-cu-difuzor","10":"product_tag-camera-exterioara","11":"product_tag-supraveghere-video","12":"product_tag-vedere-nocturna-color","14":"first","15":"instock","16":"shipping-taxable","17":"purchasable","18":"product-type-simple"},"aioseo_notices":[],"_links":{"self":[{"href":"https:\/\/ecodom.md\/ro\/wp-json\/wp\/v2\/product\/11955","targetHints":{"allow":["GET"]}}],"collection":[{"href":"https:\/\/ecodom.md\/ro\/wp-json\/wp\/v2\/product"}],"about":[{"href":"https:\/\/ecodom.md\/ro\/wp-json\/wp\/v2\/types\/product"}],"replies":[{"embeddable":true,"href":"https:\/\/ecodom.md\/ro\/wp-json\/wp\/v2\/comments?post=11955"}],"wp:featuredmedia":[{"embeddable":true,"href":"https:\/\/ecodom.md\/ro\/wp-json\/wp\/v2\/media\/11946"}],"wp:attachment":[{"href":"https:\/\/ecodom.md\/ro\/wp-json\/wp\/v2\/media?parent=11955"}],"wp:term":[{"taxonomy":"product_brand","embeddable":true,"href":"https:\/\/ecodom.md\/ro\/wp-json\/wp\/v2\/product_brand?post=11955"},{"taxonomy":"product_cat","embeddable":true,"href":"https:\/\/ecodom.md\/ro\/wp-json\/wp\/v2\/product_cat?post=11955"},{"taxonomy":"product_tag","embeddable":true,"href":"https:\/\/ecodom.md\/ro\/wp-json\/wp\/v2\/product_tag?post=11955"}],"curies":[{"name":"wp","href":"https:\/\/api.w.org\/{rel}","templated":true}]}}