{"id":11943,"date":"2025-07-21T19:46:28","date_gmt":"2025-07-21T17:46:28","guid":{"rendered":"https:\/\/ecodom.md\/?post_type=product&#038;p=11943"},"modified":"2025-07-21T19:51:34","modified_gmt":"2025-07-21T17:51:34","slug":"camera-de-supraveghere-exterioara-xiaomi-aw300-alba","status":"publish","type":"product","link":"https:\/\/ecodom.md\/ro\/cat\/camera-de-supraveghere-exterioara-xiaomi-aw300-alba\/","title":{"rendered":"Camer\u0103 de Supraveghere Exterioar\u0103 Xiaomi AW300, Alb\u0103"},"content":{"rendered":"<p><strong>Camer\u0103 de supraveghere<\/strong> exterioar\u0103 performant\u0103, cu rezolu\u021bie 2K, protec\u021bie IP66 \u0219i audio bidirec\u021bional. Ideal\u0103 pentru siguran\u021ba locuin\u021bei zi \u0219i noapte.<\/p>\n<p><strong>Caracteristici:<\/strong><br \/>\n<em>\ud83d\udcf9 Tip:<\/em> Camer\u0103 de re\u021bea, Securitate inteligent\u0103<br \/>\n<em>\ud83c\udfe0 Utilizare:<\/em> Exterior<br \/>\n<em>\ud83d\udca7 Grad de protec\u021bie:<\/em> IP66<br \/>\n<em>\ud83c\udfa8 Culoare:<\/em> Alb<br \/>\n<em>\ud83d\udd0d Rezolu\u021bie video:<\/em> 2304&#215;1296<br \/>\n<em>\ud83d\udccf Dimensiunea senzorului:<\/em> 1\/2.7&#8243;<br \/>\n<em>\ud83c\udf19 Vedere pe timp de noapte:<\/em> LED IR 850nm p\u00e2n\u0103 la 8 m<br \/>\n<em>\ud83c\udfa4 Audio:<\/em> Comunicare bidirec\u021bional\u0103 (microfon \u0219i difuzor integrate)<br \/>\n<em>\ud83d\udcbe Stocare:<\/em> 1x card SD<br \/>\n<em>\ud83d\udd0c Alimentare:<\/em> Adaptor inclus<br \/>\n<em>\ud83d\udcd0 Dimensiuni:<\/em> 17.3 \u00d7 7 \u00d7 7.5 cm<\/p>\n","protected":false},"excerpt":{"rendered":"<p><strong>Camer\u0103 de supraveghere<\/strong> exterioar\u0103 performant\u0103, cu rezolu\u021bie 2K, protec\u021bie IP66 \u0219i audio bidirec\u021bional. Ideal\u0103 pentru siguran\u021ba locuin\u021bei zi \u0219i noapte.<\/p>\n","protected":false},"featured_media":11936,"comment_status":"closed","ping_status":"closed","template":"","meta":[],"product_brand":[1576],"product_cat":[513,511],"product_tag":[1549,1530,611,1480,318],"class_list":{"0":"post-11943","1":"product","2":"type-product","3":"status-publish","4":"has-post-thumbnail","6":"product_brand-xiaomi","7":"product_cat-monitorizare-video","8":"product_cat-securitate","9":"product_tag-camera-exterioara","10":"product_tag-comunicare-bidirectionala","11":"product_tag-supraveghere-video","12":"product_tag-vedere-nocturna","13":"product_tag-xiaomi-2","15":"first","16":"instock","17":"shipping-taxable","18":"purchasable","19":"product-type-simple"},"aioseo_notices":[],"_links":{"self":[{"href":"https:\/\/ecodom.md\/ro\/wp-json\/wp\/v2\/product\/11943","targetHints":{"allow":["GET"]}}],"collection":[{"href":"https:\/\/ecodom.md\/ro\/wp-json\/wp\/v2\/product"}],"about":[{"href":"https:\/\/ecodom.md\/ro\/wp-json\/wp\/v2\/types\/product"}],"replies":[{"embeddable":true,"href":"https:\/\/ecodom.md\/ro\/wp-json\/wp\/v2\/comments?post=11943"}],"wp:featuredmedia":[{"embeddable":true,"href":"https:\/\/ecodom.md\/ro\/wp-json\/wp\/v2\/media\/11936"}],"wp:attachment":[{"href":"https:\/\/ecodom.md\/ro\/wp-json\/wp\/v2\/media?parent=11943"}],"wp:term":[{"taxonomy":"product_brand","embeddable":true,"href":"https:\/\/ecodom.md\/ro\/wp-json\/wp\/v2\/product_brand?post=11943"},{"taxonomy":"product_cat","embeddable":true,"href":"https:\/\/ecodom.md\/ro\/wp-json\/wp\/v2\/product_cat?post=11943"},{"taxonomy":"product_tag","embeddable":true,"href":"https:\/\/ecodom.md\/ro\/wp-json\/wp\/v2\/product_tag?post=11943"}],"curies":[{"name":"wp","href":"https:\/\/api.w.org\/{rel}","templated":true}]}}