{"id":11933,"date":"2025-07-21T19:25:05","date_gmt":"2025-07-21T17:25:05","guid":{"rendered":"https:\/\/ecodom.md\/?post_type=product&#038;p=11933"},"modified":"2025-07-21T19:29:13","modified_gmt":"2025-07-21T17:29:13","slug":"camera-de-supraveghere-pentru-exterior-xiaomi-aw200-alba","status":"publish","type":"product","link":"https:\/\/ecodom.md\/ro\/cat\/camera-de-supraveghere-pentru-exterior-xiaomi-aw200-alba\/","title":{"rendered":"Camer\u0103 de supraveghere pentru exterior Xiaomi AW200, Alb\u0103"},"content":{"rendered":"<p><strong>Camer\u0103 de supraveghere exterioar\u0103<\/strong> cu rezolu\u021bie Full HD, protec\u021bie IP65 \u0219i vedere nocturn\u0103 IR invizibil\u0103 (940nm). Suport\u0103 comunicare bidirec\u021bional\u0103 \u0219i detectare inteligent\u0103 a mi\u0219c\u0103rii \u0219i a persoanelor. Ideal\u0103 pentru cur\u021bi, por\u021bi sau zone de parcare.<\/p>\n<p><strong>Caracteristici tehnice:<\/strong><br \/>\n\ud83d\udcf8 Rezolu\u021bie Full HD (1920\u00d71080)<br \/>\n\ud83c\udf27 Protec\u021bie \u00eempotriva apei \u0219i prafului: IP65<br \/>\n\ud83c\udf19 Vedere nocturn\u0103 IR 940nm \u2014 lumin\u0103 invizibil\u0103<br \/>\n\ud83d\udd0a Comunicare bidirec\u021bional\u0103<br \/>\n\ud83e\udde0 Func\u021bii inteligente: detec\u021bie mi\u0219care, persoane<br \/>\n\ud83d\udcf1 Compatibilitate: Android 4.4+, iOS 9+<br \/>\n\ud83c\udf99 Compatibil\u0103 cu Alexa \u0219i Google Assistant<br \/>\n\ud83d\udcbe Suport microSD<br \/>\n\ud83d\udcf6 Wi-Fi: 2.4GHz<br \/>\n\ud83d\udd0c Alimentare prin adaptor<br \/>\n\ud83d\udccf Dimensiuni: 64 x 92 x 70 mm<\/p>\n","protected":false},"excerpt":{"rendered":"<p><strong>Camer\u0103 de supraveghere exterioar\u0103<\/strong> cu rezolu\u021bie Full HD, protec\u021bie IP65 \u0219i vedere nocturn\u0103 IR invizibil\u0103 (940nm). Suport\u0103 comunicare bidirec\u021bional\u0103 \u0219i detectare inteligent\u0103 a mi\u0219c\u0103rii \u0219i a persoanelor. Ideal\u0103 pentru cur\u021bi, por\u021bi sau zone de parcare.<\/p>\n","protected":false},"featured_media":11926,"comment_status":"closed","ping_status":"closed","template":"","meta":[],"product_brand":[1576],"product_cat":[513,511],"product_tag":[1438,1589,1577,1531],"class_list":{"0":"post-11933","1":"product","2":"type-product","3":"status-publish","4":"has-post-thumbnail","6":"product_brand-xiaomi","7":"product_cat-monitorizare-video","8":"product_cat-securitate","9":"product_tag-audio-bidirectional","10":"product_tag-camera-exterior-xiaomi","11":"product_tag-supraveghere","12":"product_tag-vedere-pe-timp-de-noapte","14":"first","15":"instock","16":"shipping-taxable","17":"purchasable","18":"product-type-simple"},"aioseo_notices":[],"_links":{"self":[{"href":"https:\/\/ecodom.md\/ro\/wp-json\/wp\/v2\/product\/11933","targetHints":{"allow":["GET"]}}],"collection":[{"href":"https:\/\/ecodom.md\/ro\/wp-json\/wp\/v2\/product"}],"about":[{"href":"https:\/\/ecodom.md\/ro\/wp-json\/wp\/v2\/types\/product"}],"replies":[{"embeddable":true,"href":"https:\/\/ecodom.md\/ro\/wp-json\/wp\/v2\/comments?post=11933"}],"wp:featuredmedia":[{"embeddable":true,"href":"https:\/\/ecodom.md\/ro\/wp-json\/wp\/v2\/media\/11926"}],"wp:attachment":[{"href":"https:\/\/ecodom.md\/ro\/wp-json\/wp\/v2\/media?parent=11933"}],"wp:term":[{"taxonomy":"product_brand","embeddable":true,"href":"https:\/\/ecodom.md\/ro\/wp-json\/wp\/v2\/product_brand?post=11933"},{"taxonomy":"product_cat","embeddable":true,"href":"https:\/\/ecodom.md\/ro\/wp-json\/wp\/v2\/product_cat?post=11933"},{"taxonomy":"product_tag","embeddable":true,"href":"https:\/\/ecodom.md\/ro\/wp-json\/wp\/v2\/product_tag?post=11933"}],"curies":[{"name":"wp","href":"https:\/\/api.w.org\/{rel}","templated":true}]}}