{"id":11908,"date":"2025-07-21T15:10:55","date_gmt":"2025-07-21T13:10:55","guid":{"rendered":"https:\/\/ecodom.md\/?post_type=product&#038;p=11908"},"modified":"2025-07-21T15:17:45","modified_gmt":"2025-07-21T13:17:45","slug":"camera-de-supraveghere-pentru-casa-xiaomi-c400-alba","status":"publish","type":"product","link":"https:\/\/ecodom.md\/ro\/cat\/camera-de-supraveghere-pentru-casa-xiaomi-c400-alba\/","title":{"rendered":"Camer\u0103 de supraveghere pentru cas\u0103 Xiaomi C400, Alb\u0103"},"content":{"rendered":"<p><strong>Modelul C400<\/strong> &#8211; ofer\u0103 o imagine detaliat\u0103 2K QHD, vedere nocturn\u0103 cu LED IR, audio bidirec\u021bional \u0219i compatibilitate cu Alexa \u0219i Google. Detecteaz\u0103 mi\u0219carea \u0219i recunoa\u0219te prezen\u021ba uman\u0103 \u2014 pentru o cas\u0103 mai sigur\u0103.<\/p>\n<p><strong>Caracteristici tehnice:<\/strong><br \/>\n\ud83d\udcf8 Rezolu\u021bie 2560\u00d71440 (2K QHD)<br \/>\n\ud83c\udf19 Viziune nocturn\u0103: LED IR 940nm<br \/>\n\ud83d\udd0a Comunicare audio bidirec\u021bional\u0103<br \/>\n\ud83e\udde0 Func\u021bii smart: detectare mi\u0219care, detectare persoane<br \/>\n\ud83d\udcf1 Compatibil\u0103 cu Alexa \u0219i Google<br \/>\n\ud83d\udcbe Suport microSD p\u00e2n\u0103 la 256 GB<br \/>\n\ud83d\udcf6 Wi-Fi 2.4 GHz<br \/>\n\ud83d\udccf Dimensiuni: 119 x 78 x 78 mm<\/p>\n","protected":false},"excerpt":{"rendered":"<p><strong>Modelul C400<\/strong> &#8211; ofer\u0103 o imagine detaliat\u0103 2K QHD, vedere nocturn\u0103 cu LED IR, audio bidirec\u021bional \u0219i compatibilitate cu Alexa \u0219i Google. Detecteaz\u0103 mi\u0219carea \u0219i recunoa\u0219te prezen\u021ba uman\u0103 \u2014 pentru o cas\u0103 mai sigur\u0103.<\/p>\n","protected":false},"featured_media":11899,"comment_status":"closed","ping_status":"closed","template":"","meta":[],"product_brand":[1576],"product_cat":[513,511],"product_tag":[1579,1345,1468],"class_list":{"0":"post-11908","1":"product","2":"type-product","3":"status-publish","4":"has-post-thumbnail","6":"product_brand-xiaomi","7":"product_cat-monitorizare-video","8":"product_cat-securitate","9":"product_tag-camera-xiaomi","10":"product_tag-detectare-miscare","11":"product_tag-vizibilitate-nocturna","13":"first","14":"instock","15":"shipping-taxable","16":"purchasable","17":"product-type-simple"},"aioseo_notices":[],"_links":{"self":[{"href":"https:\/\/ecodom.md\/ro\/wp-json\/wp\/v2\/product\/11908","targetHints":{"allow":["GET"]}}],"collection":[{"href":"https:\/\/ecodom.md\/ro\/wp-json\/wp\/v2\/product"}],"about":[{"href":"https:\/\/ecodom.md\/ro\/wp-json\/wp\/v2\/types\/product"}],"replies":[{"embeddable":true,"href":"https:\/\/ecodom.md\/ro\/wp-json\/wp\/v2\/comments?post=11908"}],"wp:featuredmedia":[{"embeddable":true,"href":"https:\/\/ecodom.md\/ro\/wp-json\/wp\/v2\/media\/11899"}],"wp:attachment":[{"href":"https:\/\/ecodom.md\/ro\/wp-json\/wp\/v2\/media?parent=11908"}],"wp:term":[{"taxonomy":"product_brand","embeddable":true,"href":"https:\/\/ecodom.md\/ro\/wp-json\/wp\/v2\/product_brand?post=11908"},{"taxonomy":"product_cat","embeddable":true,"href":"https:\/\/ecodom.md\/ro\/wp-json\/wp\/v2\/product_cat?post=11908"},{"taxonomy":"product_tag","embeddable":true,"href":"https:\/\/ecodom.md\/ro\/wp-json\/wp\/v2\/product_tag?post=11908"}],"curies":[{"name":"wp","href":"https:\/\/api.w.org\/{rel}","templated":true}]}}