{"id":11871,"date":"2025-07-21T14:02:14","date_gmt":"2025-07-21T12:02:14","guid":{"rendered":"https:\/\/ecodom.md\/?post_type=product&#038;p=11871"},"modified":"2025-07-21T14:18:15","modified_gmt":"2025-07-21T12:18:15","slug":"xiaomi-camera-inteligenta-2k","status":"publish","type":"product","link":"https:\/\/ecodom.md\/ro\/cat\/xiaomi-camera-inteligenta-2k\/","title":{"rendered":"Xiaomi \u2014 camer\u0103 inteligent\u0103 2K"},"content":{"rendered":"<p><strong>Camer\u0103 de supraveghere<\/strong> &#8211;\u00a0 de \u00eenalt\u0103 calitate cu rezolu\u021bie 2K \u0219i suport pentru Wi-Fi pe 2.4 GHz \u0219i 5 GHz. Datorit\u0103 func\u021biilor inteligente de detectare \u0219i vizibilit\u0103\u021bii nocturne discrete, camera ofer\u0103 siguran\u021b\u0103 \u0219i lini\u0219te \u00een orice moment al zilei. Ideal\u0103 pentru cas\u0103, birou sau monitorizarea copiilor\/pisicilor.<\/p>\n<p><strong>Caracteristici tehnice:<\/strong><br \/>\n\ud83d\udcf8 Rezolu\u021bie 2304\u00d71296 (2K)<br \/>\n\ud83c\udfa5 Diafragm\u0103 f\/1.6, distan\u021b\u0103 focal\u0103 6 mm<br \/>\n\ud83c\udf19 Viziune pe timp de noapte cu IR 940nm invizibil<br \/>\n\ud83d\udd0a Comunicare audio bidirec\u021bional\u0103<br \/>\n\ud83d\udcf1 Compatibilitate: Android 8.0+, iOS 12+<br \/>\n\ud83d\udcbe microSD p\u00e2n\u0103 la 256 GB<br \/>\n\ud83d\udcf6 Wi-Fi dual band: 2.4 GHz \u0219i 5 GHz<br \/>\n\ud83e\udd16 Compatibil\u0103 cu Alexa \u0219i Google<br \/>\n\ud83d\udccf Dimensiuni: 78 x 78 x 126 mm<\/p>\n","protected":false},"excerpt":{"rendered":"<p><strong>Camer\u0103 de supraveghere<\/strong> &#8211;\u00a0 de \u00eenalt\u0103 calitate cu rezolu\u021bie 2K \u0219i suport pentru Wi-Fi pe 2.4 GHz \u0219i 5 GHz. Datorit\u0103 func\u021biilor inteligente de detectare \u0219i vizibilit\u0103\u021bii nocturne discrete, camera ofer\u0103 siguran\u021b\u0103 \u0219i lini\u0219te \u00een orice moment al zilei. Ideal\u0103 pentru cas\u0103, birou sau monitorizarea copiilor\/pisicilor.<\/p>\n","protected":false},"featured_media":11864,"comment_status":"closed","ping_status":"closed","template":"","meta":[],"product_brand":[1576],"product_cat":[513,511],"product_tag":[1579,280,1535,1580,611,1450],"class_list":{"0":"post-11871","1":"product","2":"type-product","3":"status-publish","4":"has-post-thumbnail","6":"product_brand-xiaomi","7":"product_cat-monitorizare-video","8":"product_cat-securitate","9":"product_tag-camera-xiaomi","10":"product_tag-casa-inteligenta","11":"product_tag-detectie-miscare","12":"product_tag-supraveghere-smart","13":"product_tag-supraveghere-video","14":"product_tag-viziune-nocturna","16":"first","17":"instock","18":"shipping-taxable","19":"purchasable","20":"product-type-simple"},"aioseo_notices":[],"_links":{"self":[{"href":"https:\/\/ecodom.md\/ro\/wp-json\/wp\/v2\/product\/11871","targetHints":{"allow":["GET"]}}],"collection":[{"href":"https:\/\/ecodom.md\/ro\/wp-json\/wp\/v2\/product"}],"about":[{"href":"https:\/\/ecodom.md\/ro\/wp-json\/wp\/v2\/types\/product"}],"replies":[{"embeddable":true,"href":"https:\/\/ecodom.md\/ro\/wp-json\/wp\/v2\/comments?post=11871"}],"wp:featuredmedia":[{"embeddable":true,"href":"https:\/\/ecodom.md\/ro\/wp-json\/wp\/v2\/media\/11864"}],"wp:attachment":[{"href":"https:\/\/ecodom.md\/ro\/wp-json\/wp\/v2\/media?parent=11871"}],"wp:term":[{"taxonomy":"product_brand","embeddable":true,"href":"https:\/\/ecodom.md\/ro\/wp-json\/wp\/v2\/product_brand?post=11871"},{"taxonomy":"product_cat","embeddable":true,"href":"https:\/\/ecodom.md\/ro\/wp-json\/wp\/v2\/product_cat?post=11871"},{"taxonomy":"product_tag","embeddable":true,"href":"https:\/\/ecodom.md\/ro\/wp-json\/wp\/v2\/product_tag?post=11871"}],"curies":[{"name":"wp","href":"https:\/\/api.w.org\/{rel}","templated":true}]}}