{"id":11841,"date":"2025-07-21T12:41:18","date_gmt":"2025-07-21T10:41:18","guid":{"rendered":"https:\/\/ecodom.md\/?post_type=product&#038;p=11841"},"modified":"2025-07-21T12:48:10","modified_gmt":"2025-07-21T10:48:10","slug":"videointerfon-de-exterior-tp-link","status":"publish","type":"product","link":"https:\/\/ecodom.md\/ro\/cat\/videointerfon-de-exterior-tp-link\/","title":{"rendered":"Videointerfon de exterior TP-Link"},"content":{"rendered":"<p><strong>TAPO D230S1<\/strong> &#8211; este o sonerie video inteligent\u0103 cu rezolu\u021bie ultra clar\u0103 5 MP (2560\u00d71920), vedere nocturn\u0103 \u0219i audio bidirec\u021bional. Recunoa\u0219te mi\u0219carea, persoanele, animalele \u0219i vehiculele. Rezistent\u0103 la praf \u0219i stropi (IP64), se conecteaz\u0103 prin Wi-Fi sau Ethernet.<\/p>\n<p><strong>Caracteristici tehnice:<\/strong><\/p>\n<p><em>\ud83d\udcf8 Rezolu\u021bie:<\/em> 5 MP (2560\u00d71920)<br \/>\n<em>\ud83c\udf19 Viziune nocturn\u0103:<\/em> p\u00e2n\u0103 la 7 m<br \/>\n<em>\ud83d\udd0a Audio:<\/em> Comunicare bidirec\u021bional\u0103<br \/>\n<em>\ud83d\udcf2 Detectare:<\/em> mi\u0219care, persoane, animale, vehicule<br \/>\n<em>\ud83d\udcbe Suport:<\/em> microSD p\u00e2n\u0103 la 512 GB<br \/>\n<em>\ud83d\udcf6 Wi-Fi:<\/em> 2.4 GHz + Ethernet<br \/>\n<em>\ud83d\udee1\ufe0f Protec\u021bie:<\/em> IP64<br \/>\n<em>\ud83d\udcf1 Control prin aplica\u021bia:<\/em> Tapo<br \/>\n<em>\ud83e\udd16 Compatibilitate:<\/em> cu Alexa \u0219i Google<\/p>\n","protected":false},"excerpt":{"rendered":"<p><strong>TAPO D230S1<\/strong> &#8211; este o sonerie video inteligent\u0103 cu rezolu\u021bie ultra clar\u0103 5 MP (2560\u00d71920), vedere nocturn\u0103 \u0219i audio bidirec\u021bional. Recunoa\u0219te mi\u0219carea, persoanele, animalele \u0219i vehiculele. Rezistent\u0103 la praf \u0219i stropi (IP64), se conecteaz\u0103 prin Wi-Fi sau Ethernet.<\/p>\n","protected":false},"featured_media":11840,"comment_status":"closed","ping_status":"closed","template":"","meta":[],"product_brand":[1325],"product_cat":[513,511,512],"product_tag":[1535,1571,609,1450],"class_list":{"0":"post-11841","1":"product","2":"type-product","3":"status-publish","4":"has-post-thumbnail","6":"product_brand-tp-link","7":"product_cat-monitorizare-video","8":"product_cat-securitate","9":"product_cat-videointerfon","10":"product_tag-detectie-miscare","11":"product_tag-sonerie-video","12":"product_tag-videointerfon","13":"product_tag-viziune-nocturna","15":"first","16":"instock","17":"shipping-taxable","18":"purchasable","19":"product-type-simple"},"aioseo_notices":[],"_links":{"self":[{"href":"https:\/\/ecodom.md\/ro\/wp-json\/wp\/v2\/product\/11841","targetHints":{"allow":["GET"]}}],"collection":[{"href":"https:\/\/ecodom.md\/ro\/wp-json\/wp\/v2\/product"}],"about":[{"href":"https:\/\/ecodom.md\/ro\/wp-json\/wp\/v2\/types\/product"}],"replies":[{"embeddable":true,"href":"https:\/\/ecodom.md\/ro\/wp-json\/wp\/v2\/comments?post=11841"}],"wp:featuredmedia":[{"embeddable":true,"href":"https:\/\/ecodom.md\/ro\/wp-json\/wp\/v2\/media\/11840"}],"wp:attachment":[{"href":"https:\/\/ecodom.md\/ro\/wp-json\/wp\/v2\/media?parent=11841"}],"wp:term":[{"taxonomy":"product_brand","embeddable":true,"href":"https:\/\/ecodom.md\/ro\/wp-json\/wp\/v2\/product_brand?post=11841"},{"taxonomy":"product_cat","embeddable":true,"href":"https:\/\/ecodom.md\/ro\/wp-json\/wp\/v2\/product_cat?post=11841"},{"taxonomy":"product_tag","embeddable":true,"href":"https:\/\/ecodom.md\/ro\/wp-json\/wp\/v2\/product_tag?post=11841"}],"curies":[{"name":"wp","href":"https:\/\/api.w.org\/{rel}","templated":true}]}}