{"id":11835,"date":"2025-06-21T09:33:04","date_gmt":"2025-06-21T07:33:04","guid":{"rendered":"https:\/\/ecodom.md\/?post_type=product&#038;p=11835"},"modified":"2025-07-21T09:42:45","modified_gmt":"2025-07-21T07:42:45","slug":"tp-link-outdoor-tapo-d210-sonerie-video","status":"publish","type":"product","link":"https:\/\/ecodom.md\/ro\/cat\/tp-link-outdoor-tapo-d210-sonerie-video\/","title":{"rendered":"TP-Link Outdoor TAPO D210 \u2014 sonerie video"},"content":{"rendered":"<p><strong>Soneria inteligent\u0103<\/strong> &#8211; TAPO D210 ofer\u0103 imagine clar\u0103 \u00een 3 MP (2304\u00d71296) \u0219i detectare a mi\u0219c\u0103rii. Are vedere nocturn\u0103 de p\u00e2n\u0103 la 7 m, audio bidirec\u021bional, protec\u021bie IP65 \u0219i trimite notific\u0103ri cu capturi de ecran. Compatibil\u0103 cu Alexa \u0219i Google.<\/p>\n<p><strong>Caracteristici tehnice:<\/strong><br \/>\n<em>\ud83d\udcf8 Rezolu\u021bie:<\/em> 3 MP (2304\u00d71296)<br \/>\n<em>\ud83c\udf19 Vedere nocturn\u0103:<\/em> p\u00e2n\u0103 la 7 m<br \/>\n<em>\ud83d\udd0a Sunet:<\/em> Microfon \u0219i difuzor \u00eencorporat<br \/>\n<em>\ud83d\udcf2 Senzori:<\/em> de mi\u0219care, lumin\u0103, notific\u0103ri cu imagine<br \/>\n<em>\ud83d\udcbe Suport:<\/em> microSD p\u00e2n\u0103 la 512 GB<br \/>\n<em>\ud83d\udcf6 Wi-Fi:<\/em> 2.4 GHz<br \/>\n<em>\ud83d\udee1\ufe0f IP65<\/em> \u2014 rezistent\u0103 la intemperii<br \/>\n<em>\ud83e\udd16 Compatibilitate:<\/em> cu Alexa \u0219i Google<\/p>\n","protected":false},"excerpt":{"rendered":"<p><strong>Soneria inteligent\u0103<\/strong> &#8211; TAPO D210 ofer\u0103 imagine clar\u0103 \u00een 3 MP (2304\u00d71296) \u0219i detectare a mi\u0219c\u0103rii. Are vedere nocturn\u0103 de p\u00e2n\u0103 la 7 m, audio bidirec\u021bional, protec\u021bie IP65 \u0219i trimite notific\u0103ri cu capturi de ecran. Compatibil\u0103 cu Alexa \u0219i Google.<\/p>\n","protected":false},"featured_media":11834,"comment_status":"closed","ping_status":"closed","template":"","meta":[],"product_brand":[1325],"product_cat":[513,511,512],"product_tag":[1438,1572,1571,1480,609],"class_list":{"0":"post-11835","1":"product","2":"type-product","3":"status-publish","4":"has-post-thumbnail","6":"product_brand-tp-link","7":"product_cat-monitorizare-video","8":"product_cat-securitate","9":"product_cat-videointerfon","10":"product_tag-audio-bidirectional","11":"product_tag-camera-usa","12":"product_tag-sonerie-video","13":"product_tag-vedere-nocturna","14":"product_tag-videointerfon","16":"first","17":"instock","18":"shipping-taxable","19":"purchasable","20":"product-type-simple"},"aioseo_notices":[],"_links":{"self":[{"href":"https:\/\/ecodom.md\/ro\/wp-json\/wp\/v2\/product\/11835","targetHints":{"allow":["GET"]}}],"collection":[{"href":"https:\/\/ecodom.md\/ro\/wp-json\/wp\/v2\/product"}],"about":[{"href":"https:\/\/ecodom.md\/ro\/wp-json\/wp\/v2\/types\/product"}],"replies":[{"embeddable":true,"href":"https:\/\/ecodom.md\/ro\/wp-json\/wp\/v2\/comments?post=11835"}],"wp:featuredmedia":[{"embeddable":true,"href":"https:\/\/ecodom.md\/ro\/wp-json\/wp\/v2\/media\/11834"}],"wp:attachment":[{"href":"https:\/\/ecodom.md\/ro\/wp-json\/wp\/v2\/media?parent=11835"}],"wp:term":[{"taxonomy":"product_brand","embeddable":true,"href":"https:\/\/ecodom.md\/ro\/wp-json\/wp\/v2\/product_brand?post=11835"},{"taxonomy":"product_cat","embeddable":true,"href":"https:\/\/ecodom.md\/ro\/wp-json\/wp\/v2\/product_cat?post=11835"},{"taxonomy":"product_tag","embeddable":true,"href":"https:\/\/ecodom.md\/ro\/wp-json\/wp\/v2\/product_tag?post=11835"}],"curies":[{"name":"wp","href":"https:\/\/api.w.org\/{rel}","templated":true}]}}