{"id":11808,"date":"2025-07-18T12:11:05","date_gmt":"2025-07-18T10:11:05","guid":{"rendered":"https:\/\/ecodom.md\/?post_type=product&#038;p=11808"},"modified":"2025-07-18T12:16:43","modified_gmt":"2025-07-18T10:16:43","slug":"tp-link-outdoor-tapo-c510w-3-mp","status":"publish","type":"product","link":"https:\/\/ecodom.md\/ro\/cat\/tp-link-outdoor-tapo-c510w-3-mp\/","title":{"rendered":"TP-Link Outdoor TAPO C510W \u2014 3 MP"},"content":{"rendered":"<p><strong>Camer\u0103 de exterior rotativ\u0103<\/strong> cu vedere nocturn\u0103 color p\u00e2n\u0103 la 30 m \u0219i rezolu\u021bie 2304\u00d71296. Echipat\u0103 cu microfon \u0219i difuzor \u00eencorporate pentru audio bidirec\u021bional, suport\u0103 detectarea mi\u0219c\u0103rii \u0219i persoanelor. Stocare pe microSD p\u00e2n\u0103 la 512 GB, protec\u021bie IP65 \u0219i control prin aplica\u021bia Tapo.<\/p>\n<p><strong>Caracteristici tehnice:<\/strong><br \/>\n<em>\ud83d\udcf8 Rezolu\u021bie:<\/em> 2304\u00d71296 (3 MP)<br \/>\n<em>\ud83c\udf19 Vedere nocturn\u0103<\/em> color IR 850nm p\u00e2n\u0103 la 30 m<br \/>\n<em>\ud83d\udd04 Rotire \u0219i \u00eenclinare<\/em> pentru acoperire complet\u0103<br \/>\n<em>\ud83c\udfa4 Audio<\/em> bidirec\u021bional<br \/>\n<em>\ud83d\udea8 Detectare<\/em> mi\u0219care \u0219i persoane<br \/>\n<em>\ud83d\udcbe MicroSD<\/em> p\u00e2n\u0103 la 512 GB<br \/>\n<em>\ud83d\udcf6 Wi-Fi<\/em> 2.4 GHz<br \/>\n<em>\ud83d\udee1\ufe0f Protec\u021bie IP65<\/em> \u2014 rezistent\u0103 la intemperii<br \/>\n<em>\ud83d\udcd0 Dimensiuni:<\/em> 123.8 \u00d7 123 \u00d7 90 mm<\/p>\n","protected":false},"excerpt":{"rendered":"<p><strong>Camer\u0103 de exterior rotativ\u0103<\/strong> cu vedere nocturn\u0103 color p\u00e2n\u0103 la 30 m \u0219i rezolu\u021bie 2304\u00d71296. Echipat\u0103 cu microfon \u0219i difuzor \u00eencorporate pentru audio bidirec\u021bional, suport\u0103 detectarea mi\u0219c\u0103rii \u0219i persoanelor. Stocare pe microSD p\u00e2n\u0103 la 512 GB, protec\u021bie IP65 \u0219i control prin aplica\u021bia Tapo.<\/p>\n","protected":false},"featured_media":11807,"comment_status":"closed","ping_status":"closed","template":"","meta":[],"product_brand":[1325],"product_cat":[513,511],"product_tag":[1479,1476,1490],"class_list":{"0":"post-11808","1":"product","2":"type-product","3":"status-publish","4":"has-post-thumbnail","6":"product_brand-tp-link","7":"product_cat-monitorizare-video","8":"product_cat-securitate","9":"product_tag-camera-exterior","10":"product_tag-camera-rotativa","11":"product_tag-vedere-nocturna-color","13":"first","14":"instock","15":"shipping-taxable","16":"purchasable","17":"product-type-simple"},"aioseo_notices":[],"_links":{"self":[{"href":"https:\/\/ecodom.md\/ro\/wp-json\/wp\/v2\/product\/11808","targetHints":{"allow":["GET"]}}],"collection":[{"href":"https:\/\/ecodom.md\/ro\/wp-json\/wp\/v2\/product"}],"about":[{"href":"https:\/\/ecodom.md\/ro\/wp-json\/wp\/v2\/types\/product"}],"replies":[{"embeddable":true,"href":"https:\/\/ecodom.md\/ro\/wp-json\/wp\/v2\/comments?post=11808"}],"wp:featuredmedia":[{"embeddable":true,"href":"https:\/\/ecodom.md\/ro\/wp-json\/wp\/v2\/media\/11807"}],"wp:attachment":[{"href":"https:\/\/ecodom.md\/ro\/wp-json\/wp\/v2\/media?parent=11808"}],"wp:term":[{"taxonomy":"product_brand","embeddable":true,"href":"https:\/\/ecodom.md\/ro\/wp-json\/wp\/v2\/product_brand?post=11808"},{"taxonomy":"product_cat","embeddable":true,"href":"https:\/\/ecodom.md\/ro\/wp-json\/wp\/v2\/product_cat?post=11808"},{"taxonomy":"product_tag","embeddable":true,"href":"https:\/\/ecodom.md\/ro\/wp-json\/wp\/v2\/product_tag?post=11808"}],"curies":[{"name":"wp","href":"https:\/\/api.w.org\/{rel}","templated":true}]}}