{"id":11792,"date":"2025-07-18T09:38:57","date_gmt":"2025-07-18T07:38:57","guid":{"rendered":"https:\/\/ecodom.md\/?post_type=product&#038;p=11792"},"modified":"2025-07-18T10:03:27","modified_gmt":"2025-07-18T08:03:27","slug":"tp-link-camera-exterioara-tapo-c425-kit-4-mp-cu-baterie","status":"publish","type":"product","link":"https:\/\/ecodom.md\/ro\/cat\/tp-link-camera-exterioara-tapo-c425-kit-4-mp-cu-baterie\/","title":{"rendered":"TP-Link Camer\u0103 Exterioar\u0103 TAPO C425 KIT, 4 MP, cu baterie"},"content":{"rendered":"<p><strong>Camer\u0103 wireless de exterior cu rezolu\u021bie \u00eenalt\u0103 \u0219i vedere nocturn\u0103 p\u00e2n\u0103 la 15 m<\/strong> \u2014 ideal\u0103 pentru supraveghere sigur\u0103 \u00een orice condi\u021bii. Recunoa\u0219te mi\u0219carea, persoane, animale \u0219i vehicule, \u0219i se controleaz\u0103 u\u0219or prin aplica\u021bia Tapo sau asisten\u021bi vocali.<\/p>\n<p><strong>Caractersitici tehnice:<\/strong><br \/>\n<em>\ud83d\udcf8 Rezolu\u021bie:<\/em> 2560 \u00d7 1440 (4 MP)<br \/>\n<em>\ud83c\udf19 Vedere nocturn\u0103:<\/em> LED IR 850nm p\u00e2n\u0103 la 15 m<br \/>\n<em>\ud83d\udd0b Alimentare:<\/em> baterie<br \/>\n<em>\ud83d\udd0a Audio bidirec\u021bional:<\/em> microfon \u0219i difuzor integrate<br \/>\n<em>\ud83d\udc41\ufe0f Detec\u021bie:<\/em> mi\u0219care, persoane, animale, vehicule<br \/>\n<em>\ud83d\udcf1 Aplica\u021bia<\/em> Tapo, compatibil\u0103 cu Alexa \u0219i Google<br \/>\n<em>\ud83d\udcbe Suport<\/em> pentru microSD<br \/>\n<em>\ud83d\udcf6 Wi-Fi<\/em> 2.4 GHz<br \/>\n<em>\ud83d\udee1\ufe0f Protec\u021bie IP66<\/em> \u2014 rezistent\u0103 la intemperii<br \/>\n<em>\ud83d\udccf Dimensiuni:<\/em> 173.42 \u00d7 120.42 \u00d7 15.7 mm<\/p>\n","protected":false},"excerpt":{"rendered":"<p><strong>Camer\u0103 wireless de exterior cu rezolu\u021bie \u00eenalt\u0103 \u0219i vedere nocturn\u0103 p\u00e2n\u0103 la 15 m<\/strong> \u2014 ideal\u0103 pentru supraveghere sigur\u0103 \u00een orice condi\u021bii. Recunoa\u0219te mi\u0219carea, persoane, animale \u0219i vehicule, \u0219i se controleaz\u0103 u\u0219or prin aplica\u021bia Tapo sau asisten\u021bi vocali.<\/p>\n","protected":false},"featured_media":11791,"comment_status":"closed","ping_status":"closed","template":"","meta":[],"product_brand":[1325],"product_cat":[513,511],"product_tag":[1561,560,1563,1480],"class_list":{"0":"post-11792","1":"product","2":"type-product","3":"status-publish","4":"has-post-thumbnail","6":"product_brand-tp-link","7":"product_cat-monitorizare-video","8":"product_cat-securitate","9":"product_tag-camera-cu-baterie","10":"product_tag-camera-wi-fi","11":"product_tag-supraveghere-exterior","12":"product_tag-vedere-nocturna","14":"first","15":"instock","16":"shipping-taxable","17":"purchasable","18":"product-type-simple"},"aioseo_notices":[],"_links":{"self":[{"href":"https:\/\/ecodom.md\/ro\/wp-json\/wp\/v2\/product\/11792","targetHints":{"allow":["GET"]}}],"collection":[{"href":"https:\/\/ecodom.md\/ro\/wp-json\/wp\/v2\/product"}],"about":[{"href":"https:\/\/ecodom.md\/ro\/wp-json\/wp\/v2\/types\/product"}],"replies":[{"embeddable":true,"href":"https:\/\/ecodom.md\/ro\/wp-json\/wp\/v2\/comments?post=11792"}],"wp:featuredmedia":[{"embeddable":true,"href":"https:\/\/ecodom.md\/ro\/wp-json\/wp\/v2\/media\/11791"}],"wp:attachment":[{"href":"https:\/\/ecodom.md\/ro\/wp-json\/wp\/v2\/media?parent=11792"}],"wp:term":[{"taxonomy":"product_brand","embeddable":true,"href":"https:\/\/ecodom.md\/ro\/wp-json\/wp\/v2\/product_brand?post=11792"},{"taxonomy":"product_cat","embeddable":true,"href":"https:\/\/ecodom.md\/ro\/wp-json\/wp\/v2\/product_cat?post=11792"},{"taxonomy":"product_tag","embeddable":true,"href":"https:\/\/ecodom.md\/ro\/wp-json\/wp\/v2\/product_tag?post=11792"}],"curies":[{"name":"wp","href":"https:\/\/api.w.org\/{rel}","templated":true}]}}