{"id":11770,"date":"2025-07-17T20:03:29","date_gmt":"2025-07-17T18:03:29","guid":{"rendered":"https:\/\/ecodom.md\/?post_type=product&#038;p=11770"},"modified":"2025-07-17T20:12:59","modified_gmt":"2025-07-17T18:12:59","slug":"tp-link-camera-de-supraveghere-exterioara-tapo-c325wb-4-mp","status":"publish","type":"product","link":"https:\/\/ecodom.md\/ro\/cat\/tp-link-camera-de-supraveghere-exterioara-tapo-c325wb-4-mp\/","title":{"rendered":"TP-Link Camer\u0103 de Supraveghere Exterioar\u0103 TAPO C325WB, 4 MP"},"content":{"rendered":"<p><strong>Camer\u0103 de exterior<\/strong> inteligent\u0103 cu tehnologie ColorPro pentru vedere color pe timp de noapte, rezolu\u021bie ultra-clar\u0103 \u0219i detec\u021bie avansat\u0103 \u2014 siguran\u021b\u0103 complet\u0103 pentru casa ta, zi \u0219i noapte.<\/p>\n<p><strong>Caracteristici tehnice:<\/strong><br \/>\n<em>\ud83d\udcf8 Rezolu\u021bie video:<\/em> 2688\u00d71520 (4 MP)<br \/>\n<em>\ud83c\udf19 Vedere nocturn\u0103 color:<\/em> tehnologie ColorPro<br \/>\n<em>\ud83d\udc40 Detec\u021bie:<\/em> mi\u0219care, persoane, animale, vehicule<br \/>\n<em>\ud83d\udd0a Audio bidirec\u021bional:<\/em> microfon \u0219i difuzor<br \/>\n<em>\ud83d\udcf1 Aplica\u021bia Tapo, compatibilitate:<\/em> Alexa, Google Assistant<br \/>\n<em>\ud83d\udcbe Stocare:<\/em> microSD p\u00e2n\u0103 la 512 GB<br \/>\n<em>\ud83d\udcf6 Conectivitate:<\/em> Wi-Fi 2.4 GHz, LAN (RJ-45)<br \/>\n<em>\u2614 Protec\u021bie:<\/em> IP66 \u2014 rezisten\u021b\u0103 la ap\u0103 \u0219i praf<br \/>\n<em>\u26a1 Alimentare:<\/em> adaptor 100\u2013240 V<br \/>\n<em>\ud83d\udccf Dimensiuni:<\/em> 148.7 \u00d7 137.9 \u00d7 90.4 mm<\/p>\n","protected":false},"excerpt":{"rendered":"<p><strong>Camer\u0103 de exterior inteligent\u0103<\/strong> cu tehnologie ColorPro pentru vedere color pe timp de noapte, rezolu\u021bie ultra-clar\u0103 \u0219i detec\u021bie avansat\u0103 \u2014 siguran\u021b\u0103 complet\u0103 pentru casa ta, zi \u0219i noapte.<\/p>\n","protected":false},"featured_media":11767,"comment_status":"closed","ping_status":"closed","template":"","meta":[],"product_brand":[1325],"product_cat":[513,511],"product_tag":[1553,1549,560,611,1552],"class_list":{"0":"post-11770","1":"product","2":"type-product","3":"status-publish","4":"has-post-thumbnail","6":"product_brand-tp-link","7":"product_cat-monitorizare-video","8":"product_cat-securitate","9":"product_tag-camera-cu-microfon","10":"product_tag-camera-exterioara","11":"product_tag-camera-wi-fi","12":"product_tag-supraveghere-video","13":"product_tag-vedere-color-noaptea","15":"first","16":"instock","17":"shipping-taxable","18":"purchasable","19":"product-type-simple"},"aioseo_notices":[],"_links":{"self":[{"href":"https:\/\/ecodom.md\/ro\/wp-json\/wp\/v2\/product\/11770","targetHints":{"allow":["GET"]}}],"collection":[{"href":"https:\/\/ecodom.md\/ro\/wp-json\/wp\/v2\/product"}],"about":[{"href":"https:\/\/ecodom.md\/ro\/wp-json\/wp\/v2\/types\/product"}],"replies":[{"embeddable":true,"href":"https:\/\/ecodom.md\/ro\/wp-json\/wp\/v2\/comments?post=11770"}],"wp:featuredmedia":[{"embeddable":true,"href":"https:\/\/ecodom.md\/ro\/wp-json\/wp\/v2\/media\/11767"}],"wp:attachment":[{"href":"https:\/\/ecodom.md\/ro\/wp-json\/wp\/v2\/media?parent=11770"}],"wp:term":[{"taxonomy":"product_brand","embeddable":true,"href":"https:\/\/ecodom.md\/ro\/wp-json\/wp\/v2\/product_brand?post=11770"},{"taxonomy":"product_cat","embeddable":true,"href":"https:\/\/ecodom.md\/ro\/wp-json\/wp\/v2\/product_cat?post=11770"},{"taxonomy":"product_tag","embeddable":true,"href":"https:\/\/ecodom.md\/ro\/wp-json\/wp\/v2\/product_tag?post=11770"}],"curies":[{"name":"wp","href":"https:\/\/api.w.org\/{rel}","templated":true}]}}